{"id":68248,"date":"2023-01-13T14:29:46","date_gmt":"2023-01-13T14:29:46","guid":{"rendered":"https:\/\/www.mysexualfantasy.eu\/?post_type=product&#038;p=68248"},"modified":"2023-12-06T17:25:59","modified_gmt":"2023-12-06T17:25:59","slug":"obsessive-cecilla-chemise-s-m","status":"publish","type":"product","link":"https:\/\/www.mysexualfantasy.eu\/en\/product\/obsessive-cecilla-chemise-s-m\/","title":{"rendered":"OBSESSIVE &#8211; CECILLA CHEMISE S\/M"},"content":{"rendered":"<p>Basta con ver esta sensual belleza negra. Te lo mereces porque sabemos que lo hiciste&#8230; travieso. La qu\u00edmica Cecilla atrae la atenci\u00f3n con hermosos encajes. Estimula los pensamientos picantes, seduce y calienta el ambiente. Esta lencer\u00eda es una invitaci\u00f3n agradable para que usted y su novio pasen noches encantadoras juntos.<\/p>\n<p>Caracter\u00edsticas:<\/p>\n<ul>\n<li>Chemise Cecilla\u00a0<\/li>\n<li>El conjunto incluye una chemise y un tanga<\/li>\n<li>Cl\u00e1sico, chemise negro<\/li>\n<li>Correas ajustables<\/li>\n<li>La parte superior de encaje enfatiza perfectamente los senos<\/li>\n<li>Hermoso, patr\u00f3n de encajes, se ve a trav\u00e9s de ellos\u00a0 gran dise\u00f1o<\/li>\n<li>Decoraci\u00f3n brillante entre los pechos<\/li>\n<li>Material agradable y flexible (90% poliamida, 10% elastano)<\/li>\n<li>Tama\u00f1o: S\/M<\/li>\n<\/ul>\n<p 1.5=\"\" color:=\"\" font-size:=\"\" line-height:=\"\" margin-top:=\"\" roboto=\"\" style=\"box-sizing: border-box;\">\u00a1Obsessive significa inspiraci\u00f3n en la mujer!\u00a0 Elegancia, sensualidad, amor a la costura&#8230;.significa mucho para la mujer, pocos son los adjetivos que pueden calificar a Obsessive, donde una labor de a\u00f1os han conseguido unir la mejor relaci\u00f3n calidad-precio.<\/p>\n<p 1.5=\"\" color:=\"\" font-size:=\"\" line-height:=\"\" margin-top:=\"\" roboto=\"\" style=\"box-sizing: border-box;\">\u00a1L\u00edderes mundiales en lencer\u00eda, nadie lo hace mejor!<\/p>\n<p>\u00a0<\/p>\n<p style=\"text-align: center;\"><img decoding=\"async\" src=\"https:\/\/store.dreamlove.es\/UserFiles\/images\/SIZES.png\" \/><\/p>","protected":false},"excerpt":{"rendered":"<p>OBSESSIVE &#8211; CECILLA CHEMISE S\/M<\/p>","protected":false},"featured_media":68250,"comment_status":"open","ping_status":"closed","template":"","meta":{"_monsterinsights_skip_tracking":false,"_monsterinsights_sitenote_active":false,"_monsterinsights_sitenote_note":"","_monsterinsights_sitenote_category":0,"_joinchat":[]},"product_brand":[],"product_cat":[1284,1196,1199,1166,148],"product_tag":[],"class_list":{"0":"post-68248","1":"product","2":"type-product","3":"status-publish","4":"has-post-thumbnail","6":"product_cat-moda-lencerialenceria-mujerlenceria-sexycamisones","7":"product_cat-moda-lencerialenceria-mujer","8":"product_cat-moda-lencerialenceria-mujerlenceria-sexy","9":"product_cat-moda-lenceria","10":"product_cat-ofertas","11":"yith_product_brand-obsessive","12":"yith_product_brand-obsessiveobsessive-chemise","14":"first","15":"outofstock","16":"taxable","17":"shipping-taxable","18":"product-type-variable"},"aioseo_notices":[],"_links":{"self":[{"href":"https:\/\/www.mysexualfantasy.eu\/en\/wp-json\/wp\/v2\/product\/68248","targetHints":{"allow":["GET"]}}],"collection":[{"href":"https:\/\/www.mysexualfantasy.eu\/en\/wp-json\/wp\/v2\/product"}],"about":[{"href":"https:\/\/www.mysexualfantasy.eu\/en\/wp-json\/wp\/v2\/types\/product"}],"replies":[{"embeddable":true,"href":"https:\/\/www.mysexualfantasy.eu\/en\/wp-json\/wp\/v2\/comments?post=68248"}],"wp:featuredmedia":[{"embeddable":true,"href":"https:\/\/www.mysexualfantasy.eu\/en\/wp-json\/wp\/v2\/media\/68250"}],"wp:attachment":[{"href":"https:\/\/www.mysexualfantasy.eu\/en\/wp-json\/wp\/v2\/media?parent=68248"}],"wp:term":[{"taxonomy":"product_brand","embeddable":true,"href":"https:\/\/www.mysexualfantasy.eu\/en\/wp-json\/wp\/v2\/product_brand?post=68248"},{"taxonomy":"product_cat","embeddable":true,"href":"https:\/\/www.mysexualfantasy.eu\/en\/wp-json\/wp\/v2\/product_cat?post=68248"},{"taxonomy":"product_tag","embeddable":true,"href":"https:\/\/www.mysexualfantasy.eu\/en\/wp-json\/wp\/v2\/product_tag?post=68248"}],"curies":[{"name":"wp","href":"https:\/\/api.w.org\/{rel}","templated":true}]}}