{"id":68354,"date":"2023-01-13T14:30:13","date_gmt":"2023-01-13T14:30:13","guid":{"rendered":"https:\/\/www.mysexualfantasy.eu\/?post_type=product&#038;p=68354"},"modified":"2023-12-06T17:27:16","modified_gmt":"2023-12-06T17:27:16","slug":"obsessive-estiqua-chemise-xs-s","status":"publish","type":"product","link":"https:\/\/www.mysexualfantasy.eu\/en\/product\/obsessive-estiqua-chemise-xs-s\/","title":{"rendered":"OBSESSIVE &#8211; ESTIQUA CHEMISE XS\/S"},"content":{"rendered":"<p>Elegante y llena de sex-appeal: esta camisola de la colecci\u00f3n Estiqua seduce con su singular corte largo y su delicadeza. Perm\u00edtete realizar tus fantas\u00edas m\u00e1s \u00edntimas en los brazos de tu amado, envolviendo tu cuerpo en un material sexy y sensual. Le gustar\u00eda probarlo?<\/p>\n<p>Descubre m\u00e1s detalles:<\/p>\n<p>-camisa larga y elegante de Estiqua<\/p>\n<p>-parte inferior asim\u00e9trica: \u00a1un look \u00fanico!<\/p>\n<p>-posibilidad de ajustar las correas &#8211; un ajuste perfecto<\/p>\n<p>&#8211; material ligeramente transl\u00facido &#8211; tienta e intriga<\/p>\n<p>&#8211; encaje elegante: adorna el escote y la parte inferior de la camisola<\/p>\n<p>-colgante de joyer\u00eda en la cintura &#8211; agrega encanto<\/p>\n<p>&#8211; parte trasera expuesta  un elemento que llama la atenci\u00f3n<\/p>\n<p>-material agradable y agradable al tacto ( 90% poliamida, 10% elastano)<\/p>\n<p>\u00a1Obsessive significa inspiraci\u00f3n!\u00a0 Elegancia, sensualidad, amor a la costura&#8230;.significa mucho para la mujer, pocos son los adjetivos que pueden calificar a Obsessive, donde una labor de a\u00f1os\u00a0ha\u00a0conseguido unir la mejor relaci\u00f3n calidad-precio.<\/p>\n<p>\u00a1L\u00edderes mundiales en lencer\u00eda, nadie lo hace mejor!<\/p>\n<p><img decoding=\"async\" alt=\"\" src=\"https:\/\/interno.dreamlove.es\/UserFiles\/images\/SIZE%20CHART%20OBSESSIVE.jpg\" style=\"width: 900px; height: 900px; float: center;\" \/><\/p>","protected":false},"excerpt":{"rendered":"<p>OBSESSIVE &#8211; ESTIQUA CHEMISE XS\/S<\/p>","protected":false},"featured_media":68356,"comment_status":"open","ping_status":"closed","template":"","meta":{"_monsterinsights_skip_tracking":false,"_monsterinsights_sitenote_active":false,"_monsterinsights_sitenote_note":"","_monsterinsights_sitenote_category":0,"_joinchat":[]},"product_brand":[],"product_cat":[1196,1197,1166,1451],"product_tag":[],"class_list":{"0":"post-68354","1":"product","2":"type-product","3":"status-publish","4":"has-post-thumbnail","6":"product_cat-moda-lencerialenceria-mujer","7":"product_cat-moda-lencerialenceria-mujerlenceria-picante","8":"product_cat-moda-lenceria","9":"product_cat-moda-lencerialenceria-mujerlenceria-picantevestidos-sexys","10":"yith_product_brand-obsessive","11":"yith_product_brand-obsessiveobsessive-chemise","13":"first","14":"instock","15":"taxable","16":"shipping-taxable","17":"purchasable","18":"product-type-variable"},"aioseo_notices":[],"_links":{"self":[{"href":"https:\/\/www.mysexualfantasy.eu\/en\/wp-json\/wp\/v2\/product\/68354","targetHints":{"allow":["GET"]}}],"collection":[{"href":"https:\/\/www.mysexualfantasy.eu\/en\/wp-json\/wp\/v2\/product"}],"about":[{"href":"https:\/\/www.mysexualfantasy.eu\/en\/wp-json\/wp\/v2\/types\/product"}],"replies":[{"embeddable":true,"href":"https:\/\/www.mysexualfantasy.eu\/en\/wp-json\/wp\/v2\/comments?post=68354"}],"wp:featuredmedia":[{"embeddable":true,"href":"https:\/\/www.mysexualfantasy.eu\/en\/wp-json\/wp\/v2\/media\/68356"}],"wp:attachment":[{"href":"https:\/\/www.mysexualfantasy.eu\/en\/wp-json\/wp\/v2\/media?parent=68354"}],"wp:term":[{"taxonomy":"product_brand","embeddable":true,"href":"https:\/\/www.mysexualfantasy.eu\/en\/wp-json\/wp\/v2\/product_brand?post=68354"},{"taxonomy":"product_cat","embeddable":true,"href":"https:\/\/www.mysexualfantasy.eu\/en\/wp-json\/wp\/v2\/product_cat?post=68354"},{"taxonomy":"product_tag","embeddable":true,"href":"https:\/\/www.mysexualfantasy.eu\/en\/wp-json\/wp\/v2\/product_tag?post=68354"}],"curies":[{"name":"wp","href":"https:\/\/api.w.org\/{rel}","templated":true}]}}