{"id":68365,"date":"2023-01-13T14:30:15","date_gmt":"2023-01-13T14:30:15","guid":{"rendered":"https:\/\/www.mysexualfantasy.eu\/?post_type=product&#038;p=68365"},"modified":"2023-12-06T17:26:09","modified_gmt":"2023-12-06T17:26:09","slug":"obsessive-amor-cherris-chemise-y-tanga-s-m","status":"publish","type":"product","link":"https:\/\/www.mysexualfantasy.eu\/en\/product\/obsessive-amor-cherris-chemise-y-tanga-s-m\/","title":{"rendered":"OBSESSIVE &#8211; AMOR CHERRIS CHEMISE Y TANGA S\/M"},"content":{"rendered":"<p>\u00a1Esta camisola caliente, femenina y extremadamente tentadora de la colecci\u00f3n Amor Cherris te enamorar\u00e1 a primera vista! La delicadeza del encaje y la elegancia cl\u00e1sica envolver\u00e1n tu cuerpo de placer, y el jugoso rojo subir\u00e1 la temperatura de la noche. Te animas a probarlo?<\/p>\n<p>Descubre m\u00e1s detalles:<\/p>\n<p>&#8211; camisola Amor Cherris rojo sangre en conjunto con tanga<\/p>\n<p>&#8211; encaje femenino &#8211; a\u00f1ade elegancia<\/p>\n<p>&#8211; corte sensual  enfatiza la forma de la figura<\/p>\n<p>&#8211; Tirantes ajustables decorados: un ajuste perfecto<\/p>\n<p>&#8211; sujetador con aros &#8211; hermosa apariencia del busto<\/p>\n<p>&#8211; cierre ajustable en la espalda &#8211; comodidad y conveniencia<\/p>\n<p>&#8211; decoraci\u00f3n de bisuter\u00eda en el busto: un complemento encantador<\/p>\n<p>&#8211; material agradable y delicado (95% poli\u00e9ster, 5% elastano)<\/p>\n<p>\u00a1Obsessive significa inspiraci\u00f3n!\u00a0 Elegancia, sensualidad, amor a la costura&#8230;.significa mucho para la mujer, pocos son los adjetivos que pueden calificar a Obsessive, donde una labor de a\u00f1os\u00a0ha\u00a0conseguido unir la mejor relaci\u00f3n calidad-precio.<\/p>\n<p>\u00a1L\u00edderes mundiales en lencer\u00eda, nadie lo hace mejor!<\/p>\n<p><img decoding=\"async\" alt=\"\" src=\"https:\/\/interno.dreamlove.es\/UserFiles\/images\/SIZE%20CHART%20OBSESSIVE.jpg\" style=\"width: 900px; height: 900px; float: center;\" \/><\/p>","protected":false},"excerpt":{"rendered":"<p>OBSESSIVE &#8211; AMOR CHERRIS CHEMISE  THONG S\/M<\/p>","protected":false},"featured_media":68367,"comment_status":"open","ping_status":"closed","template":"","meta":{"_monsterinsights_skip_tracking":false,"_monsterinsights_sitenote_active":false,"_monsterinsights_sitenote_note":"","_monsterinsights_sitenote_category":0,"_joinchat":[]},"product_brand":[],"product_cat":[1284,1196,1199,1166],"product_tag":[],"class_list":{"0":"post-68365","1":"product","2":"type-product","3":"status-publish","4":"has-post-thumbnail","6":"product_cat-moda-lencerialenceria-mujerlenceria-sexycamisones","7":"product_cat-moda-lencerialenceria-mujer","8":"product_cat-moda-lencerialenceria-mujerlenceria-sexy","9":"product_cat-moda-lenceria","10":"yith_product_brand-obsessive","11":"yith_product_brand-obsessiveobsessive-chemise","13":"first","14":"instock","15":"taxable","16":"shipping-taxable","17":"purchasable","18":"product-type-variable"},"aioseo_notices":[],"_links":{"self":[{"href":"https:\/\/www.mysexualfantasy.eu\/en\/wp-json\/wp\/v2\/product\/68365","targetHints":{"allow":["GET"]}}],"collection":[{"href":"https:\/\/www.mysexualfantasy.eu\/en\/wp-json\/wp\/v2\/product"}],"about":[{"href":"https:\/\/www.mysexualfantasy.eu\/en\/wp-json\/wp\/v2\/types\/product"}],"replies":[{"embeddable":true,"href":"https:\/\/www.mysexualfantasy.eu\/en\/wp-json\/wp\/v2\/comments?post=68365"}],"wp:featuredmedia":[{"embeddable":true,"href":"https:\/\/www.mysexualfantasy.eu\/en\/wp-json\/wp\/v2\/media\/68367"}],"wp:attachment":[{"href":"https:\/\/www.mysexualfantasy.eu\/en\/wp-json\/wp\/v2\/media?parent=68365"}],"wp:term":[{"taxonomy":"product_brand","embeddable":true,"href":"https:\/\/www.mysexualfantasy.eu\/en\/wp-json\/wp\/v2\/product_brand?post=68365"},{"taxonomy":"product_cat","embeddable":true,"href":"https:\/\/www.mysexualfantasy.eu\/en\/wp-json\/wp\/v2\/product_cat?post=68365"},{"taxonomy":"product_tag","embeddable":true,"href":"https:\/\/www.mysexualfantasy.eu\/en\/wp-json\/wp\/v2\/product_tag?post=68365"}],"curies":[{"name":"wp","href":"https:\/\/api.w.org\/{rel}","templated":true}]}}