{"id":69124,"date":"2023-01-13T14:34:19","date_gmt":"2023-01-13T14:34:19","guid":{"rendered":"https:\/\/www.mysexualfantasy.eu\/?post_type=product&#038;p=69124"},"modified":"2023-12-06T15:11:16","modified_gmt":"2023-12-06T15:11:16","slug":"diablo-picante-dado-kamasutra-de-posturas-para-chicos-lgbt","status":"publish","type":"product","link":"https:\/\/www.mysexualfantasy.eu\/en\/product\/diablo-picante-dado-kamasutra-de-posturas-para-chicos-lgbt\/","title":{"rendered":"DIABLO PICANTE &#8211; DADO KAMASUTRA DE POSTURAS PARA CHICOS LGBT"},"content":{"rendered":"<p><strong>JUEGO DE DADO DEL KAMASUTRA CON POSTURAS PARA CHICOS LGBT<\/strong><\/p>\n<p>ES UN DADO BLANCO DURO DE GRAN CALIDAD DE 30 mm \u00a1DADO DE POSTURAS! QUE POSTURA HACEMOS HOY? Es un dado para parejas o grupos. Disfrutad del azar de los dados, una gran soluci\u00f3n para las indecisiones sexuales e iniciaciones de posturas. Te sorprender\u00e1n por su sencillez, puedes llevarlo a cualquier parte y lugar os dar\u00e1n muchas alegr\u00edas. Tambi\u00e9n lo pod\u00e9is utilizar las porteras en un objeto como mesa-silla-cama-encima de la lavadora etc. o utilizarlo para m\u00e1s morbo con una venda en los ojos.<\/p>\n<p>\u00a1A VER SI LAS HACES TODAS! DALE RIENDA SUELTA A TU IMAGINACION.<\/p>\n<p><strong>Diablo Picante<\/strong>, pioneros en Espa\u00f1a en la fabricaci\u00f3n\u00a0de art\u00edculos divertidos con tem\u00e1tica er\u00f3tica para todo tipo de celebraciones:\u00a0despedidas, cumplea\u00f1os, jubilaciones, bromas, fiestas y cualquier otro evento con amigos y compa\u00f1eros.<\/p>","protected":false},"excerpt":{"rendered":"<p>DIABLO PICANTE &#8211; KAMASUTRA DICE OF POSTURES FOR BOYS LGBT<\/p>","protected":false},"featured_media":69125,"comment_status":"open","ping_status":"closed","template":"","meta":{"_monsterinsights_skip_tracking":false,"_monsterinsights_sitenote_active":false,"_monsterinsights_sitenote_note":"","_monsterinsights_sitenote_category":0,"_joinchat":[]},"product_brand":[],"product_cat":[1237,616],"product_tag":[],"class_list":{"0":"post-69124","1":"product","2":"type-product","3":"status-publish","4":"has-post-thumbnail","6":"product_cat-juegos-juego-de-dados","7":"product_cat-juegos","8":"yith_product_brand-diverty-sexdiablo-picante","9":"yith_product_brand-diverty-sex","11":"first","12":"instock","13":"taxable","14":"shipping-taxable","15":"purchasable","16":"product-type-simple"},"aioseo_notices":[],"_links":{"self":[{"href":"https:\/\/www.mysexualfantasy.eu\/en\/wp-json\/wp\/v2\/product\/69124","targetHints":{"allow":["GET"]}}],"collection":[{"href":"https:\/\/www.mysexualfantasy.eu\/en\/wp-json\/wp\/v2\/product"}],"about":[{"href":"https:\/\/www.mysexualfantasy.eu\/en\/wp-json\/wp\/v2\/types\/product"}],"replies":[{"embeddable":true,"href":"https:\/\/www.mysexualfantasy.eu\/en\/wp-json\/wp\/v2\/comments?post=69124"}],"wp:featuredmedia":[{"embeddable":true,"href":"https:\/\/www.mysexualfantasy.eu\/en\/wp-json\/wp\/v2\/media\/69125"}],"wp:attachment":[{"href":"https:\/\/www.mysexualfantasy.eu\/en\/wp-json\/wp\/v2\/media?parent=69124"}],"wp:term":[{"taxonomy":"product_brand","embeddable":true,"href":"https:\/\/www.mysexualfantasy.eu\/en\/wp-json\/wp\/v2\/product_brand?post=69124"},{"taxonomy":"product_cat","embeddable":true,"href":"https:\/\/www.mysexualfantasy.eu\/en\/wp-json\/wp\/v2\/product_cat?post=69124"},{"taxonomy":"product_tag","embeddable":true,"href":"https:\/\/www.mysexualfantasy.eu\/en\/wp-json\/wp\/v2\/product_tag?post=69124"}],"curies":[{"name":"wp","href":"https:\/\/api.w.org\/{rel}","templated":true}]}}