{"id":69140,"date":"2023-01-13T14:34:24","date_gmt":"2023-01-13T14:34:24","guid":{"rendered":"https:\/\/www.mysexualfantasy.eu\/?post_type=product&#038;p=69140"},"modified":"2023-12-06T15:11:20","modified_gmt":"2023-12-06T15:11:20","slug":"diablo-picante-dado-kamasutra-de-posturas-para-chicas-con-reloj-de-arena","status":"publish","type":"product","link":"https:\/\/www.mysexualfantasy.eu\/en\/product\/diablo-picante-dado-kamasutra-de-posturas-para-chicas-con-reloj-de-arena\/","title":{"rendered":"DIABLO PICANTE &#8211; DADO KAMASUTRA DE POSTURAS PARA CHICAS CON RELOJ DE ARENA"},"content":{"rendered":"<p><strong>JUEGO DE DADO DEL KAMASUTRA DE POSTURAS PARA CHICAS CON RELOJ DE ARENA<\/strong><\/p>\n<p>DADO BLANCO DURO DE GRAN CALIDAD DE 25 mm Y UN RELOJ DE ARENA DE 2 MINUTOS que te marcara el tiempo de la POSTURA que salga. Van en una bolsita de seda trasparente.<\/p>\n<p>\u00a1DADOS DE LA PASI\u00d3N! QU\u00c9 POSTURA HACEMOS HOY?<\/p>\n<p>Disfrutad del azar de los dados, una gran soluci\u00f3n para las indecisiones sexuales. Te sorprender\u00e1n por su sencillez, puedes llevarlo a cualquier parte y lugar os dar\u00e1n muchas alegr\u00edas.<\/p>\n<p>\u00a1A VER SI LAS HACES TODAS! DALE RIENDA SUELTA A TU IMAGINACION.<\/p>\n<p><strong>Diablo Picante<\/strong>, pioneros en Espa\u00f1a en la fabricaci\u00f3n\u00a0de art\u00edculos divertidos con tem\u00e1tica er\u00f3tica para todo tipo de celebraciones:\u00a0despedidas, cumplea\u00f1os, jubilaciones, bromas, fiestas y cualquier otro evento con amigos y compa\u00f1eros.<\/p>","protected":false},"excerpt":{"rendered":"<p>DIABLO PICANTE &#8211; KAMASUTRA DICE OF POSTURES FOR GIRLS WITH HOURGLASS<\/p>","protected":false},"featured_media":69141,"comment_status":"open","ping_status":"closed","template":"","meta":{"_monsterinsights_skip_tracking":false,"_monsterinsights_sitenote_active":false,"_monsterinsights_sitenote_note":"","_monsterinsights_sitenote_category":0,"_joinchat":[]},"product_brand":[],"product_cat":[1237,616],"product_tag":[],"class_list":{"0":"post-69140","1":"product","2":"type-product","3":"status-publish","4":"has-post-thumbnail","6":"product_cat-juegos-juego-de-dados","7":"product_cat-juegos","8":"yith_product_brand-diverty-sexdiablo-picante","9":"yith_product_brand-diverty-sex","11":"first","12":"instock","13":"taxable","14":"shipping-taxable","15":"purchasable","16":"product-type-simple"},"aioseo_notices":[],"_links":{"self":[{"href":"https:\/\/www.mysexualfantasy.eu\/en\/wp-json\/wp\/v2\/product\/69140","targetHints":{"allow":["GET"]}}],"collection":[{"href":"https:\/\/www.mysexualfantasy.eu\/en\/wp-json\/wp\/v2\/product"}],"about":[{"href":"https:\/\/www.mysexualfantasy.eu\/en\/wp-json\/wp\/v2\/types\/product"}],"replies":[{"embeddable":true,"href":"https:\/\/www.mysexualfantasy.eu\/en\/wp-json\/wp\/v2\/comments?post=69140"}],"wp:featuredmedia":[{"embeddable":true,"href":"https:\/\/www.mysexualfantasy.eu\/en\/wp-json\/wp\/v2\/media\/69141"}],"wp:attachment":[{"href":"https:\/\/www.mysexualfantasy.eu\/en\/wp-json\/wp\/v2\/media?parent=69140"}],"wp:term":[{"taxonomy":"product_brand","embeddable":true,"href":"https:\/\/www.mysexualfantasy.eu\/en\/wp-json\/wp\/v2\/product_brand?post=69140"},{"taxonomy":"product_cat","embeddable":true,"href":"https:\/\/www.mysexualfantasy.eu\/en\/wp-json\/wp\/v2\/product_cat?post=69140"},{"taxonomy":"product_tag","embeddable":true,"href":"https:\/\/www.mysexualfantasy.eu\/en\/wp-json\/wp\/v2\/product_tag?post=69140"}],"curies":[{"name":"wp","href":"https:\/\/api.w.org\/{rel}","templated":true}]}}