{"id":69144,"date":"2023-01-13T14:34:25","date_gmt":"2023-01-13T14:34:25","guid":{"rendered":"https:\/\/www.mysexualfantasy.eu\/?post_type=product&#038;p=69144"},"modified":"2023-12-06T15:12:01","modified_gmt":"2023-12-06T15:12:01","slug":"diablo-picante-dado-kamasutra-super-grande-de-posturas-verde","status":"publish","type":"product","link":"https:\/\/www.mysexualfantasy.eu\/en\/product\/diablo-picante-dado-kamasutra-super-grande-de-posturas-verde\/","title":{"rendered":"DIABLO PICANTE &#8211; DADO KAMASUTRA SUPER GRANDE DE POSTURAS VERDE"},"content":{"rendered":"<p><strong>JUEGO DE DADO DEL KAMASUTRA CON ACCIONES VERDE<\/strong><\/p>\n<p>Dado super grande de 125 mm x 125 mm con distintas posturas sexuales, muy divertido. \u00a1Dados de la pasi\u00f3n! Qu\u00e9 postura hacemos hoy? Disfrutad del azar de los dados, es una gran soluci\u00f3n para las indecisiones sexuales. Te sorprender\u00e1 por su sencillez.<\/p>\n<p>\u00a1A VER SI LAS HACES TODAS! DALE RIENDA SUELTA A TU IMAGINACION.<\/p>\n<p><strong>Diablo Picante<\/strong>, pioneros en Espa\u00f1a en la fabricaci\u00f3n\u00a0de art\u00edculos divertidos con tem\u00e1tica er\u00f3tica para todo tipo de celebraciones:\u00a0despedidas, cumplea\u00f1os, jubilaciones, bromas, fiestas y cualquier otro evento con amigos y compa\u00f1eros.<\/p>","protected":false},"excerpt":{"rendered":"<p>DIABLO PICANTE &#8211; SUPER LARGE KAMASUTRA DICE OF POSTURES GREEN<\/p>","protected":false},"featured_media":69145,"comment_status":"open","ping_status":"closed","template":"","meta":{"_monsterinsights_skip_tracking":false,"_monsterinsights_sitenote_active":false,"_monsterinsights_sitenote_note":"","_monsterinsights_sitenote_category":0,"_joinchat":[]},"product_brand":[],"product_cat":[1243,1240,1237,616],"product_tag":[],"class_list":{"0":"post-69144","1":"product","2":"type-product","3":"status-publish","4":"has-post-thumbnail","6":"product_cat-articulos-variosarticulos-divertidos","7":"product_cat-articulos-varios","8":"product_cat-juegos-juego-de-dados","9":"product_cat-juegos","10":"yith_product_brand-diverty-sexdiablo-picante","11":"yith_product_brand-diverty-sex","13":"first","14":"instock","15":"taxable","16":"shipping-taxable","17":"purchasable","18":"product-type-simple"},"aioseo_notices":[],"_links":{"self":[{"href":"https:\/\/www.mysexualfantasy.eu\/en\/wp-json\/wp\/v2\/product\/69144","targetHints":{"allow":["GET"]}}],"collection":[{"href":"https:\/\/www.mysexualfantasy.eu\/en\/wp-json\/wp\/v2\/product"}],"about":[{"href":"https:\/\/www.mysexualfantasy.eu\/en\/wp-json\/wp\/v2\/types\/product"}],"replies":[{"embeddable":true,"href":"https:\/\/www.mysexualfantasy.eu\/en\/wp-json\/wp\/v2\/comments?post=69144"}],"wp:featuredmedia":[{"embeddable":true,"href":"https:\/\/www.mysexualfantasy.eu\/en\/wp-json\/wp\/v2\/media\/69145"}],"wp:attachment":[{"href":"https:\/\/www.mysexualfantasy.eu\/en\/wp-json\/wp\/v2\/media?parent=69144"}],"wp:term":[{"taxonomy":"product_brand","embeddable":true,"href":"https:\/\/www.mysexualfantasy.eu\/en\/wp-json\/wp\/v2\/product_brand?post=69144"},{"taxonomy":"product_cat","embeddable":true,"href":"https:\/\/www.mysexualfantasy.eu\/en\/wp-json\/wp\/v2\/product_cat?post=69144"},{"taxonomy":"product_tag","embeddable":true,"href":"https:\/\/www.mysexualfantasy.eu\/en\/wp-json\/wp\/v2\/product_tag?post=69144"}],"curies":[{"name":"wp","href":"https:\/\/api.w.org\/{rel}","templated":true}]}}