{"id":69150,"date":"2023-01-13T14:34:27","date_gmt":"2023-01-13T14:34:27","guid":{"rendered":"https:\/\/www.mysexualfantasy.eu\/?post_type=product&#038;p=69150"},"modified":"2023-12-06T15:11:05","modified_gmt":"2023-12-06T15:11:05","slug":"taloka-petalos-rojos-perfumados-con-fragancia-afrodisiaca","status":"publish","type":"product","link":"https:\/\/www.mysexualfantasy.eu\/en\/product\/taloka-petalos-rojos-perfumados-con-fragancia-afrodisiaca\/","title":{"rendered":"TALOKA &#8211; P\u00c9TALOS ROJOS PERFUMADOS CON FRAGANCIA AFRODIS\u00cdACA"},"content":{"rendered":"<p><strong>P\u00c9TALOS ROJOS PERFUMADOS CON FRAGANCIA AFRODIS\u00cdACA<\/strong><\/p>\n<p>100 P\u00c9TALOS de color ROJO PERFUMADO con FRAGANCIA AFRODIS\u00cdACA. Van en un estuche de cart\u00f3n muy simp\u00e1tico. Sorprende a tu pareja, esparciendo unos p\u00e9talos de rosa en el dormitorio, en cuarto de ba\u00f1o o crea una trayectoria de p\u00e9talos para marcar el camino hacia el amor.<\/p>\n<p>DALE RIENDA SUELTA A TU IMAGINACION.<\/p>\n<p><strong>Diablo Picante<\/strong>, pioneros en Espa\u00f1a en la fabricaci\u00f3n\u00a0de art\u00edculos divertidos con tem\u00e1tica er\u00f3tica para todo tipo de celebraciones:\u00a0despedidas, cumplea\u00f1os, jubilaciones, bromas, fiestas y cualquier otro evento con amigos y compa\u00f1eros.<\/p>","protected":false},"excerpt":{"rendered":"<p>TALOKA &#8211; RED PETALS PERFUMED WITH APHRODISIAC FRAGRANCE<\/p>","protected":false},"featured_media":69151,"comment_status":"open","ping_status":"closed","template":"","meta":{"_monsterinsights_skip_tracking":false,"_monsterinsights_sitenote_active":false,"_monsterinsights_sitenote_note":"","_monsterinsights_sitenote_category":0,"_joinchat":[]},"product_brand":[],"product_cat":[616,1231],"product_tag":[],"class_list":{"0":"post-69150","1":"product","2":"type-product","3":"status-publish","4":"has-post-thumbnail","6":"product_cat-juegos","7":"product_cat-juegos-petalos-de-rosas","8":"yith_product_brand-diverty-sex","9":"yith_product_brand-diverty-sextaloka","11":"first","12":"instock","13":"taxable","14":"shipping-taxable","15":"purchasable","16":"product-type-simple"},"aioseo_notices":[],"_links":{"self":[{"href":"https:\/\/www.mysexualfantasy.eu\/en\/wp-json\/wp\/v2\/product\/69150","targetHints":{"allow":["GET"]}}],"collection":[{"href":"https:\/\/www.mysexualfantasy.eu\/en\/wp-json\/wp\/v2\/product"}],"about":[{"href":"https:\/\/www.mysexualfantasy.eu\/en\/wp-json\/wp\/v2\/types\/product"}],"replies":[{"embeddable":true,"href":"https:\/\/www.mysexualfantasy.eu\/en\/wp-json\/wp\/v2\/comments?post=69150"}],"wp:featuredmedia":[{"embeddable":true,"href":"https:\/\/www.mysexualfantasy.eu\/en\/wp-json\/wp\/v2\/media\/69151"}],"wp:attachment":[{"href":"https:\/\/www.mysexualfantasy.eu\/en\/wp-json\/wp\/v2\/media?parent=69150"}],"wp:term":[{"taxonomy":"product_brand","embeddable":true,"href":"https:\/\/www.mysexualfantasy.eu\/en\/wp-json\/wp\/v2\/product_brand?post=69150"},{"taxonomy":"product_cat","embeddable":true,"href":"https:\/\/www.mysexualfantasy.eu\/en\/wp-json\/wp\/v2\/product_cat?post=69150"},{"taxonomy":"product_tag","embeddable":true,"href":"https:\/\/www.mysexualfantasy.eu\/en\/wp-json\/wp\/v2\/product_tag?post=69150"}],"curies":[{"name":"wp","href":"https:\/\/api.w.org\/{rel}","templated":true}]}}