{"id":69162,"date":"2023-01-13T14:34:33","date_gmt":"2023-01-13T14:34:33","guid":{"rendered":"https:\/\/www.mysexualfantasy.eu\/?post_type=product&#038;p=69162"},"modified":"2023-12-06T16:18:28","modified_gmt":"2023-12-06T16:18:28","slug":"taloka-pintura-comestible-de-caramelo","status":"publish","type":"product","link":"https:\/\/www.mysexualfantasy.eu\/en\/product\/taloka-pintura-comestible-de-caramelo\/","title":{"rendered":"TALOKA &#8211; PINTURA COMESTIBLE DE CARAMELO"},"content":{"rendered":"<p><strong>PINTURA COMESTIBLE SABOR FRUTAS DEL BOSQUE: ELABORADO ARTESANALMENTE<\/strong><\/p>\n<p>DALE RIENDA SUELTA A TU IMAGINACION.<\/p>\n<p>Ingredientes: Jarabe de glucosa-fructosa (52,3%), az\u00facar (36%), caramelo natural (10%), almid\u00f3n modificado: E-1422, espesante: E415, acidulante: E-330, gelificante: E-440, colorante natural: E-120 Y E-163, conservador. E-202 y aroma natural.<\/p>\n<p><strong>Diablo Picante<\/strong>, pioneros en Espa\u00f1a en la fabricaci\u00f3n\u00a0de art\u00edculos divertidos con tem\u00e1tica er\u00f3tica para todo tipo de celebraciones:\u00a0despedidas, cumplea\u00f1os, jubilaciones, bromas, fiestas y cualquier otro evento con amigos y compa\u00f1eros.<\/p>","protected":false},"excerpt":{"rendered":"<p>TALOKA &#8211; CARAMEL EDIBLE PAINT<\/p>","protected":false},"featured_media":69163,"comment_status":"open","ping_status":"closed","template":"","meta":{"_monsterinsights_skip_tracking":false,"_monsterinsights_sitenote_active":false,"_monsterinsights_sitenote_note":"","_monsterinsights_sitenote_category":0,"_joinchat":[]},"product_brand":[],"product_cat":[1203,1337],"product_tag":[],"class_list":{"0":"post-69162","1":"product","2":"type-product","3":"status-publish","4":"has-post-thumbnail","6":"product_cat-drogueria","7":"product_cat-drogueria-pintura-corporal-comestible","8":"yith_product_brand-diverty-sex","9":"yith_product_brand-diverty-sextaloka","11":"first","12":"instock","13":"taxable","14":"shipping-taxable","15":"purchasable","16":"product-type-simple"},"aioseo_notices":[],"_links":{"self":[{"href":"https:\/\/www.mysexualfantasy.eu\/en\/wp-json\/wp\/v2\/product\/69162","targetHints":{"allow":["GET"]}}],"collection":[{"href":"https:\/\/www.mysexualfantasy.eu\/en\/wp-json\/wp\/v2\/product"}],"about":[{"href":"https:\/\/www.mysexualfantasy.eu\/en\/wp-json\/wp\/v2\/types\/product"}],"replies":[{"embeddable":true,"href":"https:\/\/www.mysexualfantasy.eu\/en\/wp-json\/wp\/v2\/comments?post=69162"}],"wp:featuredmedia":[{"embeddable":true,"href":"https:\/\/www.mysexualfantasy.eu\/en\/wp-json\/wp\/v2\/media\/69163"}],"wp:attachment":[{"href":"https:\/\/www.mysexualfantasy.eu\/en\/wp-json\/wp\/v2\/media?parent=69162"}],"wp:term":[{"taxonomy":"product_brand","embeddable":true,"href":"https:\/\/www.mysexualfantasy.eu\/en\/wp-json\/wp\/v2\/product_brand?post=69162"},{"taxonomy":"product_cat","embeddable":true,"href":"https:\/\/www.mysexualfantasy.eu\/en\/wp-json\/wp\/v2\/product_cat?post=69162"},{"taxonomy":"product_tag","embeddable":true,"href":"https:\/\/www.mysexualfantasy.eu\/en\/wp-json\/wp\/v2\/product_tag?post=69162"}],"curies":[{"name":"wp","href":"https:\/\/api.w.org\/{rel}","templated":true}]}}