{"id":69174,"date":"2023-01-13T14:34:38","date_gmt":"2023-01-13T14:34:38","guid":{"rendered":"https:\/\/www.mysexualfantasy.eu\/?post_type=product&#038;p=69174"},"modified":"2023-12-06T15:19:13","modified_gmt":"2023-12-06T15:19:13","slug":"taloka-bomba-de-bano-con-aroma-vainilla-y-petalos-de-rosa","status":"publish","type":"product","link":"https:\/\/www.mysexualfantasy.eu\/en\/product\/taloka-bomba-de-bano-con-aroma-vainilla-y-petalos-de-rosa\/","title":{"rendered":"TALOKA &#8211; BOMBA DE BA\u00d1O CON AROMA VAINILLA Y P\u00c9TALOS DE ROSA"},"content":{"rendered":"<p><strong>BOMBA DE BA\u00d1O CON AROMA A VAINILLA Y P\u00c9TALOS DE ROSA<\/strong><\/p>\n<p>La BOMBA DE BA\u00d1O TALOKA de VAINILLA es una esfera llena de aroma, p\u00e9talos y propiedades suavizantes y relajantes que convierte tu ba\u00f1o en un gratificante SPA. Destaca por sus notas dulces y caramelizadas.<\/p>\n<p>Esta bomba es de 140 gr y tiene capacidad para perfumar una ba\u00f1era de grandes dimensiones. Su agradable aroma aporta intensidad y dulzura.<\/p>\n<p>Garantiza un ba\u00f1o placentero y muy relajante, mientras aporta m\u00faltiples beneficios para la piel: suaviza, tonifica e hidrata y produce una sensaci\u00f3n de bienestar y sensualidad. Elige entre los 6 aromas disponibles suaves y delicados, florales, frutales, dulces, cl\u00e1sicos\u2026 Para disfrutar de tu ducha, tu ba\u00f1o o de tu momento de SPA en casa.<\/p>\n<p>Esta fragancia inconfundible es una de las m\u00e1s utilizadas en perfumer\u00eda porque est\u00e1 directamente asociada al placer, transmite buenas sensaciones y nos hace sentir bien. Es una fragancia c\u00e1lida, dulce, bals\u00e1mica y profunda que lo envuelve todo. Es casi \u201ccomestible\u201d y goza de una gran popularidad, quiz\u00e1s debida a su marcado car\u00e1cter de reposter\u00eda. Es un aroma que tiene el poder de trasladarnos a momentos placenteros de nuestra vida y nos evoca la infancia, los postres de la abuela, los helados, la inocencia y la familia. Pero debido a su origen ex\u00f3tico, tambi\u00e9n nos lleva a para\u00edsos lejanos cubiertos de orqu\u00eddeas y palmeras, coloridos y aromatizados por su olor.<\/p>\n<p>En aromaterapia, es un aroma muy apreciado por sus cualidades relajantes, es un potente antidepresivo natural que relaja tensiones. Transmite paz, tranquilidad y seguridad, aunque tambi\u00e9n es utilizado como estimulante. La Vainilla tambi\u00e9n es un conocido afrodis\u00edaco&#8230;<\/p>\n<p>En cualquier espacio, la Vainilla crea ambientes que se destacan por su aroma caramelizado, que endulza las estancias con un sentimiento reconfortante y c\u00e1lido, por lo que suele utilizarse m\u00e1s para aromatizar espacios en los meses m\u00e1s fr\u00edos del a\u00f1o. All\u00e1 donde huela a Vainilla, los espacios se llenan de aroma de hogar y sentimientos de calidez, comodidad, protecci\u00f3n y familia<\/p>\n<p>Caracter\u00edsticas: Notas dulces y caramelizadas con Vainilla y en segundo plano, notas florales, arom\u00e1ticas y orientales. Su intensidad es de 4 puntos sobre 5.<\/p>\n<p>Si te gusta el aroma de Vainilla tienes m\u00e1s opciones para disfrutar de \u00e9l. Puedes ponerlo en tu coche, en tus cajones y armarios, en la terraza, en la ducha, en tu ba\u00f1era o en cualquiera de tus espacios favoritos. Desc\u00fabrelo aqu\u00ed.<\/p>\n<p>DALE RIENDA SUELTA A TU IMAGINACION.<\/p>\n<p><strong>Diablo Picante<\/strong>, pioneros en Espa\u00f1a en la fabricaci\u00f3n\u00a0de art\u00edculos divertidos con tem\u00e1tica er\u00f3tica para todo tipo de celebraciones:\u00a0despedidas, cumplea\u00f1os, jubilaciones, bromas, fiestas y cualquier otro evento con amigos y compa\u00f1eros.<\/p>","protected":false},"excerpt":{"rendered":"<p>TALOKA &#8211; VANILLA SCENTED BATH BOMB WITH ROSE PETALS<\/p>","protected":false},"featured_media":69175,"comment_status":"open","ping_status":"closed","template":"","meta":{"_monsterinsights_skip_tracking":false,"_monsterinsights_sitenote_active":false,"_monsterinsights_sitenote_note":"","_monsterinsights_sitenote_category":0,"_joinchat":[]},"product_brand":[],"product_cat":[1203,616,1266,1221],"product_tag":[],"class_list":{"0":"post-69174","1":"product","2":"type-product","3":"status-publish","4":"has-post-thumbnail","6":"product_cat-drogueria","7":"product_cat-juegos","8":"product_cat-juegos-juegos-preliminares","9":"product_cat-drogueria-para-el-bano","10":"yith_product_brand-diverty-sex","11":"yith_product_brand-diverty-sextaloka","13":"first","14":"instock","15":"taxable","16":"shipping-taxable","17":"purchasable","18":"product-type-simple"},"aioseo_notices":[],"_links":{"self":[{"href":"https:\/\/www.mysexualfantasy.eu\/en\/wp-json\/wp\/v2\/product\/69174","targetHints":{"allow":["GET"]}}],"collection":[{"href":"https:\/\/www.mysexualfantasy.eu\/en\/wp-json\/wp\/v2\/product"}],"about":[{"href":"https:\/\/www.mysexualfantasy.eu\/en\/wp-json\/wp\/v2\/types\/product"}],"replies":[{"embeddable":true,"href":"https:\/\/www.mysexualfantasy.eu\/en\/wp-json\/wp\/v2\/comments?post=69174"}],"wp:featuredmedia":[{"embeddable":true,"href":"https:\/\/www.mysexualfantasy.eu\/en\/wp-json\/wp\/v2\/media\/69175"}],"wp:attachment":[{"href":"https:\/\/www.mysexualfantasy.eu\/en\/wp-json\/wp\/v2\/media?parent=69174"}],"wp:term":[{"taxonomy":"product_brand","embeddable":true,"href":"https:\/\/www.mysexualfantasy.eu\/en\/wp-json\/wp\/v2\/product_brand?post=69174"},{"taxonomy":"product_cat","embeddable":true,"href":"https:\/\/www.mysexualfantasy.eu\/en\/wp-json\/wp\/v2\/product_cat?post=69174"},{"taxonomy":"product_tag","embeddable":true,"href":"https:\/\/www.mysexualfantasy.eu\/en\/wp-json\/wp\/v2\/product_tag?post=69174"}],"curies":[{"name":"wp","href":"https:\/\/api.w.org\/{rel}","templated":true}]}}