{"id":69176,"date":"2023-01-13T14:34:39","date_gmt":"2023-01-13T14:34:39","guid":{"rendered":"https:\/\/www.mysexualfantasy.eu\/?post_type=product&#038;p=69176"},"modified":"2023-12-06T15:19:14","modified_gmt":"2023-12-06T15:19:14","slug":"taloka-bomba-de-bano-con-aroma-lavanda-y-petalos-de-rosa","status":"publish","type":"product","link":"https:\/\/www.mysexualfantasy.eu\/en\/product\/taloka-bomba-de-bano-con-aroma-lavanda-y-petalos-de-rosa\/","title":{"rendered":"TALOKA &#8211; BOMBA DE BA\u00d1O CON AROMA LAVANDA Y P\u00c9TALOS DE ROSA"},"content":{"rendered":"<p><strong>BOMBA DE BA\u00d1O CON AROMA A LAVANDA Y P\u00c9TALOS DE ROSA<\/strong><\/p>\n<p>La BOMBA DE BA\u00d1O TALOKA de LAVANDA es una esfera llena de aroma, p\u00e9talos y propiedades suavizantes y relajantes que convierte tu ba\u00f1o en un gratificante SPA. Destaca por sus notas dulces y caramelizadas.<\/p>\n<p>Esta bomba es de 140 gr y tiene capacidad para perfumar una ba\u00f1era de grandes dimensiones. Su agradable aroma aporta intensidad y dulzura.<\/p>\n<p>Garantiza un ba\u00f1o placentero y muy relajante, mientras aporta m\u00faltiples beneficios para la piel: suaviza, tonifica e hidrata y produce una sensaci\u00f3n de bienestar y sensualidad. Elige entre los 6 aromas disponibles suaves y delicados, florales, frutales, dulces, cl\u00e1sicos\u2026 Para disfrutar de tu ducha, tu ba\u00f1o o de tu momento de SPA en casa.<\/p>\n<p>La fragancia Lavanda, se inspira en las flores naturales de Lavanda. Una flor \u00fanica y muy especial del Mediterr\u00e1neo. La flor de Lavanda tiene un aroma cl\u00e1sico a flores frescas de la ma\u00f1ana, a jab\u00f3n y tradici\u00f3n, pureza y bienestar. Un aroma familiar y campestre que nos traslada a la infancia, al campo y a la Provenza francesa.<\/p>\n<p>En aromaterapia, el aroma de Lavanda resulta tranquilizante y relajante. Su efecto ansiol\u00edtico reduce los niveles de ansiedad, la inquietud y los cuadros relacionados con el estr\u00e9s. Ayuda a relajar los nervios, a conciliar el sue\u00f1o y a dormir bien.<\/p>\n<p>Caracter\u00edsticas: La lavanda tiene un aroma floral, herbal y provenzal que destaca por sus notas agrestes, enriquecidas con expansivos matices arom\u00e1ticos frescos y en segundo plano notas anisadas y bals\u00e1micas.<\/p>\n<p>Si te gusta el aroma de LAVANDA tienes m\u00e1s opciones para disfrutar de \u00e9l. Puedes ponerlo en tu coche, en tus cajones y armarios, en la terraza, en la ducha, en tu ba\u00f1era o en cualquiera de tus espacios favoritos. Desc\u00fabrelo aqu\u00ed.<\/p>\n<p>DALE RIENDA SUELTA A TU IMAGINACION.<\/p>\n<p><strong>Diablo Picante<\/strong>, pioneros en Espa\u00f1a en la fabricaci\u00f3n\u00a0de art\u00edculos divertidos con tem\u00e1tica er\u00f3tica para todo tipo de celebraciones:\u00a0despedidas, cumplea\u00f1os, jubilaciones, bromas, fiestas y cualquier otro evento con amigos y compa\u00f1eros.<\/p>","protected":false},"excerpt":{"rendered":"<p>TALOKA &#8211; LAVENDER SCENTED BATH BOMB WITH ROSE PETALS<\/p>","protected":false},"featured_media":69177,"comment_status":"open","ping_status":"closed","template":"","meta":{"_monsterinsights_skip_tracking":false,"_monsterinsights_sitenote_active":false,"_monsterinsights_sitenote_note":"","_monsterinsights_sitenote_category":0,"_joinchat":[]},"product_brand":[],"product_cat":[1203,616,1266,1221],"product_tag":[],"class_list":{"0":"post-69176","1":"product","2":"type-product","3":"status-publish","4":"has-post-thumbnail","6":"product_cat-drogueria","7":"product_cat-juegos","8":"product_cat-juegos-juegos-preliminares","9":"product_cat-drogueria-para-el-bano","10":"yith_product_brand-diverty-sex","11":"yith_product_brand-diverty-sextaloka","13":"first","14":"instock","15":"taxable","16":"shipping-taxable","17":"purchasable","18":"product-type-simple"},"aioseo_notices":[],"_links":{"self":[{"href":"https:\/\/www.mysexualfantasy.eu\/en\/wp-json\/wp\/v2\/product\/69176","targetHints":{"allow":["GET"]}}],"collection":[{"href":"https:\/\/www.mysexualfantasy.eu\/en\/wp-json\/wp\/v2\/product"}],"about":[{"href":"https:\/\/www.mysexualfantasy.eu\/en\/wp-json\/wp\/v2\/types\/product"}],"replies":[{"embeddable":true,"href":"https:\/\/www.mysexualfantasy.eu\/en\/wp-json\/wp\/v2\/comments?post=69176"}],"wp:featuredmedia":[{"embeddable":true,"href":"https:\/\/www.mysexualfantasy.eu\/en\/wp-json\/wp\/v2\/media\/69177"}],"wp:attachment":[{"href":"https:\/\/www.mysexualfantasy.eu\/en\/wp-json\/wp\/v2\/media?parent=69176"}],"wp:term":[{"taxonomy":"product_brand","embeddable":true,"href":"https:\/\/www.mysexualfantasy.eu\/en\/wp-json\/wp\/v2\/product_brand?post=69176"},{"taxonomy":"product_cat","embeddable":true,"href":"https:\/\/www.mysexualfantasy.eu\/en\/wp-json\/wp\/v2\/product_cat?post=69176"},{"taxonomy":"product_tag","embeddable":true,"href":"https:\/\/www.mysexualfantasy.eu\/en\/wp-json\/wp\/v2\/product_tag?post=69176"}],"curies":[{"name":"wp","href":"https:\/\/api.w.org\/{rel}","templated":true}]}}