{"id":69180,"date":"2023-01-13T14:34:41","date_gmt":"2023-01-13T14:34:41","guid":{"rendered":"https:\/\/www.mysexualfantasy.eu\/?post_type=product&#038;p=69180"},"modified":"2023-12-06T15:19:15","modified_gmt":"2023-12-06T15:19:15","slug":"taloka-bomba-de-bano-con-aroma-rosas-y-petalos-de-rosa","status":"publish","type":"product","link":"https:\/\/www.mysexualfantasy.eu\/en\/product\/taloka-bomba-de-bano-con-aroma-rosas-y-petalos-de-rosa\/","title":{"rendered":"TALOKA &#8211; BOMBA DE BA\u00d1O CON AROMA ROSAS Y P\u00c9TALOS DE ROSA"},"content":{"rendered":"<p><strong>BOMBA DE BA\u00d1O CON AROMA A ROSAS Y P\u00c9TALOS DE ROSA<\/strong><\/p>\n<p>La BOMBA DE BA\u00d1O TALOKA de ROSAS es una esfera llena de aroma, p\u00e9talos y propiedades suavizantes y relajantes que convierte tu ba\u00f1o en un gratificante SPA. Destaca por sus notas dulces y caramelizadas.<\/p>\n<p>Esta bomba es de 140 gr y tiene capacidad para perfumar una ba\u00f1era de grandes dimensiones. Su agradable aroma aporta intensidad y dulzura.<\/p>\n<p>Garantiza un ba\u00f1o placentero y muy relajante, mientras aporta m\u00faltiples beneficios para la piel: suaviza, tonifica e hidrata y produce una sensaci\u00f3n de bienestar y sensualidad. Elige entre los 6 aromas disponibles suaves y delicados, florales, frutales, dulces, cl\u00e1sicos\u2026 Para disfrutar de tu ducha, tu ba\u00f1o o de tu momento de SPA en casa.<\/p>\n<p>Esta fragancia destaca por su aroma a rosas frescas, por su delicado perfume a rosas reci\u00e9n cortadas. El aroma a rosas es terso y suave, muy agradable y tranquilizador, floral, dulce y difuso. Una fragancia \u00fanica y muy particular que siempre evoca recuerdos familiares como los art\u00edculos de tocador de nuestras madres o de nuestras abuelas.<\/p>\n<p>En aromaterapia, su delicado aroma es tranquilizante, por lo que reduce el estr\u00e9s y las dificultades para dormir. En aromaterapia, el aroma de rosas tambi\u00e9n se utiliza mucho para reducir los niveles de ansiedad y mejorar el estado de \u00e1nimo. Es un potente estimulante que equilibra el sistema energ\u00e9tico.<\/p>\n<p>En cualquier espacio, este aroma crea ambientes que se destacan por su agradable sensaci\u00f3n de bienestar y familiaridad, pues el aroma de rosas evoca recuerdos agradables y nost\u00e1lgicos de la infancia. El aroma de rosas tambi\u00e9n nos traslada a un jard\u00edn, transmitiendo sensaciones frescas y perfumadas. Y sin duda, las rosas tambi\u00e9n llenan cualquier espacio con su elegancia particular.<\/p>\n<p>Caracter\u00edsticas: Notas frescas, florales, aterciopeladas y delicadas y en segundo plano, notas agrestes y dulces. Su intensidad es de 3 puntos sobre 5.<\/p>\n<p>Si te gusta el aroma de ROSAS tienes m\u00e1s opciones para disfrutar de \u00e9l. Puedes ponerlo en tu coche, en tus cajones y armarios, en la terraza, en la ducha, en tu ba\u00f1era o en cualquiera de tus espacios favoritos. Desc\u00fabrelo aqu\u00ed.<\/p>\n<p>DALE RIENDA SUELTA A TU IMAGINACION.<\/p>\n<p><strong>Diablo Picante<\/strong>, pioneros en Espa\u00f1a en la fabricaci\u00f3n\u00a0de art\u00edculos divertidos con tem\u00e1tica er\u00f3tica para todo tipo de celebraciones:\u00a0despedidas, cumplea\u00f1os, jubilaciones, bromas, fiestas y cualquier otro evento con amigos y compa\u00f1eros.<\/p>","protected":false},"excerpt":{"rendered":"<p>TALOKA &#8211; ROSES SCENTED BATH BOMB WITH ROSE PETALS<\/p>","protected":false},"featured_media":69181,"comment_status":"open","ping_status":"closed","template":"","meta":{"_monsterinsights_skip_tracking":false,"_monsterinsights_sitenote_active":false,"_monsterinsights_sitenote_note":"","_monsterinsights_sitenote_category":0,"_joinchat":[]},"product_brand":[],"product_cat":[1203,616,1266,1221],"product_tag":[],"class_list":{"0":"post-69180","1":"product","2":"type-product","3":"status-publish","4":"has-post-thumbnail","6":"product_cat-drogueria","7":"product_cat-juegos","8":"product_cat-juegos-juegos-preliminares","9":"product_cat-drogueria-para-el-bano","10":"yith_product_brand-diverty-sex","11":"yith_product_brand-diverty-sextaloka","13":"first","14":"instock","15":"taxable","16":"shipping-taxable","17":"purchasable","18":"product-type-simple"},"aioseo_notices":[],"_links":{"self":[{"href":"https:\/\/www.mysexualfantasy.eu\/en\/wp-json\/wp\/v2\/product\/69180","targetHints":{"allow":["GET"]}}],"collection":[{"href":"https:\/\/www.mysexualfantasy.eu\/en\/wp-json\/wp\/v2\/product"}],"about":[{"href":"https:\/\/www.mysexualfantasy.eu\/en\/wp-json\/wp\/v2\/types\/product"}],"replies":[{"embeddable":true,"href":"https:\/\/www.mysexualfantasy.eu\/en\/wp-json\/wp\/v2\/comments?post=69180"}],"wp:featuredmedia":[{"embeddable":true,"href":"https:\/\/www.mysexualfantasy.eu\/en\/wp-json\/wp\/v2\/media\/69181"}],"wp:attachment":[{"href":"https:\/\/www.mysexualfantasy.eu\/en\/wp-json\/wp\/v2\/media?parent=69180"}],"wp:term":[{"taxonomy":"product_brand","embeddable":true,"href":"https:\/\/www.mysexualfantasy.eu\/en\/wp-json\/wp\/v2\/product_brand?post=69180"},{"taxonomy":"product_cat","embeddable":true,"href":"https:\/\/www.mysexualfantasy.eu\/en\/wp-json\/wp\/v2\/product_cat?post=69180"},{"taxonomy":"product_tag","embeddable":true,"href":"https:\/\/www.mysexualfantasy.eu\/en\/wp-json\/wp\/v2\/product_tag?post=69180"}],"curies":[{"name":"wp","href":"https:\/\/api.w.org\/{rel}","templated":true}]}}