{"id":69192,"date":"2023-01-13T14:34:46","date_gmt":"2023-01-13T14:34:46","guid":{"rendered":"https:\/\/www.mysexualfantasy.eu\/?post_type=product&#038;p=69192"},"modified":"2023-12-06T16:18:40","modified_gmt":"2023-12-06T16:18:40","slug":"taloka-spray-golosina-liquida-frutas-del-bosque","status":"publish","type":"product","link":"https:\/\/www.mysexualfantasy.eu\/en\/product\/taloka-spray-golosina-liquida-frutas-del-bosque\/","title":{"rendered":"TALOKA &#8211; SPRAY GOLOSINA L\u00cdQUIDA FRUTAS DEL BOSQUE"},"content":{"rendered":"<p><strong>GOLOSINA LIQUIDA EN SPRAY CON SABOR A FRUTAS DEL BOSQUE<\/strong><\/p>\n<p>Modo de empleo: roc\u00ede directamente en la boca o cuerpo y acomp\u00e1\u00f1alo con dulces besos de sabores.<\/p>\n<p>DALE RIENDA SUELTA A TU IMAGINACION.<\/p>\n<p>Ingredientes: jarabe de glucosa-fructosa, agua, regulador de acidez. \u00c1cido c\u00edtrico, acido m\u00e1lico; aromas, conservante: sorbato pot\u00e1sic<\/p>\n<p><strong>Diablo Picante<\/strong>, pioneros en Espa\u00f1a en la fabricaci\u00f3n\u00a0de art\u00edculos divertidos con tem\u00e1tica er\u00f3tica para todo tipo de celebraciones:\u00a0despedidas, cumplea\u00f1os, jubilaciones, bromas, fiestas y cualquier otro evento con amigos y compa\u00f1eros.<\/p>","protected":false},"excerpt":{"rendered":"<p>TALOKA &#8211; LIQUID BERRIES CANDY SPRAY<\/p>","protected":false},"featured_media":69193,"comment_status":"open","ping_status":"closed","template":"","meta":{"_monsterinsights_skip_tracking":false,"_monsterinsights_sitenote_active":false,"_monsterinsights_sitenote_note":"","_monsterinsights_sitenote_category":0,"_joinchat":[]},"product_brand":[],"product_cat":[1203,1339],"product_tag":[],"class_list":{"0":"post-69192","1":"product","2":"type-product","3":"status-publish","4":"has-post-thumbnail","6":"product_cat-drogueria","7":"product_cat-drogueria-para-sexo-oral","8":"yith_product_brand-diverty-sex","9":"yith_product_brand-diverty-sextaloka","11":"first","12":"instock","13":"taxable","14":"shipping-taxable","15":"purchasable","16":"product-type-simple"},"aioseo_notices":[],"_links":{"self":[{"href":"https:\/\/www.mysexualfantasy.eu\/en\/wp-json\/wp\/v2\/product\/69192","targetHints":{"allow":["GET"]}}],"collection":[{"href":"https:\/\/www.mysexualfantasy.eu\/en\/wp-json\/wp\/v2\/product"}],"about":[{"href":"https:\/\/www.mysexualfantasy.eu\/en\/wp-json\/wp\/v2\/types\/product"}],"replies":[{"embeddable":true,"href":"https:\/\/www.mysexualfantasy.eu\/en\/wp-json\/wp\/v2\/comments?post=69192"}],"wp:featuredmedia":[{"embeddable":true,"href":"https:\/\/www.mysexualfantasy.eu\/en\/wp-json\/wp\/v2\/media\/69193"}],"wp:attachment":[{"href":"https:\/\/www.mysexualfantasy.eu\/en\/wp-json\/wp\/v2\/media?parent=69192"}],"wp:term":[{"taxonomy":"product_brand","embeddable":true,"href":"https:\/\/www.mysexualfantasy.eu\/en\/wp-json\/wp\/v2\/product_brand?post=69192"},{"taxonomy":"product_cat","embeddable":true,"href":"https:\/\/www.mysexualfantasy.eu\/en\/wp-json\/wp\/v2\/product_cat?post=69192"},{"taxonomy":"product_tag","embeddable":true,"href":"https:\/\/www.mysexualfantasy.eu\/en\/wp-json\/wp\/v2\/product_tag?post=69192"}],"curies":[{"name":"wp","href":"https:\/\/api.w.org\/{rel}","templated":true}]}}