{"id":69194,"date":"2023-01-13T14:34:47","date_gmt":"2023-01-13T14:34:47","guid":{"rendered":"https:\/\/www.mysexualfantasy.eu\/?post_type=product&#038;p=69194"},"modified":"2023-12-06T16:21:01","modified_gmt":"2023-12-06T16:21:01","slug":"taloka-dale-chispa-a-la-lengua-besos-magicos-fresa","status":"publish","type":"product","link":"https:\/\/www.mysexualfantasy.eu\/en\/product\/taloka-dale-chispa-a-la-lengua-besos-magicos-fresa\/","title":{"rendered":"TALOKA &#8211; \u00a1DALE CHISPA A LA LENGUA! BESOS M\u00c1GICOS FRESA"},"content":{"rendered":"<p><strong>BESOS M\u00c1GICOS DE FRAMBUESA AZUL \u00a1DALE CHISPA A LA LENGUA! CARAMELOS CON CHASQUIDOS<\/strong><\/p>\n<p>Dale rinda suelta a tu lengua con este excitante caramelo. Es un bl\u00edster con un tarro de 30 gr.<\/p>\n<p>Modo de empleo: con s\u00f3lo espolvorear un poco en la boca ya estar\u00e9is preparados para besaros apasionadamente.<\/p>\n<p>DALE RIENDA SUELTA A TU IMAGINACION.<\/p>\n<p>Ingredientes: caramelo con\u00a0chasquidos, sabor <span style=\"font-size: 13px;\">FRESA<\/span>. Az\u00facar, jarabe de ma\u00edz, lactosa (de leche), regulador de acidez: \u00e1cido m\u00e1lico; di\u00f3xido de carbono, sabor fresa, color rojo: antocianinas, clorofilas y clorofilitas, fcf azul brillante.<\/p>\n<p><strong>Diablo Picante<\/strong>, pioneros en Espa\u00f1a en la fabricaci\u00f3n\u00a0de art\u00edculos divertidos con tem\u00e1tica er\u00f3tica para todo tipo de celebraciones:\u00a0despedidas, cumplea\u00f1os, jubilaciones, bromas, fiestas y cualquier otro evento con amigos y compa\u00f1eros.<\/p>","protected":false},"excerpt":{"rendered":"<p>TALOKA &#8211; SPARKLING FOR THE TONGUE! STRAWBERRY MAGICAL KISSES<\/p>","protected":false},"featured_media":69195,"comment_status":"open","ping_status":"closed","template":"","meta":{"_monsterinsights_skip_tracking":false,"_monsterinsights_sitenote_active":false,"_monsterinsights_sitenote_note":"","_monsterinsights_sitenote_category":0,"_joinchat":[]},"product_brand":[],"product_cat":[1240,1203,1379,1381,1339],"product_tag":[],"class_list":{"0":"post-69194","1":"product","2":"type-product","3":"status-publish","4":"has-post-thumbnail","6":"product_cat-articulos-varios","7":"product_cat-drogueria","8":"product_cat-articulos-variosdulces","9":"product_cat-articulos-variosdulcesgolosinas-divertidas","10":"product_cat-drogueria-para-sexo-oral","11":"yith_product_brand-diverty-sex","12":"yith_product_brand-diverty-sextaloka","14":"first","15":"instock","16":"taxable","17":"shipping-taxable","18":"purchasable","19":"product-type-simple"},"aioseo_notices":[],"_links":{"self":[{"href":"https:\/\/www.mysexualfantasy.eu\/en\/wp-json\/wp\/v2\/product\/69194","targetHints":{"allow":["GET"]}}],"collection":[{"href":"https:\/\/www.mysexualfantasy.eu\/en\/wp-json\/wp\/v2\/product"}],"about":[{"href":"https:\/\/www.mysexualfantasy.eu\/en\/wp-json\/wp\/v2\/types\/product"}],"replies":[{"embeddable":true,"href":"https:\/\/www.mysexualfantasy.eu\/en\/wp-json\/wp\/v2\/comments?post=69194"}],"wp:featuredmedia":[{"embeddable":true,"href":"https:\/\/www.mysexualfantasy.eu\/en\/wp-json\/wp\/v2\/media\/69195"}],"wp:attachment":[{"href":"https:\/\/www.mysexualfantasy.eu\/en\/wp-json\/wp\/v2\/media?parent=69194"}],"wp:term":[{"taxonomy":"product_brand","embeddable":true,"href":"https:\/\/www.mysexualfantasy.eu\/en\/wp-json\/wp\/v2\/product_brand?post=69194"},{"taxonomy":"product_cat","embeddable":true,"href":"https:\/\/www.mysexualfantasy.eu\/en\/wp-json\/wp\/v2\/product_cat?post=69194"},{"taxonomy":"product_tag","embeddable":true,"href":"https:\/\/www.mysexualfantasy.eu\/en\/wp-json\/wp\/v2\/product_tag?post=69194"}],"curies":[{"name":"wp","href":"https:\/\/api.w.org\/{rel}","templated":true}]}}