{"id":7005,"date":"2023-01-13T14:22:31","date_gmt":"2023-01-13T14:22:31","guid":{"rendered":"https:\/\/www.mysexualfantasy.eu\/?post_type=product&#038;p=7005"},"modified":"2023-12-06T15:31:04","modified_gmt":"2023-12-06T15:31:04","slug":"joyballs-single-lifestyle-violeta","status":"publish","type":"product","link":"https:\/\/www.mysexualfantasy.eu\/en\/product\/joyballs-single-lifestyle-violeta\/","title":{"rendered":"JOYBALLS SINGLE LIFESTYLE VIOLETA"},"content":{"rendered":"<p>Joyballs estan fabricadas en la nueva silicona Silikomed, logran un mayor resultado en menor tiempo gracias al material suave, comodo, resistente y de gran calidad.<\/p>\n<p>Estimulaci\u00f3n suave y entrenamiento efectivo de los m\u00fasculos del suelo p\u00e9lvico mediante el innovador efecto trampol\u00edn.<\/p>\n<p>Las Joyballs est\u00e1n especialemnte dise\u00f1adas para reforzar el suelo pelvico con alta tecnologia alemana.<\/p>\n<ul>\n<li>Para un mayor placer durante las relaciones sexuales.<\/li>\n<li>Como m\u00e9todo efectivo para la involuci\u00f3n uterina postparto<\/li>\n<li>Para prevenir\u00a0 y colaborar con el tratamiento de la incontinencia.<\/li>\n<li>Efecto trampol\u00edn = oscilaciones\u00a0 efecientes de la esfera inferior.<\/li>\n<li>Muy silenciosas.<\/li>\n<\/ul>\n<p>Fabricadas con material silikomed- el material del futuro<\/p>\n<ul>\n<li>No irrita la mucosa y es muy bueno para la piel<\/li>\n<li>Comprobado dermatol\u00f3gicamente y clinicamente<\/li>\n<li>Comprobado por la Asociaci\u00f3n\u00a0 de inspecci\u00f3n t\u00e9cnica en Alemania<\/li>\n<li>Impermeable y de facil limpieza.<\/li>\n<li>Adecuado para todo tipo de lubricante.<\/li>\n<\/ul>\n<p>Las nuevas Joyballs estan fabricadas 100% en <strong>Alemania <\/strong>con estrictos controles de calidad\u00a0 y 100% silicona libre de phalatos.<\/p>\n<ul>\n<li>Diametro bola: approx. 3,5 cm, Weight: 42 g<\/li>\n<\/ul>\n<p>5 a\u00f1os de garant\u00eda en los materiales e incluye practica bolsa para guardar las bolas despues de su uso.<\/p>","protected":false},"excerpt":{"rendered":"<p>JOYBALLS SINGLE LIFESTYLE VIOLET<\/p>","protected":false},"featured_media":66972,"comment_status":"open","ping_status":"closed","template":"","meta":{"_monsterinsights_skip_tracking":false,"_monsterinsights_sitenote_active":false,"_monsterinsights_sitenote_note":"","_monsterinsights_sitenote_category":0,"_joinchat":[]},"product_brand":[],"product_cat":[1158,1159,1264,1265,1152],"product_tag":[],"class_list":{"0":"post-7005","1":"product","2":"type-product","3":"status-publish","4":"has-post-thumbnail","6":"product_cat-juguetes-bienestar-bolas","7":"product_cat-juguetes-bienestar-bolasbolas-anales","8":"product_cat-juguetes-bienestar-bolasbolas-basicas","9":"product_cat-juguetes-bienestar-bolasbolas-silicona","10":"product_cat-juguetes-bienestar","11":"yith_product_brand-joydivision","12":"yith_product_brand-joydivisionjoydivision-joyballs","14":"first","15":"instock","16":"taxable","17":"shipping-taxable","18":"purchasable","19":"product-type-simple"},"aioseo_notices":[],"_links":{"self":[{"href":"https:\/\/www.mysexualfantasy.eu\/en\/wp-json\/wp\/v2\/product\/7005","targetHints":{"allow":["GET"]}}],"collection":[{"href":"https:\/\/www.mysexualfantasy.eu\/en\/wp-json\/wp\/v2\/product"}],"about":[{"href":"https:\/\/www.mysexualfantasy.eu\/en\/wp-json\/wp\/v2\/types\/product"}],"replies":[{"embeddable":true,"href":"https:\/\/www.mysexualfantasy.eu\/en\/wp-json\/wp\/v2\/comments?post=7005"}],"wp:featuredmedia":[{"embeddable":true,"href":"https:\/\/www.mysexualfantasy.eu\/en\/wp-json\/wp\/v2\/media\/66972"}],"wp:attachment":[{"href":"https:\/\/www.mysexualfantasy.eu\/en\/wp-json\/wp\/v2\/media?parent=7005"}],"wp:term":[{"taxonomy":"product_brand","embeddable":true,"href":"https:\/\/www.mysexualfantasy.eu\/en\/wp-json\/wp\/v2\/product_brand?post=7005"},{"taxonomy":"product_cat","embeddable":true,"href":"https:\/\/www.mysexualfantasy.eu\/en\/wp-json\/wp\/v2\/product_cat?post=7005"},{"taxonomy":"product_tag","embeddable":true,"href":"https:\/\/www.mysexualfantasy.eu\/en\/wp-json\/wp\/v2\/product_tag?post=7005"}],"curies":[{"name":"wp","href":"https:\/\/api.w.org\/{rel}","templated":true}]}}