{"id":70264,"date":"2023-01-13T14:41:49","date_gmt":"2023-01-13T14:41:49","guid":{"rendered":"https:\/\/www.mysexualfantasy.eu\/?post_type=product&#038;p=70264"},"modified":"2023-12-06T16:09:24","modified_gmt":"2023-12-06T16:09:24","slug":"satisfyer-bold-lover-dedal-vibrador-rosa","status":"publish","type":"product","link":"https:\/\/www.mysexualfantasy.eu\/en\/product\/satisfyer-bold-lover-dedal-vibrador-rosa\/","title":{"rendered":"SATISFYER BOLD LOVER DEDAL VIBRADOR &#8211; ROSA"},"content":{"rendered":"<p>Satisfyer Bold Lover es un vibrador de dedo ideal para principiantes, que destaca sobre todo por su manejo intuitivo, sus potentes vibraciones y su versatilidad.<\/p>\n<p><strong>Informaci\u00f3n del producto \u00abSatisfyer Bold Lover\u00bb<\/strong><\/p>\n<ul>\n<li>Vibrador de dedo vers\u00e1til<\/li>\n<li>Vibraci\u00f3n profunda superfuerte<\/li>\n<li>Silicona inocua para el cuerpo<\/li>\n<li>15 a\u00f1os de garant\u00eda<\/li>\n<li>Vibrador de dedo vers\u00e1til<\/li>\n<li>12 programas de vibraci\u00f3n<\/li>\n<li>Silicona inocua para el cuerpo<\/li>\n<li>Impermeable (IPX7)<\/li>\n<li>Modo susurro<\/li>\n<li>Bater\u00eda de iones de litio<\/li>\n<li>Cable de carga magn\u00e9tico USB incluido<\/li>\n<li>F\u00e1cil de limpiar<\/li>\n<\/ul>\n<p><strong>Satisfyer Bold Lover: vibrador de dedo potente <\/strong><\/p>\n<p>Al Satisfyer Bold Lover le encanta estar envuelto alrededor de tu dedo: solo tienes que introducir el dedo por su lazo y mimar tus zonas er\u00f3genas con vibraciones potentes e intensas. Tanto como vibrador de cl\u00edtoris como para otras zonas calientes como el pene, los pezones o la zona perineal, el Satisfyer Bold Lover destaca por sus vers\u00e1tiles posibilidades de uso y su intuitivo manejo. Gracias a su peque\u00f1a punta, garantiza una estimulaci\u00f3n precisa. Los 12 programas de vibraci\u00f3n del vibrador de dedo tambi\u00e9n ofrecen una gran variedad una y otra vez en los momentos en solitario o al hacer el amor en pareja.<\/p>\n<p><strong>Cu\u00e1les son las otras ventajas que ofrece el Satisfyer Bold Lover? <\/strong><\/p>\n<p>El cuerpo del peque\u00f1o vibrador de dedo est\u00e1 fabricado con silicona m\u00e9dica suave y se adapta perfectamente a tu mano gracias a su forma curvada. La estimulaci\u00f3n excitante del cl\u00edtoris bajo el agua tambi\u00e9n es posible con el Satisfyer Bold Lover: gracias a su acabado impermeable (IPX7), el vibrador de dedo puede darte placer incluso bajo la ducha o en la ba\u00f1era. Despu\u00e9s de usarlo, simplemente tienes que limpiarlo con agua tibia, un poco de jab\u00f3n y un limpiador de dispositivos de bienestar sexual y darle la energ\u00eda necesaria para las pr\u00f3ximas horas en compa\u00f1\u00eda con el cable de carga USB incluido.<\/p>","protected":false},"excerpt":{"rendered":"<p>SATISFYER BOLD LOVER FINGER VIBRATOR &#8211; PINK<\/p>","protected":false},"featured_media":70265,"comment_status":"open","ping_status":"closed","template":"","meta":{"_monsterinsights_skip_tracking":false,"_monsterinsights_sitenote_active":false,"_monsterinsights_sitenote_note":"","_monsterinsights_sitenote_category":0,"_joinchat":[]},"product_brand":[],"product_cat":[121,189,119,245,853,258],"product_tag":[],"class_list":{"0":"post-70264","1":"product","2":"type-product","3":"status-publish","4":"has-post-thumbnail","6":"product_cat-juguetes-sexuales-xxxacuaticos","7":"product_cat-juguetes-sexuales-xxxestimuladores","8":"product_cat-juguetes-sexuales-xxx","9":"product_cat-juguetes-sexuales-xxxmasturbadores-para-ellas","10":"product_cat-juguetes-sexuales-xxxestimuladorespara-clitoris","11":"product_cat-juguetes-sexuales-xxxvibradores","12":"yith_product_brand-satisfyer","13":"yith_product_brand-satisfyer-satisfyer-vibrator","15":"first","16":"instock","17":"taxable","18":"shipping-taxable","19":"purchasable","20":"product-type-simple"},"aioseo_notices":[],"_links":{"self":[{"href":"https:\/\/www.mysexualfantasy.eu\/en\/wp-json\/wp\/v2\/product\/70264","targetHints":{"allow":["GET"]}}],"collection":[{"href":"https:\/\/www.mysexualfantasy.eu\/en\/wp-json\/wp\/v2\/product"}],"about":[{"href":"https:\/\/www.mysexualfantasy.eu\/en\/wp-json\/wp\/v2\/types\/product"}],"replies":[{"embeddable":true,"href":"https:\/\/www.mysexualfantasy.eu\/en\/wp-json\/wp\/v2\/comments?post=70264"}],"wp:featuredmedia":[{"embeddable":true,"href":"https:\/\/www.mysexualfantasy.eu\/en\/wp-json\/wp\/v2\/media\/70265"}],"wp:attachment":[{"href":"https:\/\/www.mysexualfantasy.eu\/en\/wp-json\/wp\/v2\/media?parent=70264"}],"wp:term":[{"taxonomy":"product_brand","embeddable":true,"href":"https:\/\/www.mysexualfantasy.eu\/en\/wp-json\/wp\/v2\/product_brand?post=70264"},{"taxonomy":"product_cat","embeddable":true,"href":"https:\/\/www.mysexualfantasy.eu\/en\/wp-json\/wp\/v2\/product_cat?post=70264"},{"taxonomy":"product_tag","embeddable":true,"href":"https:\/\/www.mysexualfantasy.eu\/en\/wp-json\/wp\/v2\/product_tag?post=70264"}],"curies":[{"name":"wp","href":"https:\/\/api.w.org\/{rel}","templated":true}]}}