{"id":70293,"date":"2023-01-13T14:41:59","date_gmt":"2023-01-13T14:41:59","guid":{"rendered":"https:\/\/www.mysexualfantasy.eu\/?post_type=product&#038;p=70293"},"modified":"2023-12-06T16:09:35","modified_gmt":"2023-12-06T16:09:35","slug":"diversia-bunny-rotation-24-cm","status":"publish","type":"product","link":"https:\/\/www.mysexualfantasy.eu\/en\/product\/diversia-bunny-rotation-24-cm\/","title":{"rendered":"DIVERSIA &#8211; BUNNY ROTATION 24 CM"},"content":{"rendered":"<p>Diversia\u00a0es amor al sexo desde el respeto total a la libertad sin seguir los patrones ideol\u00f3gicos impuestos.\u00a0Diversia\u00a0es diversidad sexual, pero Qu\u00e9 ofrecemos?<\/p>\n<p>Diversia lanza la nueva colecci\u00f3n de vibradores y rotadores que cuentan con motores de nueva\u00a0generaci\u00f3n, consiguiendo un aumento de potencia con mayor durabilidad. El Sistema Multi-Funci\u00f3n Squeel incorpora distintos patrones de movimiento para una incre\u00edble estimulaci\u00f3n del cl\u00edtoris. Su acabado premium de silicona s\u00faper suave es un plus para los orgasmos m\u00e1s exigentes.\u00a0Todos los vibradores y rotadores de la nueva colecci\u00f3n de Diversia\u00a0se recargan v\u00eda USB, son elegantes y su\u00a0acabado premium de silicona s\u00faper suave e hipoalerg\u00e9nica es un plus para los orgasmos m\u00e1s exigentes.<\/p>\n<p>La gama <span style=\"font-size: 13px;\">DIVERSIA BUNNY ROTATION<\/span> incorpora una base de suaves perlas giratorias y cabezal curvo oscilante que te llevaran al cl\u00edmax, gracias al contacto con el punto G.<\/p>\n<p><strong>Especificaciones:<\/strong><\/p>\n<ul>\n<li>7 modos de rotaci\u00f3n<\/li>\n<li>7 modos de estimulaci\u00f3n del cl\u00edtoris<\/li>\n<li>24.0 cm x 3.5 cm (Insertable 14.0 cm)<\/li>\n<li>Motor potente<\/li>\n<li>Recargable por USB<\/li>\n<li>Impermeable<\/li>\n<li>Ergon\u00f3mico<\/li>\n<li>Silicona s\u00faper suave<\/li>\n<li>ABS Hipoalerg\u00e9nico<\/li>\n<li>Material seguro para el cuerpo<\/li>\n<li>Libre de\u00a0ftalatos<\/li>\n<li><strong>Regalo\u00a0<\/strong>Lubricante WATERFEEL Neutro 6 ml<\/li>\n<\/ul>","protected":false},"excerpt":{"rendered":"<p>DIVERSIA &#8211; BUNNY ROTATION 24 CM<\/p>","protected":false},"featured_media":70294,"comment_status":"open","ping_status":"closed","template":"","meta":{"_monsterinsights_skip_tracking":false,"_monsterinsights_sitenote_active":false,"_monsterinsights_sitenote_note":"","_monsterinsights_sitenote_category":0,"_joinchat":[]},"product_brand":[],"product_cat":[1156,1152,1155,1165,1163,1309,1194,1153,1293,1195],"product_tag":[],"class_list":{"0":"post-70293","1":"product","2":"type-product","3":"status-publish","4":"has-post-thumbnail","6":"product_cat-juguetes-bienestar-juguetes-para-mujeresestimuladores","7":"product_cat-juguetes-bienestar","8":"product_cat-juguetes-bienestar-juguetes-para-mujeres","9":"product_cat-juguetes-bienestar-juguetes-para-mujeresmasturbadores-para-ellas","10":"product_cat-juguetes-bienestar-juguetes-para-mujeresestimuladorespara-clitoris","11":"product_cat-juguetes-bienestar-juguetes-para-mujerespunto-g","12":"product_cat-juguetes-bienestar-vibradoresrotadores-y-vibradores","13":"product_cat-juguetes-bienestar-vibradores","14":"product_cat-juguetes-bienestar-vibradoresvibradores-punto-g","15":"product_cat-juguetes-bienestar-vibradoresvibradores-rabbit","16":"yith_product_brand-diversia","18":"first","19":"instock","20":"taxable","21":"shipping-taxable","22":"purchasable","23":"product-type-simple"},"aioseo_notices":[],"_links":{"self":[{"href":"https:\/\/www.mysexualfantasy.eu\/en\/wp-json\/wp\/v2\/product\/70293","targetHints":{"allow":["GET"]}}],"collection":[{"href":"https:\/\/www.mysexualfantasy.eu\/en\/wp-json\/wp\/v2\/product"}],"about":[{"href":"https:\/\/www.mysexualfantasy.eu\/en\/wp-json\/wp\/v2\/types\/product"}],"replies":[{"embeddable":true,"href":"https:\/\/www.mysexualfantasy.eu\/en\/wp-json\/wp\/v2\/comments?post=70293"}],"wp:featuredmedia":[{"embeddable":true,"href":"https:\/\/www.mysexualfantasy.eu\/en\/wp-json\/wp\/v2\/media\/70294"}],"wp:attachment":[{"href":"https:\/\/www.mysexualfantasy.eu\/en\/wp-json\/wp\/v2\/media?parent=70293"}],"wp:term":[{"taxonomy":"product_brand","embeddable":true,"href":"https:\/\/www.mysexualfantasy.eu\/en\/wp-json\/wp\/v2\/product_brand?post=70293"},{"taxonomy":"product_cat","embeddable":true,"href":"https:\/\/www.mysexualfantasy.eu\/en\/wp-json\/wp\/v2\/product_cat?post=70293"},{"taxonomy":"product_tag","embeddable":true,"href":"https:\/\/www.mysexualfantasy.eu\/en\/wp-json\/wp\/v2\/product_tag?post=70293"}],"curies":[{"name":"wp","href":"https:\/\/api.w.org\/{rel}","templated":true}]}}