{"id":70334,"date":"2023-01-13T14:42:13","date_gmt":"2023-01-13T14:42:13","guid":{"rendered":"https:\/\/www.mysexualfantasy.eu\/?post_type=product&#038;p=70334"},"modified":"2023-12-06T16:09:39","modified_gmt":"2023-12-06T16:09:39","slug":"satisfyer-dipping-delight-vibrador-lay-on-rojo","status":"publish","type":"product","link":"https:\/\/www.mysexualfantasy.eu\/en\/product\/satisfyer-dipping-delight-vibrador-lay-on-rojo\/","title":{"rendered":"SATISFYER DIPPING DELIGHT VIBRADOR LAY-ON &#8211; ROJO"},"content":{"rendered":"<p>Sum\u00e9rgete en el placer&#8230; Necesitas estimular el cl\u00edtoris de forma precisa o profunda o quiz\u00e1s juguetear a \u00absolo la puntita\u00bb?<\/p>\n<p><strong>Informaci\u00f3n del producto \u00abSatisfyer Dipping Delight\u00bb<\/strong><\/p>\n<ul>\n<li>Los potentes patrones de vibraci\u00f3n proporcionan una intensa estimulaci\u00f3n del cl\u00edtoris<\/li>\n<li>Fabricado con silicona de grado m\u00e9dico supersuave, agradable para la piel, suave al tacto y extremadamente higi\u00e9nica<\/li>\n<li>Gracias a su acabado impermeable (IPX7), este juguete se puede usar de forma segura en el agua, adem\u00e1s de ser f\u00e1cil de limpiar<\/li>\n<li>Estimulaci\u00f3n del cl\u00edtoris gracias a sus 2 potentes motores<\/li>\n<li>12 programas de vibraci\u00f3n<\/li>\n<li>Modo de susurro<\/li>\n<li>Garant\u00eda de 15 a\u00f1os<\/li>\n<li>F\u00e1cil de limpiar<\/li>\n<li>Bater\u00eda de iones de litio<\/li>\n<li>Cable de carga magn\u00e9tico por USB<\/li>\n<\/ul>\n<p><strong>Cu\u00e1les son las caracter\u00edsticas especiales de Dipping Delight?<\/strong><\/p>\n<p>\u00a1El Dipping Delight tiene una punta destacada, curva y muy suave para lograr sensaciones que desconoc\u00edas! Ideal para principiantes gracias a su sencillo funcionamiento y dise\u00f1o divertido. Con un cuerpo firme recubierto de silicona suave, la punta est\u00e1 totalmente hecha de silicona, lo que la hace completamente flexible y logra generar sensaciones con toda la punta, perfecto para estimular con precisi\u00f3n cl\u00edtoris o juguetear un poco.<\/p>\n<p>El Dipping Delight tiene una punta doblada, para una estimulaci\u00f3n desde arriba, as\u00ed como detalles acanalados para que descubras m\u00e1s sensaciones. Proporciona una sensaci\u00f3n m\u00e1s amplia que un vibrador de contacto t\u00edpico, disfruta de sensaciones m\u00e1s intensas gracias a los 2 potentes motores a trav\u00e9s de 12 programas de vibraci\u00f3n diferentes. El Dipping Delight est\u00e1 fabricado con silicona inocua para el cuerpo, es recargable e impermeable (IPX7).<\/p>\n<p>\u00a1Mucho m\u00e1s que una punta!<\/p>","protected":false},"excerpt":{"rendered":"<p>SATISFYER DIPPING DELIGHT LAY-ON VIBRATOR &#8211; RED<\/p>","protected":false},"featured_media":70335,"comment_status":"open","ping_status":"closed","template":"","meta":{"_monsterinsights_skip_tracking":false,"_monsterinsights_sitenote_active":false,"_monsterinsights_sitenote_note":"","_monsterinsights_sitenote_category":0,"_joinchat":[]},"product_brand":[],"product_cat":[121,189,119,838,853,258],"product_tag":[],"class_list":{"0":"post-70334","1":"product","2":"type-product","3":"status-publish","4":"has-post-thumbnail","6":"product_cat-juguetes-sexuales-xxxacuaticos","7":"product_cat-juguetes-sexuales-xxxestimuladores","8":"product_cat-juguetes-sexuales-xxx","9":"product_cat-juguetes-sexuales-xxxmasajeadores","10":"product_cat-juguetes-sexuales-xxxestimuladorespara-clitoris","11":"product_cat-juguetes-sexuales-xxxvibradores","12":"yith_product_brand-satisfyer","13":"yith_product_brand-satisfyer-satisfyer-layons","15":"first","16":"instock","17":"taxable","18":"shipping-taxable","19":"purchasable","20":"product-type-simple"},"aioseo_notices":[],"_links":{"self":[{"href":"https:\/\/www.mysexualfantasy.eu\/en\/wp-json\/wp\/v2\/product\/70334","targetHints":{"allow":["GET"]}}],"collection":[{"href":"https:\/\/www.mysexualfantasy.eu\/en\/wp-json\/wp\/v2\/product"}],"about":[{"href":"https:\/\/www.mysexualfantasy.eu\/en\/wp-json\/wp\/v2\/types\/product"}],"replies":[{"embeddable":true,"href":"https:\/\/www.mysexualfantasy.eu\/en\/wp-json\/wp\/v2\/comments?post=70334"}],"wp:featuredmedia":[{"embeddable":true,"href":"https:\/\/www.mysexualfantasy.eu\/en\/wp-json\/wp\/v2\/media\/70335"}],"wp:attachment":[{"href":"https:\/\/www.mysexualfantasy.eu\/en\/wp-json\/wp\/v2\/media?parent=70334"}],"wp:term":[{"taxonomy":"product_brand","embeddable":true,"href":"https:\/\/www.mysexualfantasy.eu\/en\/wp-json\/wp\/v2\/product_brand?post=70334"},{"taxonomy":"product_cat","embeddable":true,"href":"https:\/\/www.mysexualfantasy.eu\/en\/wp-json\/wp\/v2\/product_cat?post=70334"},{"taxonomy":"product_tag","embeddable":true,"href":"https:\/\/www.mysexualfantasy.eu\/en\/wp-json\/wp\/v2\/product_tag?post=70334"}],"curies":[{"name":"wp","href":"https:\/\/api.w.org\/{rel}","templated":true}]}}