{"id":70384,"date":"2023-01-13T14:42:29","date_gmt":"2023-01-13T14:42:29","guid":{"rendered":"https:\/\/www.mysexualfantasy.eu\/?post_type=product&#038;p=70384"},"modified":"2023-12-06T16:09:51","modified_gmt":"2023-12-06T16:09:51","slug":"happy-loky-donald-triple-estimulacion-anal-punto-g-clitoris-compatible-con-watchme-wireless-technology","status":"publish","type":"product","link":"https:\/\/www.mysexualfantasy.eu\/en\/product\/happy-loky-donald-triple-estimulacion-anal-punto-g-clitoris-compatible-con-watchme-wireless-technology\/","title":{"rendered":"HAPPY LOKY &#8211; DONALD TRIPLE ESTIMULACI\u00d3N: ANAL, PUNTO G  CL\u00cdTORIS COMPATIBLE CON WATCHME WIRELESS TECHNOLOGY"},"content":{"rendered":"<p>No tienes excusas, \u00a1con HAPPY LOKY ser\u00e1s m\u00e1s feliz! Los nuevos juguetes de HAPPY LOKY arrasan gracias a sus potentes motores de baja frecuencia. La silicona suave y sedosa realza el dise\u00f1o joven de un juguete que siempre deja con ganas de m\u00e1s.<\/p>\n<p>Disfruta de la triple estimulaci\u00f3n: anal, vaginal y de cl\u00edtoris. El juguete perfecto para los amantes de las emociones fuertes. La gama <span style=\"font-size: 13px;\">DONALD TRIPLE ESTIMULACI\u00d3N ANAL, PUNTO G  CL\u00cdTORIS<\/span> incorpora un conjunto de funciones nunca antes visto en un vibrador: estimulaci\u00f3n del punto G gracias a su base de suaves perlas giratorias, penetraci\u00f3n mediante la asombrosa\u00a0funci\u00f3n \u201cup  down\u201c, estimulaci\u00f3n anal mediante bolas vibradoras, estimulaci\u00f3n del cl\u00edtoris gracias a su incre\u00edble \u00abrabbit\u00bb y, adem\u00e1s, es compatible con la novedosa tecnolog\u00eda de control remoto Watchme.<\/p>\n<p><strong>Especificaciones:<\/strong><\/p>\n<ul>\n<li>10 modos de vibraci\u00f3n<\/li>\n<li>4 velocidades de rotaci\u00f3n<\/li>\n<li>Perlas giratorias<\/li>\n<li>Bolas anales vibradoras (desde 1.5 cm hasta 2.5 cm)<\/li>\n<li>Movimiento \u00abempuje\u00bb<\/li>\n<li>2 motores\u00a0super\u00a0potentes<\/li>\n<li>Estimulaci\u00f3n del cl\u00edtoris,\u00a0del punto G y anal<\/li>\n<li>24.5\u00a0cm x 3.2\u00a0cm (Insertable 13.0\u00a0cm)<\/li>\n<li>Compatible con\u00a0<strong>Watchme\u00a0Wireless Technology\u00a0<\/strong>(no incluye reloj control remoto)<\/li>\n<li>Recargable por USB<\/li>\n<li>Impermeable IPX7<\/li>\n<li>Silicona s\u00faper suave y ABS<\/li>\n<li>Material seguro para el cuerpo<\/li>\n<li>Libre de\u00a0ftalatos<\/li>\n<li><strong>Regalo\u00a0<\/strong>Lubricante WATERFEEL Neutro 6 ml<\/li>\n<\/ul>","protected":false},"excerpt":{"rendered":"<p>HAPPY LOKY &#8211; DONALD TRIPLE STIMULATION: ANAL, G-SPOT  CLITORAL WATCHME WIRELESS TECHNOLOGY COMPATIBLE<\/p>","protected":false},"featured_media":70385,"comment_status":"open","ping_status":"closed","template":"","meta":{"_monsterinsights_skip_tracking":false,"_monsterinsights_sitenote_active":false,"_monsterinsights_sitenote_note":"","_monsterinsights_sitenote_category":0,"_joinchat":[]},"product_brand":[],"product_cat":[1193,1162,1156,1157,1152,1155,1163,1309,1153,1154,1192,1195],"product_tag":[],"class_list":{"0":"post-70384","1":"product","2":"type-product","3":"status-publish","4":"has-post-thumbnail","6":"product_cat-juguetes-bienestar-vibradores100-sumergible","7":"product_cat-juguetes-bienestar-anal","8":"product_cat-juguetes-bienestar-juguetes-para-mujeresestimuladores","9":"product_cat-juguetes-bienestar-juguetes-para-mujeresestimuladoreshuevos-vibradores","10":"product_cat-juguetes-bienestar","11":"product_cat-juguetes-bienestar-juguetes-para-mujeres","12":"product_cat-juguetes-bienestar-juguetes-para-mujeresestimuladorespara-clitoris","13":"product_cat-juguetes-bienestar-juguetes-para-mujerespunto-g","14":"product_cat-juguetes-bienestar-vibradores","15":"product_cat-juguetes-bienestar-vibradoresvibradores-control-remoto","16":"product_cat-juguetes-bienestar-vibradoresvibradores-hi-tech","17":"product_cat-juguetes-bienestar-vibradoresvibradores-rabbit","18":"yith_product_brand-happy-loky","20":"first","21":"instock","22":"taxable","23":"shipping-taxable","24":"purchasable","25":"product-type-simple"},"aioseo_notices":[],"_links":{"self":[{"href":"https:\/\/www.mysexualfantasy.eu\/en\/wp-json\/wp\/v2\/product\/70384","targetHints":{"allow":["GET"]}}],"collection":[{"href":"https:\/\/www.mysexualfantasy.eu\/en\/wp-json\/wp\/v2\/product"}],"about":[{"href":"https:\/\/www.mysexualfantasy.eu\/en\/wp-json\/wp\/v2\/types\/product"}],"replies":[{"embeddable":true,"href":"https:\/\/www.mysexualfantasy.eu\/en\/wp-json\/wp\/v2\/comments?post=70384"}],"wp:featuredmedia":[{"embeddable":true,"href":"https:\/\/www.mysexualfantasy.eu\/en\/wp-json\/wp\/v2\/media\/70385"}],"wp:attachment":[{"href":"https:\/\/www.mysexualfantasy.eu\/en\/wp-json\/wp\/v2\/media?parent=70384"}],"wp:term":[{"taxonomy":"product_brand","embeddable":true,"href":"https:\/\/www.mysexualfantasy.eu\/en\/wp-json\/wp\/v2\/product_brand?post=70384"},{"taxonomy":"product_cat","embeddable":true,"href":"https:\/\/www.mysexualfantasy.eu\/en\/wp-json\/wp\/v2\/product_cat?post=70384"},{"taxonomy":"product_tag","embeddable":true,"href":"https:\/\/www.mysexualfantasy.eu\/en\/wp-json\/wp\/v2\/product_tag?post=70384"}],"curies":[{"name":"wp","href":"https:\/\/api.w.org\/{rel}","templated":true}]}}