{"id":70390,"date":"2023-01-13T14:42:31","date_gmt":"2023-01-13T14:42:31","guid":{"rendered":"https:\/\/www.mysexualfantasy.eu\/?post_type=product&#038;p=70390"},"modified":"2023-12-06T16:10:15","modified_gmt":"2023-12-06T16:10:15","slug":"satisfyer-threesome-1-vibrador-azul","status":"publish","type":"product","link":"https:\/\/www.mysexualfantasy.eu\/en\/product\/satisfyer-threesome-1-vibrador-azul\/","title":{"rendered":"SATISFYER THREESOME 1 VIBRADOR &#8211; AZUL"},"content":{"rendered":"<p>Menage \u00e0 trois contigo a solas? \u00a1No hay problema con el Satisfyer Threesome 1! Un vibrador tan sexy como se puede ver y brinda la atenci\u00f3n que mereces.<\/p>\n<p><strong>Informaci\u00f3n del producto Satisfyer \u00abThreesome 1<\/strong><strong>\u00ab<\/strong><\/p>\n<ul>\n<li>3 motores s\u00faper potentes<\/li>\n<li>12 programas de vibraci\u00f3n<\/li>\n<li>Estimulaci\u00f3n sensual del cl\u00edtoris y de los labios vaginales<\/li>\n<li>Tecnolog\u00eda Silicone Flex<\/li>\n<li>15 a\u00f1os de garant\u00eda<\/li>\n<li>Modo susurro<\/li>\n<li>Fabricadas con silicona m\u00e9dica s\u00faper suave e inocua para la piel y con un tacto sedoso<\/li>\n<li>Bater\u00eda recargable de iones de litio<\/li>\n<li>Impermeable (IPX7)<\/li>\n<li>Cable de carga USB magn\u00e9tico incluido<\/li>\n<li>F\u00e1cil de limpiar<\/li>\n<\/ul>\n<p><strong>Qu\u00e9 otras ventajas presenta el vibrador Satisfyer Threesome 1? <\/strong><\/p>\n<p>El Threesome 1 viene con tres brazos flexibles, cada uno de los cuales alberga un potente motor. Los brazos se adaptan perfectamente a tu cuerpo y estimulan varias zonas er\u00f3genas al mismo tiempo: los dos brazos exteriores descansan sensualmente sobre tus labios, mientras que el estrecho brazo central mima tu cl\u00edtoris y se puede presionar para intensificar la estimulaci\u00f3n. El vibrador lay-on endulza tu tiempo a solas con vibraciones a\u00fan m\u00e1s intensas y profundas que te masajean con determinaci\u00f3n hacia el cl\u00edmax. Tambi\u00e9n es un verdadero placer en t\u00e9rminos de apariencia: el elegante dise\u00f1o se completa con detalles laterales.<\/p>\n<p>\u00a1El Tr\u00edo 1 est\u00e1 donde quieras! No importa si quiere pasar un buen rato en la cama o si quiere hacer un ba\u00f1o caliente a\u00fan m\u00e1s caliente, gracias al procesamiento a prueba de agua (IPX7), esto es posible. 12 niveles de vibraci\u00f3n para los dos brazos exteriores y el brazo central te permiten ir a toda velocidad dondequiera que est\u00e9s. Se siente bien: la silicona agradable para la piel se acomoda suavemente contra su centro de lujuria y evoca maravillosas horas a solas: \u00a1cierre los ojos y disfrute!<\/p>","protected":false},"excerpt":{"rendered":"<p>SATISFYER THREESOME 1 VIBRATOR &#8211; BLUE<\/p>","protected":false},"featured_media":70391,"comment_status":"open","ping_status":"closed","template":"","meta":{"_monsterinsights_skip_tracking":false,"_monsterinsights_sitenote_active":false,"_monsterinsights_sitenote_note":"","_monsterinsights_sitenote_category":0,"_joinchat":[]},"product_brand":[],"product_cat":[121,189,119,245,853,258],"product_tag":[],"class_list":{"0":"post-70390","1":"product","2":"type-product","3":"status-publish","4":"has-post-thumbnail","6":"product_cat-juguetes-sexuales-xxxacuaticos","7":"product_cat-juguetes-sexuales-xxxestimuladores","8":"product_cat-juguetes-sexuales-xxx","9":"product_cat-juguetes-sexuales-xxxmasturbadores-para-ellas","10":"product_cat-juguetes-sexuales-xxxestimuladorespara-clitoris","11":"product_cat-juguetes-sexuales-xxxvibradores","12":"yith_product_brand-satisfyer","13":"yith_product_brand-satisfyer-satisfyer-vibrator","15":"first","16":"instock","17":"taxable","18":"shipping-taxable","19":"purchasable","20":"product-type-simple"},"aioseo_notices":[],"_links":{"self":[{"href":"https:\/\/www.mysexualfantasy.eu\/en\/wp-json\/wp\/v2\/product\/70390","targetHints":{"allow":["GET"]}}],"collection":[{"href":"https:\/\/www.mysexualfantasy.eu\/en\/wp-json\/wp\/v2\/product"}],"about":[{"href":"https:\/\/www.mysexualfantasy.eu\/en\/wp-json\/wp\/v2\/types\/product"}],"replies":[{"embeddable":true,"href":"https:\/\/www.mysexualfantasy.eu\/en\/wp-json\/wp\/v2\/comments?post=70390"}],"wp:featuredmedia":[{"embeddable":true,"href":"https:\/\/www.mysexualfantasy.eu\/en\/wp-json\/wp\/v2\/media\/70391"}],"wp:attachment":[{"href":"https:\/\/www.mysexualfantasy.eu\/en\/wp-json\/wp\/v2\/media?parent=70390"}],"wp:term":[{"taxonomy":"product_brand","embeddable":true,"href":"https:\/\/www.mysexualfantasy.eu\/en\/wp-json\/wp\/v2\/product_brand?post=70390"},{"taxonomy":"product_cat","embeddable":true,"href":"https:\/\/www.mysexualfantasy.eu\/en\/wp-json\/wp\/v2\/product_cat?post=70390"},{"taxonomy":"product_tag","embeddable":true,"href":"https:\/\/www.mysexualfantasy.eu\/en\/wp-json\/wp\/v2\/product_tag?post=70390"}],"curies":[{"name":"wp","href":"https:\/\/api.w.org\/{rel}","templated":true}]}}