{"id":70441,"date":"2023-01-13T14:42:46","date_gmt":"2023-01-13T14:42:46","guid":{"rendered":"https:\/\/www.mysexualfantasy.eu\/?post_type=product&#038;p=70441"},"modified":"2023-12-06T16:10:35","modified_gmt":"2023-12-06T16:10:35","slug":"satisfyer-love-me-vibrador-rabbit-azul","status":"publish","type":"product","link":"https:\/\/www.mysexualfantasy.eu\/en\/product\/satisfyer-love-me-vibrador-rabbit-azul\/","title":{"rendered":"SATISFYER LOVE ME VIBRADOR RABBIT &#8211; AZUL"},"content":{"rendered":"<p>\u00a1\u00c1mate como nunca antes con Love Me! Gracias a su flexibilidad, puedes utilizar el mango en forma de bucle para experimentar con facilidad la estimulaci\u00f3n suprema del punto G y del cl\u00edtoris.<\/p>\n<p><strong>Informaci\u00f3n del producto \u00abLove Me\u00bb<\/strong><\/p>\n<ul>\n<li>Estimulaci\u00f3n doble e invertida<\/li>\n<li>Fabricado con silicona m\u00e9dica s\u00faper suave e inocua para la piel y con un tacto sedoso y extremadamente higi\u00e9nico<\/li>\n<li>Gracias a su acabado impermeable (IPX7), este dispositivo de bienestar sexual se puede utilizar de forma segura en el agua y es f\u00e1cil de limpiar<\/li>\n<li>2 motores con control independiente<\/li>\n<li>12 funciones de intensidad<\/li>\n<li>15 a\u00f1os de garant\u00eda<\/li>\n<li>Fabricado con silicona de grado m\u00e9dico supersuave, agradable para la piel, suave al tacto y extremadamente higi\u00e9nica<\/li>\n<li>Modo susurro<\/li>\n<li>Bater\u00eda recargable de iones de litio<\/li>\n<li>Gracias a su acabado impermeable (IPX7), este juguete se puede usar de forma segura en el agua, adem\u00e1s de ser f\u00e1cil de limpiar<\/li>\n<li>Cable de carga USB magn\u00e9tico incluido<\/li>\n<li>F\u00e1cil de limpiar<\/li>\n<\/ul>\n<p><strong>Qu\u00e9 otras ventajas presenta el Love Me<\/strong><strong>? <\/strong><\/p>\n<p>Dise\u00f1ado para las expertas en placer, Love Me ofrece una estimulaci\u00f3n doble e invertida gracias a sus 2 potentes motores.<\/p>\n<p>A diferencia de los vibradores de tipo conejito habituales, Love Me ofrece una estimulaci\u00f3n mejorada desde arriba, en lugar de desde abajo.<\/p>\n<p>Utiliza el eje grande con laterales aplanados para una estimulaci\u00f3n m\u00e1s amplia.<\/p>\n<p>El estimulador del cl\u00edtoris dispone de una estructura curvada y ondulada para conseguir una mayor estimulaci\u00f3n.<\/p>\n<p>Utilizando los botones +\/- para controlar el motor que activa la estimulaci\u00f3n del punto G, y el bot\u00f3n  para controlar por separado el motor destinado a la estimulaci\u00f3n del cl\u00edtoris, podr\u00e1s elegir f\u00e1cilmente entre sus 12 funciones individuales y encontrar tu placer ideal.<\/p>\n<p>Love Me est\u00e1 fabricado con silicona inocua para el cuerpo, es recargable e impermeable (IPX7). \u00a1\u00c1mame!<\/p>","protected":false},"excerpt":{"rendered":"<p>SATISFYER LOVE ME RABBIT VIBRATION &#8211; BLUE<\/p>","protected":false},"featured_media":70442,"comment_status":"open","ping_status":"closed","template":"","meta":{"_monsterinsights_skip_tracking":false,"_monsterinsights_sitenote_active":false,"_monsterinsights_sitenote_note":"","_monsterinsights_sitenote_category":0,"_joinchat":[]},"product_brand":[],"product_cat":[121,189,119,245,165,853,293,258],"product_tag":[],"class_list":{"0":"post-70441","1":"product","2":"type-product","3":"status-publish","4":"has-post-thumbnail","6":"product_cat-juguetes-sexuales-xxxacuaticos","7":"product_cat-juguetes-sexuales-xxxestimuladores","8":"product_cat-juguetes-sexuales-xxx","9":"product_cat-juguetes-sexuales-xxxmasturbadores-para-ellas","10":"product_cat-novedades","11":"product_cat-juguetes-sexuales-xxxestimuladorespara-clitoris","12":"product_cat-juguetes-sexuales-xxxpunto-g","13":"product_cat-juguetes-sexuales-xxxvibradores","14":"yith_product_brand-satisfyer","15":"yith_product_brand-satisfyer-satisfyer-vibrator","17":"first","18":"instock","19":"taxable","20":"shipping-taxable","21":"purchasable","22":"product-type-simple"},"aioseo_notices":[],"_links":{"self":[{"href":"https:\/\/www.mysexualfantasy.eu\/en\/wp-json\/wp\/v2\/product\/70441","targetHints":{"allow":["GET"]}}],"collection":[{"href":"https:\/\/www.mysexualfantasy.eu\/en\/wp-json\/wp\/v2\/product"}],"about":[{"href":"https:\/\/www.mysexualfantasy.eu\/en\/wp-json\/wp\/v2\/types\/product"}],"replies":[{"embeddable":true,"href":"https:\/\/www.mysexualfantasy.eu\/en\/wp-json\/wp\/v2\/comments?post=70441"}],"wp:featuredmedia":[{"embeddable":true,"href":"https:\/\/www.mysexualfantasy.eu\/en\/wp-json\/wp\/v2\/media\/70442"}],"wp:attachment":[{"href":"https:\/\/www.mysexualfantasy.eu\/en\/wp-json\/wp\/v2\/media?parent=70441"}],"wp:term":[{"taxonomy":"product_brand","embeddable":true,"href":"https:\/\/www.mysexualfantasy.eu\/en\/wp-json\/wp\/v2\/product_brand?post=70441"},{"taxonomy":"product_cat","embeddable":true,"href":"https:\/\/www.mysexualfantasy.eu\/en\/wp-json\/wp\/v2\/product_cat?post=70441"},{"taxonomy":"product_tag","embeddable":true,"href":"https:\/\/www.mysexualfantasy.eu\/en\/wp-json\/wp\/v2\/product_tag?post=70441"}],"curies":[{"name":"wp","href":"https:\/\/api.w.org\/{rel}","templated":true}]}}