{"id":7103,"date":"2023-01-13T13:27:19","date_gmt":"2023-01-13T13:27:19","guid":{"rendered":"https:\/\/www.mysexualfantasy.eu\/?post_type=product&#038;p=7103"},"modified":"2023-12-06T15:34:01","modified_gmt":"2023-12-06T15:34:01","slug":"fleshlight-vibro-pink-lady-touch-vagina","status":"publish","type":"product","link":"https:\/\/www.mysexualfantasy.eu\/en\/product\/fleshlight-vibro-pink-lady-touch-vagina\/","title":{"rendered":"FLESHLIGHT VIBRO-PINK LADY TOUCH VAGINA"},"content":{"rendered":"<p>Durante m\u00e1s de una d\u00e9cada, la Fleshlight\u00ae Vibro ha iniciado a m\u00e1s hombres en los placeres de los productos Fleshlight que cualquier otra manga Fleshlight.<\/p>\n<p>La iniciaci\u00f3n ideal en la experiencia de Fleshlight, penetrando los suaves pliegues de nuestro material patentado Real Feel SuperSkin, y desliz\u00e1ndose a lo largo de la resistente aunque suave manga Original, eleva la experiencia de la masturbaci\u00f3n a un nuevo y excitante nivel de satisfacci\u00f3n sexual sin igual.<\/p>\n<p>Si bien este modelo en particular puede carecer de la textura que ofrecen otras mangas Fleshlight, el dominio de la Original le permitir\u00e1 un mayor reconocimiento de sus predecesoras. Con menos de 2 cm, el di\u00e1metro del canal interior es lo suficientemente estrecho y ce\u00f1ido para la mayor\u00eda de los hombres, y manifiestamente mejor para aquellos con una circunferencia superior a la media.<\/p>\n<p>Fleshlight\u00ae Vibro esta dotado de una exclusiva textura touch que proporciona las sensacion de doce dedos concentricos colocados a lo largo del eje que ayudan a expandir las vibraciones desde el orificio del vibro, estimulando la desde la base de los genitales hasta\u00a0 su extremo.<\/p>\n<ul>\n<li>Fleshlight\u00ae Vibro\u00a0 es 100% seguro y muy f\u00e1cil de utilizar y limpiar.<\/li>\n<\/ul>\n<p>Modelado a partir de la anatom\u00eda femenina y disponible en color rosa claro, la Original Fleshlight\u00ae Vibro es el primer paso hacia el descubrimiento de por qu\u00e9 m\u00e1s de tres millones de hombres han elegido los productos Fleshlight para disfrutar los placeres de la masturbaci\u00f3n, solos o en pareja.<\/p>\n<p>El Fleshlight\u00ae Vibro incluye;<\/p>\n<ul>\n<li>Manga Fleshlight vibro con textura touch orificio lady<\/li>\n<li>3 balas fleshlight ( baterias incluidas)<\/li>\n<\/ul>\n<p>Este dise\u00f1o \u00fanico y patentado incluye nuestra manga SuperSkin, que encaja de manera elegante en nuestro ic\u00f3nico estuche Fleshlight negro.<\/p>\n<p>Fabricado para parecer una linterna com\u00fan, nuestro estuche Fleshlight es m\u00e1s que un discreto medio de almacenamiento, y proporciona dos importantes funciones adicionales: crear una presi\u00f3n en la manga durante el uso y permitir al usuario controlar la cantidad de succi\u00f3n experimentada, mediante el ajuste de la presi\u00f3n de la tapa del extremo.<\/p>\n<p>La manga puede retirarse f\u00e1cilmente para su limpieza, y el dise\u00f1o del estuche es compatible con cualquiera de nuestras mangas Fleshlight.<\/p>\n<p>Estos dos elementos, la manga SuperSkin y el estuche de pl\u00e1stico, se combinan para formar un dispositivo que es m\u00e1s una herramienta que un juguete sexual, proporcionando unos niveles de intensidad sin igual a trav\u00e9s de los cl\u00e1sicos m\u00e9todos para lograr la satisfacci\u00f3n sexual sin pareja.<\/p>\n<p>Con el mantenimiento adecuado, los productos Fleshlight pueden durar varios a\u00f1os.<\/p>\n<p>Usando Fleshlight\u00ae con frecuencia, fortalecer\u00e1s tus erecciones y aumentar\u00e1s la fortaleza del pene, debido al entrenamiento de los tejidos del miembro. Notar\u00e1s una mejora en pocos meses.<\/p>\n<ul>\n<li>Se adapta a todos los tama\u00f1os de pene.<\/li>\n<\/ul>\n<p>Incluye una pr\u00e1ctica tapa, para poder guardarlo y protegerlo, una vez utilizado.<\/p>\n<p style=\"text-align: center;\">\u00a0<\/p>\n<p style=\"text-align: center;\"><embed allowfullscreen=\"true\" allowscriptaccess=\"always\" height=\"361\" id=\"main\" name=\"main\" quality=\"high\" src=\"http:\/\/videos.fleshlight.com\/media\/player\/player.swf?f=http:\/\/videos.fleshlight.com\/media\/player\/config_embed.php?vkey=188\" type=\"application\/x-shockwave-flash\" width=\"452\" wmode=\"transparent\"><\/embed><\/p>","protected":false},"excerpt":{"rendered":"<p>FLESHLIGHT VIBRO-PINK LADY TOUCH<\/p>","protected":false},"featured_media":59470,"comment_status":"open","ping_status":"closed","template":"","meta":{"_monsterinsights_skip_tracking":false,"_monsterinsights_sitenote_active":false,"_monsterinsights_sitenote_note":"","_monsterinsights_sitenote_category":0,"_joinchat":[]},"product_brand":[],"product_cat":[1152,1160,1167,1168],"product_tag":[],"class_list":{"0":"post-7103","1":"product","2":"type-product","3":"status-publish","4":"has-post-thumbnail","6":"product_cat-juguetes-bienestar","7":"product_cat-juguetes-bienestar-juguetes-para-hombres","8":"product_cat-juguetes-bienestar-juguetes-para-hombresmasturbadores-para-ellos","9":"product_cat-juguetes-bienestar-juguetes-para-hombresvaginas-y-anos","10":"yith_product_brand-fleshlight","11":"yith_product_brand-fleshlightfleshlight-origin","13":"first","14":"instock","15":"taxable","16":"shipping-taxable","17":"purchasable","18":"product-type-simple"},"aioseo_notices":[],"_links":{"self":[{"href":"https:\/\/www.mysexualfantasy.eu\/en\/wp-json\/wp\/v2\/product\/7103","targetHints":{"allow":["GET"]}}],"collection":[{"href":"https:\/\/www.mysexualfantasy.eu\/en\/wp-json\/wp\/v2\/product"}],"about":[{"href":"https:\/\/www.mysexualfantasy.eu\/en\/wp-json\/wp\/v2\/types\/product"}],"replies":[{"embeddable":true,"href":"https:\/\/www.mysexualfantasy.eu\/en\/wp-json\/wp\/v2\/comments?post=7103"}],"wp:featuredmedia":[{"embeddable":true,"href":"https:\/\/www.mysexualfantasy.eu\/en\/wp-json\/wp\/v2\/media\/59470"}],"wp:attachment":[{"href":"https:\/\/www.mysexualfantasy.eu\/en\/wp-json\/wp\/v2\/media?parent=7103"}],"wp:term":[{"taxonomy":"product_brand","embeddable":true,"href":"https:\/\/www.mysexualfantasy.eu\/en\/wp-json\/wp\/v2\/product_brand?post=7103"},{"taxonomy":"product_cat","embeddable":true,"href":"https:\/\/www.mysexualfantasy.eu\/en\/wp-json\/wp\/v2\/product_cat?post=7103"},{"taxonomy":"product_tag","embeddable":true,"href":"https:\/\/www.mysexualfantasy.eu\/en\/wp-json\/wp\/v2\/product_tag?post=7103"}],"curies":[{"name":"wp","href":"https:\/\/api.w.org\/{rel}","templated":true}]}}