{"id":71057,"date":"2023-01-13T14:45:30","date_gmt":"2023-01-13T14:45:30","guid":{"rendered":"https:\/\/www.mysexualfantasy.eu\/?post_type=product&#038;p=71057"},"modified":"2023-12-06T17:27:13","modified_gmt":"2023-12-06T17:27:13","slug":"obsessive-alessya-set-tres-piezas-xs-s","status":"publish","type":"product","link":"https:\/\/www.mysexualfantasy.eu\/en\/product\/obsessive-alessya-set-tres-piezas-xs-s\/","title":{"rendered":"OBSESSIVE &#8211; ALESSYA SET TRES PIEZAS XS\/S"},"content":{"rendered":"<p>\u00a1Este conjunto seguramente te calentar\u00e1 a ti y a la persona con la que pasas esta noche calurosa! Los tirantes extremadamente sexys enfatizan sensualmente las ventajas de la figura, y el encaje cl\u00e1sico y femenino envuelve el cuerpo como una segunda piel. El corte \u00fanico de las braguitas te asegurar\u00e1 una sensaci\u00f3n placentera y subir\u00e1 la temperatura en el dormitorio, y si te tientan las medias a juego, \u00a1crear\u00e1s un outfit que vale la pena!<\/p>\n<p>Descubre m\u00e1s detalles:<\/p>\n<p>&#8211; Conjunto de 3 piezas Alessya: sujetador, liguero, bragas<\/p>\n<p>&#8211; aros en la parte del sujetador: el aspecto fant\u00e1stico de los senos y su soporte perfecto<\/p>\n<p>&#8211; escote decorado con correas y joyas Logotipo de Obsessive: llama la atenci\u00f3n y enfatiza sensualmente las formas<\/p>\n<p>&#8211; c\u00f3modo cierre de sujetador en la espalda<\/p>\n<p>&#8211; correas ajustables &#8211; se puede ajustar<\/p>\n<p>&#8211; Liguero abrochado con una hebilla plateada en la parte delantera: \u00a1un elemento muy sexy!<\/p>\n<p>&#8211; correas de liga ajustables &#8211; comodidad y conveniencia<\/p>\n<p>&#8211; bragas de encaje con cortes tentadores en el trasero &#8211; efecto wow<\/p>\n<p>&#8211; material agradable y flexible (90% poliamida, 10% elastano)<\/p>\n<p>\u00a1Obsessive significa inspiraci\u00f3n en la mujer!\u00a0 Elegancia, sensualidad, amor a la costura&#8230;.significa mucho para la mujer, pocos son los adjetivos que pueden calificar a Obsessive, donde una labor de a\u00f1os han conseguido unir la mejor relaci\u00f3n calidad-precio.<\/p>\n<p>\u00a1L\u00edderes mundiales en lencer\u00eda, nadie lo hace mejor!<\/p>\n<p style=\"text-align: center;\"><img decoding=\"async\" src=\"https:\/\/store.dreamlove.es\/UserFiles\/images\/SIZES.png\" \/><\/p>","protected":false},"excerpt":{"rendered":"<p>OBSESSIVE &#8211; ALESSYA THREE PIECES SET XS\/S<\/p>","protected":false},"featured_media":71059,"comment_status":"open","ping_status":"closed","template":"","meta":{"_monsterinsights_skip_tracking":false,"_monsterinsights_sitenote_active":false,"_monsterinsights_sitenote_note":"","_monsterinsights_sitenote_category":0,"_joinchat":[]},"product_brand":[],"product_cat":[1196,1197,1199,1166,1445],"product_tag":[],"class_list":{"0":"post-71057","1":"product","2":"type-product","3":"status-publish","4":"has-post-thumbnail","6":"product_cat-moda-lencerialenceria-mujer","7":"product_cat-moda-lencerialenceria-mujerlenceria-picante","8":"product_cat-moda-lencerialenceria-mujerlenceria-sexy","9":"product_cat-moda-lenceria","10":"product_cat-moda-lencerialenceria-mujerlenceria-picantesets-con-liguero","11":"yith_product_brand-obsessive","12":"yith_product_brand-obsessiveobsessive-sets","14":"first","15":"instock","16":"taxable","17":"shipping-taxable","18":"purchasable","19":"product-type-variable"},"aioseo_notices":[],"_links":{"self":[{"href":"https:\/\/www.mysexualfantasy.eu\/en\/wp-json\/wp\/v2\/product\/71057","targetHints":{"allow":["GET"]}}],"collection":[{"href":"https:\/\/www.mysexualfantasy.eu\/en\/wp-json\/wp\/v2\/product"}],"about":[{"href":"https:\/\/www.mysexualfantasy.eu\/en\/wp-json\/wp\/v2\/types\/product"}],"replies":[{"embeddable":true,"href":"https:\/\/www.mysexualfantasy.eu\/en\/wp-json\/wp\/v2\/comments?post=71057"}],"wp:featuredmedia":[{"embeddable":true,"href":"https:\/\/www.mysexualfantasy.eu\/en\/wp-json\/wp\/v2\/media\/71059"}],"wp:attachment":[{"href":"https:\/\/www.mysexualfantasy.eu\/en\/wp-json\/wp\/v2\/media?parent=71057"}],"wp:term":[{"taxonomy":"product_brand","embeddable":true,"href":"https:\/\/www.mysexualfantasy.eu\/en\/wp-json\/wp\/v2\/product_brand?post=71057"},{"taxonomy":"product_cat","embeddable":true,"href":"https:\/\/www.mysexualfantasy.eu\/en\/wp-json\/wp\/v2\/product_cat?post=71057"},{"taxonomy":"product_tag","embeddable":true,"href":"https:\/\/www.mysexualfantasy.eu\/en\/wp-json\/wp\/v2\/product_tag?post=71057"}],"curies":[{"name":"wp","href":"https:\/\/api.w.org\/{rel}","templated":true}]}}