{"id":71066,"date":"2023-01-13T14:45:33","date_gmt":"2023-01-13T14:45:33","guid":{"rendered":"https:\/\/www.mysexualfantasy.eu\/?post_type=product&#038;p=71066"},"modified":"2023-12-06T17:26:05","modified_gmt":"2023-12-06T17:26:05","slug":"obsessive-bianelle-set-dos-piezas-s-m","status":"publish","type":"product","link":"https:\/\/www.mysexualfantasy.eu\/en\/product\/obsessive-bianelle-set-dos-piezas-s-m\/","title":{"rendered":"OBSESSIVE &#8211; BIANELLE SET DOS PIEZAS"},"content":{"rendered":"<p>El conjunto Bianelle es una propuesta aparentemente inocente, \u00a1pero te garantizamos que calentar\u00e1 hasta los corazones m\u00e1s helados! El sujetador sensual con cintura realzada enfatiza fenomenalmente la figura, y el tentador blanco crea una hermosa armon\u00eda con el tono de la piel. \u00a1El ribete de encaje femenino agrega estilo y elegancia, y la tanga sexy envolver\u00e1 tu cuerpo en la delicadeza de sus materiales y te permitir\u00e1 disfrutar a\u00fan m\u00e1s!<\/p>\n<p>Descubre m\u00e1s detalles:<\/p>\n<p>&#8211; Conjunto Bianelle: sujetador y tanga<\/p>\n<p>&#8211; sujetador con cintura realzada y aros: soporte perfecto para el busto y una apariencia fant\u00e1stica<\/p>\n<p>&#8211; correas ajustables y un broche de sujetador: la capacidad de ajustar<\/p>\n<p>&#8211; colgante de plata entre los senos &#8211; un detalle encantador<\/p>\n<p>&#8211; encaje elegante  a\u00f1ade feminidad<\/p>\n<p>&#8211; tanga sexy &#8211; hermosa apariencia de las caderas y el trasero<\/p>\n<p>&#8211; material agradable al tacto (90 % poliamida, 10 % elastano)<\/p>\n<p>\u00a1Obsessive significa inspiraci\u00f3n en la mujer!\u00a0 Elegancia, sensualidad, amor a la costura&#8230;.significa mucho para la mujer, pocos son los adjetivos que pueden calificar a Obsessive, donde una labor de a\u00f1os han conseguido unir la mejor relaci\u00f3n calidad-precio.<\/p>\n<p>\u00a1L\u00edderes mundiales en lencer\u00eda, nadie lo hace mejor!<\/p>\n<p style=\"text-align: center;\"><img decoding=\"async\" src=\"https:\/\/store.dreamlove.es\/UserFiles\/images\/SIZES.png\" \/><\/p>","protected":false},"excerpt":{"rendered":"<p>OBSESSIVE &#8211; BIANELLE TWO PIECES SET S\/M<\/p>","protected":false},"featured_media":71068,"comment_status":"open","ping_status":"closed","template":"","meta":{"_monsterinsights_skip_tracking":false,"_monsterinsights_sitenote_active":false,"_monsterinsights_sitenote_note":"","_monsterinsights_sitenote_category":0,"_joinchat":[]},"product_brand":[],"product_cat":[1143,326,948,1139,1149],"product_tag":[],"class_list":{"0":"post-71066","1":"product","2":"type-product","3":"status-publish","4":"has-post-thumbnail","6":"product_cat-lencerialenceria-mujerlenceria-sexyconjuntos-2-piezas","7":"product_cat-lenceria","8":"product_cat-lencerialenceria-mujer","9":"product_cat-lencerialenceria-mujerlenceria-sexy","10":"product_cat-lencerialenceria-mujerlenceria-sexysujetador-y-parte-inferior","11":"yith_product_brand-obsessive","12":"yith_product_brand-obsessiveobsessive-sets","14":"first","15":"instock","16":"taxable","17":"shipping-taxable","18":"purchasable","19":"product-type-variable"},"aioseo_notices":[],"_links":{"self":[{"href":"https:\/\/www.mysexualfantasy.eu\/en\/wp-json\/wp\/v2\/product\/71066","targetHints":{"allow":["GET"]}}],"collection":[{"href":"https:\/\/www.mysexualfantasy.eu\/en\/wp-json\/wp\/v2\/product"}],"about":[{"href":"https:\/\/www.mysexualfantasy.eu\/en\/wp-json\/wp\/v2\/types\/product"}],"replies":[{"embeddable":true,"href":"https:\/\/www.mysexualfantasy.eu\/en\/wp-json\/wp\/v2\/comments?post=71066"}],"wp:featuredmedia":[{"embeddable":true,"href":"https:\/\/www.mysexualfantasy.eu\/en\/wp-json\/wp\/v2\/media\/71068"}],"wp:attachment":[{"href":"https:\/\/www.mysexualfantasy.eu\/en\/wp-json\/wp\/v2\/media?parent=71066"}],"wp:term":[{"taxonomy":"product_brand","embeddable":true,"href":"https:\/\/www.mysexualfantasy.eu\/en\/wp-json\/wp\/v2\/product_brand?post=71066"},{"taxonomy":"product_cat","embeddable":true,"href":"https:\/\/www.mysexualfantasy.eu\/en\/wp-json\/wp\/v2\/product_cat?post=71066"},{"taxonomy":"product_tag","embeddable":true,"href":"https:\/\/www.mysexualfantasy.eu\/en\/wp-json\/wp\/v2\/product_tag?post=71066"}],"curies":[{"name":"wp","href":"https:\/\/api.w.org\/{rel}","templated":true}]}}