{"id":71075,"date":"2023-01-13T14:45:34","date_gmt":"2023-01-13T14:45:34","guid":{"rendered":"https:\/\/www.mysexualfantasy.eu\/?post_type=product&#038;p=71075"},"modified":"2023-12-06T17:26:05","modified_gmt":"2023-12-06T17:26:05","slug":"obsessive-cobra-nive-set-dos-piezas-s-m","status":"publish","type":"product","link":"https:\/\/www.mysexualfantasy.eu\/en\/product\/obsessive-cobra-nive-set-dos-piezas-s-m\/","title":{"rendered":"OBSESSIVE &#8211; COBRA NIVE SET DOS PIEZAS S\/M"},"content":{"rendered":"<p>Est\u00e1s buscando un conjunto \u00fanico de lencer\u00eda con un toque especiado? \u00a1Has venido al lugar perfecto! \u00a1Cobra Nive es una combinaci\u00f3n de estampados de animales sexys con correas tentadoras que encender\u00e1n la imaginaci\u00f3n! Si est\u00e1s de humor para una noche traviesa con tu ser querido, \u00a1con este atuendo tienes la garant\u00eda de conseguir uno!<\/p>\n<p>M\u00e1s detalles aqu\u00ed:<\/p>\n<p>&#8211; Conjunto Cobra Nive negro: sujetador y braguita incluidos<\/p>\n<p>&#8211; sujetador con copas triangulares &#8211; hermosa apariencia del busto<\/p>\n<p>&#8211; correas ajustables<\/p>\n<p>&#8211; Tirantes asim\u00e9tricos debajo del busto con posibilidad de ajuste: una silueta maravillosamente enfatizada<\/p>\n<p>&#8211; sujetador con una c\u00f3moda hebilla abrochada debajo de los senos &#8211; garant\u00eda de comodidad<\/p>\n<p>&#8211; l\u00ednea de panty levantada con tiras decorativas &#8211; \u00a1caderas muy sensuales!<\/p>\n<p>&#8211; braguita abrochada a los lados con hebilla dorada  elegancia y comodidad<\/p>\n<p>&#8211; las correas picantes debajo del trasero proporcionar\u00e1n una experiencia inolvidable<\/p>\n<p>&#8211; material agradable y agradable al tacto (90 % poliamida, 10 % elastano)<\/p>\n<p>\u00a1Obsessive significa inspiraci\u00f3n en la mujer!\u00a0 Elegancia, sensualidad, amor a la costura&#8230;.significa mucho para la mujer, pocos son los adjetivos que pueden calificar a Obsessive, donde una labor de a\u00f1os han conseguido unir la mejor relaci\u00f3n calidad-precio.<\/p>\n<p>\u00a1L\u00edderes mundiales en lencer\u00eda, nadie lo hace mejor!<\/p>\n<p style=\"text-align: center;\"><img decoding=\"async\" src=\"https:\/\/store.dreamlove.es\/UserFiles\/images\/SIZES.png\" \/><\/p>","protected":false},"excerpt":{"rendered":"<p>OBSESSIVE &#8211; COBRA NIVE TWO PIECES SET S\/M<\/p>","protected":false},"featured_media":71077,"comment_status":"open","ping_status":"closed","template":"","meta":{"_monsterinsights_skip_tracking":false,"_monsterinsights_sitenote_active":false,"_monsterinsights_sitenote_note":"","_monsterinsights_sitenote_category":0,"_joinchat":[]},"product_brand":[],"product_cat":[1196,1199,1166,1200],"product_tag":[],"class_list":{"0":"post-71075","1":"product","2":"type-product","3":"status-publish","4":"has-post-thumbnail","6":"product_cat-moda-lencerialenceria-mujer","7":"product_cat-moda-lencerialenceria-mujerlenceria-sexy","8":"product_cat-moda-lenceria","9":"product_cat-moda-lencerialenceria-mujerlenceria-sexysujetador-y-parte-inferior","10":"yith_product_brand-obsessive","11":"yith_product_brand-obsessiveobsessive-sets","13":"first","14":"instock","15":"taxable","16":"shipping-taxable","17":"purchasable","18":"product-type-variable"},"aioseo_notices":[],"_links":{"self":[{"href":"https:\/\/www.mysexualfantasy.eu\/en\/wp-json\/wp\/v2\/product\/71075","targetHints":{"allow":["GET"]}}],"collection":[{"href":"https:\/\/www.mysexualfantasy.eu\/en\/wp-json\/wp\/v2\/product"}],"about":[{"href":"https:\/\/www.mysexualfantasy.eu\/en\/wp-json\/wp\/v2\/types\/product"}],"replies":[{"embeddable":true,"href":"https:\/\/www.mysexualfantasy.eu\/en\/wp-json\/wp\/v2\/comments?post=71075"}],"wp:featuredmedia":[{"embeddable":true,"href":"https:\/\/www.mysexualfantasy.eu\/en\/wp-json\/wp\/v2\/media\/71077"}],"wp:attachment":[{"href":"https:\/\/www.mysexualfantasy.eu\/en\/wp-json\/wp\/v2\/media?parent=71075"}],"wp:term":[{"taxonomy":"product_brand","embeddable":true,"href":"https:\/\/www.mysexualfantasy.eu\/en\/wp-json\/wp\/v2\/product_brand?post=71075"},{"taxonomy":"product_cat","embeddable":true,"href":"https:\/\/www.mysexualfantasy.eu\/en\/wp-json\/wp\/v2\/product_cat?post=71075"},{"taxonomy":"product_tag","embeddable":true,"href":"https:\/\/www.mysexualfantasy.eu\/en\/wp-json\/wp\/v2\/product_tag?post=71075"}],"curies":[{"name":"wp","href":"https:\/\/api.w.org\/{rel}","templated":true}]}}