{"id":71919,"date":"2023-01-13T14:51:11","date_gmt":"2023-01-13T14:51:11","guid":{"rendered":"https:\/\/www.mysexualfantasy.eu\/?post_type=product&#038;p=71919"},"modified":"2023-12-06T15:21:41","modified_gmt":"2023-12-06T15:21:41","slug":"secretplay-sex-in-the-city-travel-kit-es-en-de-fr-nl-pt","status":"publish","type":"product","link":"https:\/\/www.mysexualfantasy.eu\/en\/product\/secretplay-sex-in-the-city-travel-kit-es-en-de-fr-nl-pt\/","title":{"rendered":"SECRETPLAY &#8211; SEX IN THE CITY TRAVEL KIT (ES\/EN\/DE\/FR\/NL\/PT)"},"content":{"rendered":"<p>CU\u00c1L ES TU PR\u00d3XIMO DESTINO?<\/p>\n<p>Tu pareja y t\u00fa est\u00e1is planeando una escapada rom\u00e1ntica y no os quer\u00e9is quedar sin planes? Quer\u00e9is darle un toque de chispa y pasi\u00f3n a este ansiado viaje? Sex in the City Travel Kit os propone una serie de planes picantes para hacer donde vay\u00e1is, haciendo que vuestro viaje sea inolvidable. Nunca antes hab\u00eda sido tan divertido ir a la ciudad a ver monumentos, museos o recorrer las calles del casco antiguo. Si os apetece re\u00edros y recuperar la chispa quiz\u00e1 pod\u00e9is decidir un sitio de la ciudad donde quedar y salir cada uno por un lado hasta encontraros en el lugar acordado. \u00a1Jugad a ser desconocidos que acaban el juego en la habitaci\u00f3n! O qu\u00e9 tal si prob\u00e1is a subir la temperatura en el ascensor?<\/p>\n<p>Pod\u00e9is pulsar el bot\u00f3n hasta el \u00faltimo piso y aprovechar ese ratito para caldear el ambiente. Algunas de estas pruebas y muchas m\u00e1s las podr\u00e9is encontrar en el Kit de ciudad, con el que no dejar\u00e9is de sorprenderos.<\/p>\n<p>Coged las cartas del kit y ordenad los planes seg\u00fan os apetezca. Completad vuestra lujuria con los accesorios que adem\u00e1s este completo kit ofrece.<\/p>\n<p>El juego contiene:<\/p>\n<ul>\n<li>40 cartas de juego<\/li>\n<li>1 bala vibradora<\/li>\n<li>1 dado kamasutra<\/li>\n<li>1 monodosis aceite de masaje<\/li>\n<li>1 monodosis de lubricante<\/li>\n<li>1 monodosis de gel intensificador del placer<\/li>\n<\/ul>\n<p><iframe allow=\"autoplay; fullscreen; picture-in-picture\" allowfullscreen=\"\" frameborder=\"0\" height=\"400\" scrolling=\"no\" src=\"https:\/\/player.vimeo.com\/video\/887658600?autoplay=1\" width=\"600\"><\/iframe><\/p>\n<p>Es ideal para escapadas de fin de semana o de un d\u00eda, para esperados viajes en pareja, o tambi\u00e9n para darle rienda suelta a vuestra imaginaci\u00f3n desde la habitaci\u00f3n o desde casa fantaseando con que est\u00e1is en la ciudad. Las divertidas pruebas que contiene este kit combin\u00e1ndolas con el dado, la balita vibradora y los sachets, no os dejar\u00e1n indiferentes.<\/p>\n<p>\u00a0<\/p>","protected":false},"excerpt":{"rendered":"<p>SECRETPLAY &#8211; SEX IN THE CITY TRAVEL KIT (ES\/EN\/DE\/FR\/NL\/PT)<\/p>","protected":false},"featured_media":71920,"comment_status":"open","ping_status":"closed","template":"","meta":{"_monsterinsights_skip_tracking":false,"_monsterinsights_sitenote_active":false,"_monsterinsights_sitenote_note":"","_monsterinsights_sitenote_category":0,"_joinchat":[]},"product_brand":[],"product_cat":[616,1234,1232,1272,1267,1271,1236,1273],"product_tag":[],"class_list":{"0":"post-71919","1":"product","2":"type-product","3":"status-publish","4":"has-post-thumbnail","6":"product_cat-juegos","7":"product_cat-juegos-juegos-de-mesa","8":"product_cat-juegos-juegos-de-pareja","9":"product_cat-juegos-juegos-en-aleman","10":"product_cat-juegos-juegos-en-espanol","11":"product_cat-juegos-juegos-en-frances","12":"product_cat-juegos-juegos-en-ingles","13":"product_cat-juegos-juegos-en-portugues","14":"yith_product_brand-secretplay","15":"yith_product_brand-secretplaysecretplay-100-games","17":"first","18":"instock","19":"taxable","20":"shipping-taxable","21":"purchasable","22":"product-type-simple"},"aioseo_notices":[],"_links":{"self":[{"href":"https:\/\/www.mysexualfantasy.eu\/en\/wp-json\/wp\/v2\/product\/71919","targetHints":{"allow":["GET"]}}],"collection":[{"href":"https:\/\/www.mysexualfantasy.eu\/en\/wp-json\/wp\/v2\/product"}],"about":[{"href":"https:\/\/www.mysexualfantasy.eu\/en\/wp-json\/wp\/v2\/types\/product"}],"replies":[{"embeddable":true,"href":"https:\/\/www.mysexualfantasy.eu\/en\/wp-json\/wp\/v2\/comments?post=71919"}],"wp:featuredmedia":[{"embeddable":true,"href":"https:\/\/www.mysexualfantasy.eu\/en\/wp-json\/wp\/v2\/media\/71920"}],"wp:attachment":[{"href":"https:\/\/www.mysexualfantasy.eu\/en\/wp-json\/wp\/v2\/media?parent=71919"}],"wp:term":[{"taxonomy":"product_brand","embeddable":true,"href":"https:\/\/www.mysexualfantasy.eu\/en\/wp-json\/wp\/v2\/product_brand?post=71919"},{"taxonomy":"product_cat","embeddable":true,"href":"https:\/\/www.mysexualfantasy.eu\/en\/wp-json\/wp\/v2\/product_cat?post=71919"},{"taxonomy":"product_tag","embeddable":true,"href":"https:\/\/www.mysexualfantasy.eu\/en\/wp-json\/wp\/v2\/product_tag?post=71919"}],"curies":[{"name":"wp","href":"https:\/\/api.w.org\/{rel}","templated":true}]}}