{"id":71927,"date":"2023-01-13T14:51:13","date_gmt":"2023-01-13T14:51:13","guid":{"rendered":"https:\/\/www.mysexualfantasy.eu\/?post_type=product&#038;p=71927"},"modified":"2023-12-06T15:21:43","modified_gmt":"2023-12-06T15:21:43","slug":"secretplay-kamasutra-libro-de-posturas-sexuales-es-en-de-fr-nl-pt","status":"publish","type":"product","link":"https:\/\/www.mysexualfantasy.eu\/en\/product\/secretplay-kamasutra-libro-de-posturas-sexuales-es-en-de-fr-nl-pt\/","title":{"rendered":"SECRETPLAY &#8211; KAMASUTRA LIBRO DE POSTURAS SEXUALES (ES\/EN\/DE\/FR\/NL\/PT)"},"content":{"rendered":"<p>A veces nos acostumbramos demasiado a realizar las mismas acciones, con la rutina y el paso del tiempo nos acomodamos y no solemos innovar, si lo llevamos al \u00e1mbito del sexo y las relaciones ocurre lo mismo, provocando p\u00e9rdida de chispa con tu pareja, por eso es bueno intentar salir de la rutina y probar cosas nuevas en pareja que hagan que la llama no se apague.<\/p>\n<p>Qu\u00e9 tal si un libro te descubriera nuevas posturas sexuales que no conoc\u00edas y te explica detenidamente como realizarlas, paso a paso para que sean muy pero que muy placenteras?<\/p>\n<p>Pues bien, ese libro\u2026 \u00a1Ha llegado!<\/p>\n<p>Descubre las 69 posturas sexuales ilustradas que Secret Play os presenta a ti y a tu pareja para disfrutar de unas relaciones sexuales plenas y divertidas. Con ellas podr\u00e9is salir de la monoton\u00eda y probar\u00e9is posturas que jam\u00e1s hab\u00edais imaginado.<\/p>\n<p>Sabemos que con posturas como el misionero, el perrito, la cucharita o el 69 no os vamos a descubrir nada, pero qu\u00e9 tal si prob\u00e1is posturas nueva como la catapulta, el puente experto, el tetris, o el \u00e1ngel de nieve?<\/p>\n<p>Quiz\u00e1 pens\u00e1is que ya sab\u00e9is cual es vuestra postura favorita, pero si a\u00fan no hab\u00e9is descubierto todas estas y os apetece experimentar, este libro est\u00e1 hecho para vosotros.<\/p>\n<p>Practicadlas sea cual sea vuestro g\u00e9nero y orientaci\u00f3n sexual. Pod\u00e9is hacerlas mediante penetraci\u00f3n vaginal, anal, fricci\u00f3n genital, con la ayuda de juguetes er\u00f3ticos, arneses, lubricantes, estimuladores, etc. \u00a1Atreveos a probarlas todas!<\/p>","protected":false},"excerpt":{"rendered":"<p>PACKAGING DISPONIBLE EN: \/en\/es\/fr\/nl\/de\/it\/pt\/<\/p>","protected":false},"featured_media":71928,"comment_status":"open","ping_status":"closed","template":"","meta":{"_monsterinsights_skip_tracking":false,"_monsterinsights_sitenote_active":false,"_monsterinsights_sitenote_note":"","_monsterinsights_sitenote_category":0,"_joinchat":[]},"product_brand":[],"product_cat":[1240,616,1232,1272,1267,1271,1236,1273,1253],"product_tag":[],"class_list":{"0":"post-71927","1":"product","2":"type-product","3":"status-publish","4":"has-post-thumbnail","6":"product_cat-articulos-varios","7":"product_cat-juegos","8":"product_cat-juegos-juegos-de-pareja","9":"product_cat-juegos-juegos-en-aleman","10":"product_cat-juegos-juegos-en-espanol","11":"product_cat-juegos-juegos-en-frances","12":"product_cat-juegos-juegos-en-ingles","13":"product_cat-juegos-juegos-en-portugues","14":"product_cat-articulos-varioslibreria-erotica","15":"yith_product_brand-secretplay","16":"yith_product_brand-secretplaysecretplay-100-games","18":"first","19":"instock","20":"taxable","21":"shipping-taxable","22":"purchasable","23":"product-type-simple"},"aioseo_notices":[],"_links":{"self":[{"href":"https:\/\/www.mysexualfantasy.eu\/en\/wp-json\/wp\/v2\/product\/71927","targetHints":{"allow":["GET"]}}],"collection":[{"href":"https:\/\/www.mysexualfantasy.eu\/en\/wp-json\/wp\/v2\/product"}],"about":[{"href":"https:\/\/www.mysexualfantasy.eu\/en\/wp-json\/wp\/v2\/types\/product"}],"replies":[{"embeddable":true,"href":"https:\/\/www.mysexualfantasy.eu\/en\/wp-json\/wp\/v2\/comments?post=71927"}],"wp:featuredmedia":[{"embeddable":true,"href":"https:\/\/www.mysexualfantasy.eu\/en\/wp-json\/wp\/v2\/media\/71928"}],"wp:attachment":[{"href":"https:\/\/www.mysexualfantasy.eu\/en\/wp-json\/wp\/v2\/media?parent=71927"}],"wp:term":[{"taxonomy":"product_brand","embeddable":true,"href":"https:\/\/www.mysexualfantasy.eu\/en\/wp-json\/wp\/v2\/product_brand?post=71927"},{"taxonomy":"product_cat","embeddable":true,"href":"https:\/\/www.mysexualfantasy.eu\/en\/wp-json\/wp\/v2\/product_cat?post=71927"},{"taxonomy":"product_tag","embeddable":true,"href":"https:\/\/www.mysexualfantasy.eu\/en\/wp-json\/wp\/v2\/product_tag?post=71927"}],"curies":[{"name":"wp","href":"https:\/\/api.w.org\/{rel}","templated":true}]}}