{"id":72295,"date":"2023-01-13T14:53:45","date_gmt":"2023-01-13T14:53:45","guid":{"rendered":"https:\/\/www.mysexualfantasy.eu\/?post_type=product&#038;p=72295"},"modified":"2023-12-06T16:09:49","modified_gmt":"2023-12-06T16:09:49","slug":"coverme-clitoral-g-spot-stimulator","status":"publish","type":"product","link":"https:\/\/www.mysexualfantasy.eu\/en\/product\/coverme-clitoral-g-spot-stimulator\/","title":{"rendered":"COVERME &#8211; CLITORAL SUCCION  VIBRADOR POTENTE G-SPOT RUSH"},"content":{"rendered":"<p>La nueva colecci\u00f3n de COVERME, est\u00e1 dise\u00f1ada y pensada para desarrollar las fantas\u00edas que siempre has pensado y que han llenado tu mente con la garant\u00eda de un juguete de primera calidad. COVERME arrasa gracias a sus potentes motores de baja frecuencia. La silicona suave y sedosa realza la belleza de un juguete que siempre deja el deseo de volver a utilizarlo.<\/p>\n<p>Disfruta del suave tacto de sus curvas, sus dos fuertes motores y atr\u00e9vete a estimular tus dos mayores zonas de placer a la vez. Su cuerpo curvado y flexible est\u00e1 dise\u00f1ado para llegar f\u00e1cilmente al punto G, mientras su otro extremo se encarga de succionar el cl\u00edtoris. Mezcla sus modos de vibraci\u00f3n y succi\u00f3n como m\u00e1s te guste y este juguete te har\u00e1 llegar al \u00e9xtasis de forma c\u00f3moda y explosiva, siendo el mejor amigo que puedes tener al lado en tus momentos m\u00e1s \u00edntimos.<\/p>\n<p><strong>Especificaciones:<\/strong><\/p>\n<ul>\n<li>10 modos de vibraci\u00f3n<\/li>\n<li>Estimulaci\u00f3n del cl\u00edtoris y del punto G<\/li>\n<li>Motor super\u00a0potente<\/li>\n<li>Super flexible<\/li>\n<li>Recargable por USB<\/li>\n<li>Impermeable IPX6<\/li>\n<li>Silicona s\u00faper suave y ABS<\/li>\n<li>Material seguro para el cuerpo<\/li>\n<li>Libre de\u00a0ftalatos<\/li>\n<li><strong>Regalo\u00a0<\/strong>Lubricante WATERFEEL Neutro 6 ml<\/li>\n<\/ul>","protected":false},"excerpt":{"rendered":"<p>COVERME &#8211; CLITORAL  G-SPOT STIMULATOR RUSH<\/p>","protected":false},"featured_media":72296,"comment_status":"open","ping_status":"closed","template":"","meta":{"_monsterinsights_skip_tracking":false,"_monsterinsights_sitenote_active":false,"_monsterinsights_sitenote_note":"","_monsterinsights_sitenote_category":0,"_joinchat":[]},"product_brand":[],"product_cat":[1156,1152,1155,165,1163,1309,1314],"product_tag":[],"class_list":{"0":"post-72295","1":"product","2":"type-product","3":"status-publish","4":"has-post-thumbnail","6":"product_cat-juguetes-bienestar-juguetes-para-mujeresestimuladores","7":"product_cat-juguetes-bienestar","8":"product_cat-juguetes-bienestar-juguetes-para-mujeres","9":"product_cat-novedades","10":"product_cat-juguetes-bienestar-juguetes-para-mujeresestimuladorespara-clitoris","11":"product_cat-juguetes-bienestar-juguetes-para-mujerespunto-g","12":"product_cat-juguetes-bienestar-juguetes-para-mujeressuccionadores","13":"yith_product_brand-coverme","15":"first","16":"instock","17":"taxable","18":"shipping-taxable","19":"purchasable","20":"product-type-simple"},"aioseo_notices":[],"_links":{"self":[{"href":"https:\/\/www.mysexualfantasy.eu\/en\/wp-json\/wp\/v2\/product\/72295","targetHints":{"allow":["GET"]}}],"collection":[{"href":"https:\/\/www.mysexualfantasy.eu\/en\/wp-json\/wp\/v2\/product"}],"about":[{"href":"https:\/\/www.mysexualfantasy.eu\/en\/wp-json\/wp\/v2\/types\/product"}],"replies":[{"embeddable":true,"href":"https:\/\/www.mysexualfantasy.eu\/en\/wp-json\/wp\/v2\/comments?post=72295"}],"wp:featuredmedia":[{"embeddable":true,"href":"https:\/\/www.mysexualfantasy.eu\/en\/wp-json\/wp\/v2\/media\/72296"}],"wp:attachment":[{"href":"https:\/\/www.mysexualfantasy.eu\/en\/wp-json\/wp\/v2\/media?parent=72295"}],"wp:term":[{"taxonomy":"product_brand","embeddable":true,"href":"https:\/\/www.mysexualfantasy.eu\/en\/wp-json\/wp\/v2\/product_brand?post=72295"},{"taxonomy":"product_cat","embeddable":true,"href":"https:\/\/www.mysexualfantasy.eu\/en\/wp-json\/wp\/v2\/product_cat?post=72295"},{"taxonomy":"product_tag","embeddable":true,"href":"https:\/\/www.mysexualfantasy.eu\/en\/wp-json\/wp\/v2\/product_tag?post=72295"}],"curies":[{"name":"wp","href":"https:\/\/api.w.org\/{rel}","templated":true}]}}