{"id":72325,"date":"2023-01-13T14:53:55","date_gmt":"2023-01-13T14:53:55","guid":{"rendered":"https:\/\/www.mysexualfantasy.eu\/?post_type=product&#038;p=72325"},"modified":"2023-12-06T16:10:26","modified_gmt":"2023-12-06T16:10:26","slug":"satisfyer-twirling-pro-estimulador-y-vibrador-rojo","status":"publish","type":"product","link":"https:\/\/www.mysexualfantasy.eu\/en\/product\/satisfyer-twirling-pro-estimulador-y-vibrador-rojo\/","title":{"rendered":"SATISFYER TWIRLING PRO ESTIMULADOR Y VIBRADOR &#8211; ROJO"},"content":{"rendered":"<p>Con dos funciones incre\u00edbles, c\u00f3modo&#8230; \u00a1Bienvenida al maravilloso mundo de los vibradores Air-Pulse h\u00edbridos, con el nuevo Twirling Pro!<\/p>\n<p><strong>Informaci\u00f3n del producto \u00abSatisfyer\u00a0Twirling Pro\u00bb<\/strong><\/p>\n<ul>\n<li>Estimulaci\u00f3n de cl\u00edtoris mediante\u00a0ondas de presi\u00f3n y\u00a0estimulaci\u00f3n er\u00f3gena mediante vibraciones<\/li>\n<li>Fabricado con silicona m\u00e9dica s\u00faper suave e inocua para la piel y con un tacto sedoso y extremadamente higi\u00e9nico<\/li>\n<li>Gracias a su acabado impermeable (IPX7), este dispositivo de bienestar sexual se puede utilizar de forma segura en el agua y es f\u00e1cil de limpiar<\/li>\n<li>15 a\u00f1os de garant\u00eda<\/li>\n<li>2 motores con control independiente<\/li>\n<li>11 intensidades de onda de presi\u00f3n + 12 programas de vibraci\u00f3n<\/li>\n<li>Silicona inocua para el cuerpo Impermeable (IPX7)<\/li>\n<li>Modo susurro<\/li>\n<li>Bater\u00eda de iones de litio<\/li>\n<li>Cable de carga magn\u00e9tico USB incluido<\/li>\n<li>F\u00e1cil de limpiar<\/li>\n<\/ul>\n<p><strong>Placer infinito con Satisfyer Twirling Pro<\/strong><\/p>\n<p>Hazte con el control preciso de un vibrador de punta, comb\u00ednalo con la revolucionaria tecnolog\u00eda Air-Pulse y logra una vibraci\u00f3n que puede lo imposible. Ideal para principiantes, deja que el Twirling Pro te muestre los caminos del placer. Con m\u00faltiples funciones f\u00e1ciles de usar y una forma curva con un cuerpo redondeado, \u00a1aprende lo que m\u00e1s te gusta! Perfecto para estimular todas las zonas er\u00f3genas, la punta circulante, ligeramente flexible y precisa te abre la puerta de tus zonas favoritas. Gracias a sus dos motores que se pueden controlar por separado, descubre 11 intensidades diferentes de ondas de presi\u00f3n, as\u00ed como 12 niveles de vibraci\u00f3n con el intuitivo panel de control. El Twirling Pro est\u00e1 fabricado con silicona inocua para el cuerpo, es recargable e impermeable (IPX7). \u00a1Gira hasta que todo d\u00e9 vueltas!<\/p>","protected":false},"excerpt":{"rendered":"<p>SATISFYER TWIRLING PRO AIR PULSE STIMULATOR  VIBRATOR &#8211; RED<\/p>","protected":false},"featured_media":72326,"comment_status":"open","ping_status":"closed","template":"","meta":{"_monsterinsights_skip_tracking":false,"_monsterinsights_sitenote_active":false,"_monsterinsights_sitenote_note":"","_monsterinsights_sitenote_category":0,"_joinchat":[]},"product_brand":[],"product_cat":[189,119,853,293,878,258,255],"product_tag":[],"class_list":{"0":"post-72325","1":"product","2":"type-product","3":"status-publish","4":"has-post-thumbnail","6":"product_cat-juguetes-sexuales-xxxestimuladores","7":"product_cat-juguetes-sexuales-xxx","8":"product_cat-juguetes-sexuales-xxxestimuladorespara-clitoris","9":"product_cat-juguetes-sexuales-xxxpunto-g","10":"product_cat-juguetes-sexuales-xxxestimuladoressuccionadores","11":"product_cat-juguetes-sexuales-xxxvibradores","12":"product_cat-juguetes-sexuales-xxxvibradores-hi-tech","13":"yith_product_brand-satisfyer","14":"yith_product_brand-satisfyer-satisfyer-air-pulse","16":"first","17":"instock","18":"taxable","19":"shipping-taxable","20":"purchasable","21":"product-type-simple"},"aioseo_notices":[],"_links":{"self":[{"href":"https:\/\/www.mysexualfantasy.eu\/en\/wp-json\/wp\/v2\/product\/72325","targetHints":{"allow":["GET"]}}],"collection":[{"href":"https:\/\/www.mysexualfantasy.eu\/en\/wp-json\/wp\/v2\/product"}],"about":[{"href":"https:\/\/www.mysexualfantasy.eu\/en\/wp-json\/wp\/v2\/types\/product"}],"replies":[{"embeddable":true,"href":"https:\/\/www.mysexualfantasy.eu\/en\/wp-json\/wp\/v2\/comments?post=72325"}],"wp:featuredmedia":[{"embeddable":true,"href":"https:\/\/www.mysexualfantasy.eu\/en\/wp-json\/wp\/v2\/media\/72326"}],"wp:attachment":[{"href":"https:\/\/www.mysexualfantasy.eu\/en\/wp-json\/wp\/v2\/media?parent=72325"}],"wp:term":[{"taxonomy":"product_brand","embeddable":true,"href":"https:\/\/www.mysexualfantasy.eu\/en\/wp-json\/wp\/v2\/product_brand?post=72325"},{"taxonomy":"product_cat","embeddable":true,"href":"https:\/\/www.mysexualfantasy.eu\/en\/wp-json\/wp\/v2\/product_cat?post=72325"},{"taxonomy":"product_tag","embeddable":true,"href":"https:\/\/www.mysexualfantasy.eu\/en\/wp-json\/wp\/v2\/product_tag?post=72325"}],"curies":[{"name":"wp","href":"https:\/\/api.w.org\/{rel}","templated":true}]}}