{"id":72345,"date":"2023-01-13T14:54:02","date_gmt":"2023-01-13T14:54:02","guid":{"rendered":"https:\/\/www.mysexualfantasy.eu\/?post_type=product&#038;p=72345"},"modified":"2023-12-06T16:10:28","modified_gmt":"2023-12-06T16:10:28","slug":"satisfyer-pro-to-go-1-estimulador-y-vibrador-doble-azul","status":"publish","type":"product","link":"https:\/\/www.mysexualfantasy.eu\/en\/product\/satisfyer-pro-to-go-1-estimulador-y-vibrador-doble-azul\/","title":{"rendered":"SATISFYER PRO TO GO 1 ESTIMULADOR Y VIBRADOR DOBLE &#8211; AZUL"},"content":{"rendered":"<p>Be a pro on the go. El nuevo y multifac\u00e9tico vibrador de doble pulso de aire, Pro To Go 1, ha llegado y est\u00e1 listo para complacer.<\/p>\n<p><strong>Informaci\u00f3n del producto \u00abSatisfyer Pro To Go 1\u00bb<\/strong><\/p>\n<ul>\n<li>Estimulaci\u00f3n del cl\u00edtoris mediante vibraciones y ondas de presi\u00f3n<\/li>\n<li>Fabricado con silicona m\u00e9dica s\u00faper suave e inocua para la piel y con un tacto sedoso y extremadamente higi\u00e9nico<\/li>\n<li>Gracias a su acabado impermeable (IPX7), este dispositivo de bienestar sexual se puede utilizar de forma segura en el agua y es f\u00e1cil de limpiar<\/li>\n<li>2 motores con control independiente<\/li>\n<li>11 intensidades de onda de presi\u00f3n + 12\u00a0programas de vibraci\u00f3n<\/li>\n<li>15 a\u00f1os de garant\u00eda<\/li>\n<li>Fabricado con silicona de grado m\u00e9dico supersuave, agradable para la piel, suave al tacto y extremadamente higi\u00e9nica<\/li>\n<li>Modo susurro<\/li>\n<li>Bater\u00eda recargable de iones de litio<\/li>\n<li>Gracias a su acabado impermeable (IPX7), este juguete se puede usar de forma segura en el agua, adem\u00e1s de ser f\u00e1cil de limpiar<\/li>\n<li>Cable de carga USB magn\u00e9tico incluido<\/li>\n<li>F\u00e1cil de limpiar<\/li>\n<\/ul>\n<p><strong>Qu\u00e9 otras ventajas presenta el Satisfyer Pro To Go 1? <\/strong><\/p>\n<p>Disfruta de su forma compacta, ideal para llevar contigo en viajes o donde quieras. Una combinaci\u00f3n perfecta para todas, ya seas principiante o una aut\u00e9ntica conocedora de los caminos del placer. Dos funciones en una para que explores y encuentres tus preferencias. La forma voluminosa y ondulada del Pro To Go 1 destaca por s\u00ed misma. Perfecto para guardar en la mesilla de noche sin llamar la atenci\u00f3n.<\/p>\n<p>Controla los dos motores independientemente para individualizar las 11 ondas de presi\u00f3n y las 12 configuraciones de vibraci\u00f3n. El Pro To Go 1 est\u00e1 fabricado con silicona inocua para el cuerpo, es recargable e impermeable (IPX7). No te resistas al placer pro.<\/p>","protected":false},"excerpt":{"rendered":"<p>SATISFYER PRO TO GO 1 DOUBLE AIR PULSE STIMULATOR  VIBRATOR &#8211; BLUE<\/p>","protected":false},"featured_media":72346,"comment_status":"open","ping_status":"closed","template":"","meta":{"_monsterinsights_skip_tracking":false,"_monsterinsights_sitenote_active":false,"_monsterinsights_sitenote_note":"","_monsterinsights_sitenote_category":0,"_joinchat":[]},"product_brand":[],"product_cat":[121,189,119,245,853,878,258],"product_tag":[],"class_list":{"0":"post-72345","1":"product","2":"type-product","3":"status-publish","4":"has-post-thumbnail","6":"product_cat-juguetes-sexuales-xxxacuaticos","7":"product_cat-juguetes-sexuales-xxxestimuladores","8":"product_cat-juguetes-sexuales-xxx","9":"product_cat-juguetes-sexuales-xxxmasturbadores-para-ellas","10":"product_cat-juguetes-sexuales-xxxestimuladorespara-clitoris","11":"product_cat-juguetes-sexuales-xxxestimuladoressuccionadores","12":"product_cat-juguetes-sexuales-xxxvibradores","13":"yith_product_brand-satisfyer","14":"yith_product_brand-satisfyer-satisfyer-air-pulse","16":"first","17":"instock","18":"taxable","19":"shipping-taxable","20":"purchasable","21":"product-type-simple"},"aioseo_notices":[],"_links":{"self":[{"href":"https:\/\/www.mysexualfantasy.eu\/en\/wp-json\/wp\/v2\/product\/72345","targetHints":{"allow":["GET"]}}],"collection":[{"href":"https:\/\/www.mysexualfantasy.eu\/en\/wp-json\/wp\/v2\/product"}],"about":[{"href":"https:\/\/www.mysexualfantasy.eu\/en\/wp-json\/wp\/v2\/types\/product"}],"replies":[{"embeddable":true,"href":"https:\/\/www.mysexualfantasy.eu\/en\/wp-json\/wp\/v2\/comments?post=72345"}],"wp:featuredmedia":[{"embeddable":true,"href":"https:\/\/www.mysexualfantasy.eu\/en\/wp-json\/wp\/v2\/media\/72346"}],"wp:attachment":[{"href":"https:\/\/www.mysexualfantasy.eu\/en\/wp-json\/wp\/v2\/media?parent=72345"}],"wp:term":[{"taxonomy":"product_brand","embeddable":true,"href":"https:\/\/www.mysexualfantasy.eu\/en\/wp-json\/wp\/v2\/product_brand?post=72345"},{"taxonomy":"product_cat","embeddable":true,"href":"https:\/\/www.mysexualfantasy.eu\/en\/wp-json\/wp\/v2\/product_cat?post=72345"},{"taxonomy":"product_tag","embeddable":true,"href":"https:\/\/www.mysexualfantasy.eu\/en\/wp-json\/wp\/v2\/product_tag?post=72345"}],"curies":[{"name":"wp","href":"https:\/\/api.w.org\/{rel}","templated":true}]}}