{"id":72679,"date":"2023-01-13T15:00:27","date_gmt":"2023-01-13T15:00:27","guid":{"rendered":"https:\/\/www.mysexualfantasy.eu\/?post_type=product&#038;p=72679"},"modified":"2023-12-06T16:09:13","modified_gmt":"2023-12-06T16:09:13","slug":"satisfyer-hug-me-vibrador-rabbit-app-rosa","status":"publish","type":"product","link":"https:\/\/www.mysexualfantasy.eu\/en\/product\/satisfyer-hug-me-vibrador-rabbit-app-rosa\/","title":{"rendered":"SATISFYER HUG ME VIBRADOR RABBIT APP &#8211; ROSA"},"content":{"rendered":"<p>Abraza tus curvas y contornos como nunca antes&#8230; Con el ansioso por complacerte Hug Me, que simula el placer oral gracias a una punta con forma de lengua a la vez que satisface tus deseos m\u00e1s \u00edntimos.<\/p>\n<p><strong>Informaci\u00f3n del producto \u00abSatisfyer Hug Me\u00bb<\/strong><\/p>\n<ul>\n<li>Sensual estimulaci\u00f3n del punto G<\/li>\n<li>Sensual estimulaci\u00f3n del cl\u00edtoris<\/li>\n<li>Vibraci\u00f3n profunda superintensa, gracias a sus 2\u00a0motores superpotentes<\/li>\n<li>Compatible con la aplicaci\u00f3n gratuita Satisfyer: disponible en iOS y Android<\/li>\n<li>Tambi\u00e9n se puede utilizar sin la aplicaci\u00f3n<\/li>\n<li>Los programas preestablecidos se pueden editar<\/li>\n<li>La aplicaci\u00f3n ofrece una gama interminable de programas<\/li>\n<li>Estimulaci\u00f3n del punto G y clitoris<\/li>\n<li>Super flexible<\/li>\n<li>Modo susurro<\/li>\n<li>15 a\u00f1os de garant\u00eda<\/li>\n<li>Fabricadas con silicona m\u00e9dica s\u00faper suave e inocua para la piel y con un tacto sedoso<\/li>\n<li>Bater\u00eda recargable de iones de litio<\/li>\n<li>Impermeable (IPX7)<\/li>\n<li>Cable de carga USB magn\u00e9tico incluido<\/li>\n<li>F\u00e1cil de limpiar<\/li>\n<\/ul>\n<p><strong>Qu\u00e9 otras ventajas presenta el vibrador Satisfyer Embrace Me? <\/strong><\/p>\n<p>Gracias a su flexibilidad, puedes utilizar el mango en forma de bucle para experimentar con facilidad la estimulaci\u00f3n suprema del punto G y del cl\u00edtoris. Dise\u00f1ado para las expertas en placer, Hug Me ofrece una estimulaci\u00f3n doble e invertida gracias a sus 2 potentes motores. A diferencia de los vibradores de tipo conejito habituales, Hug Me ofrece una estimulaci\u00f3n mejorada desde arriba, en lugar de desde abajo. Hug Me dispone de un gran eje con un leve borde, as\u00ed como de un peque\u00f1o estimulador del cl\u00edtoris con forma de lengua.<\/p>\n<p>Hug Me, con tecnolog\u00eda Bluetooth, se puede conectar a la galardonada aplicaci\u00f3n gratuita Satisfyer Connect, ofreci\u00e9ndote la opci\u00f3n de tener un control total sobre el potente motor y personalizar de verdad el placer. Hug Me est\u00e1 fabricado con silicona inocua para el cuerpo, es recargable e impermeable (IPX7).<\/p>\n<p>\u00a1Abr\u00e1zame!<\/p>","protected":false},"excerpt":{"rendered":"<p>SATISFYER HUG ME RABBIT VIBRATOR APP &#8211; PINK<\/p>","protected":false},"featured_media":72680,"comment_status":"open","ping_status":"closed","template":"","meta":{"_monsterinsights_skip_tracking":false,"_monsterinsights_sitenote_active":false,"_monsterinsights_sitenote_note":"","_monsterinsights_sitenote_category":0,"_joinchat":[]},"product_brand":[],"product_cat":[121,189,119,245,853,293,258,837,255],"product_tag":[],"class_list":{"0":"post-72679","1":"product","2":"type-product","3":"status-publish","4":"has-post-thumbnail","6":"product_cat-juguetes-sexuales-xxxacuaticos","7":"product_cat-juguetes-sexuales-xxxestimuladores","8":"product_cat-juguetes-sexuales-xxx","9":"product_cat-juguetes-sexuales-xxxmasturbadores-para-ellas","10":"product_cat-juguetes-sexuales-xxxestimuladorespara-clitoris","11":"product_cat-juguetes-sexuales-xxxpunto-g","12":"product_cat-juguetes-sexuales-xxxvibradores","13":"product_cat-juguetes-sexuales-xxxvibradores-con-app","14":"product_cat-juguetes-sexuales-xxxvibradores-hi-tech","15":"yith_product_brand-satisfyer","16":"yith_product_brand-satisfyer-satisfyer-connect","18":"first","19":"instock","20":"taxable","21":"shipping-taxable","22":"purchasable","23":"product-type-simple"},"aioseo_notices":[],"_links":{"self":[{"href":"https:\/\/www.mysexualfantasy.eu\/en\/wp-json\/wp\/v2\/product\/72679","targetHints":{"allow":["GET"]}}],"collection":[{"href":"https:\/\/www.mysexualfantasy.eu\/en\/wp-json\/wp\/v2\/product"}],"about":[{"href":"https:\/\/www.mysexualfantasy.eu\/en\/wp-json\/wp\/v2\/types\/product"}],"replies":[{"embeddable":true,"href":"https:\/\/www.mysexualfantasy.eu\/en\/wp-json\/wp\/v2\/comments?post=72679"}],"wp:featuredmedia":[{"embeddable":true,"href":"https:\/\/www.mysexualfantasy.eu\/en\/wp-json\/wp\/v2\/media\/72680"}],"wp:attachment":[{"href":"https:\/\/www.mysexualfantasy.eu\/en\/wp-json\/wp\/v2\/media?parent=72679"}],"wp:term":[{"taxonomy":"product_brand","embeddable":true,"href":"https:\/\/www.mysexualfantasy.eu\/en\/wp-json\/wp\/v2\/product_brand?post=72679"},{"taxonomy":"product_cat","embeddable":true,"href":"https:\/\/www.mysexualfantasy.eu\/en\/wp-json\/wp\/v2\/product_cat?post=72679"},{"taxonomy":"product_tag","embeddable":true,"href":"https:\/\/www.mysexualfantasy.eu\/en\/wp-json\/wp\/v2\/product_tag?post=72679"}],"curies":[{"name":"wp","href":"https:\/\/api.w.org\/{rel}","templated":true}]}}