{"id":72699,"date":"2023-01-13T15:00:34","date_gmt":"2023-01-13T15:00:34","guid":{"rendered":"https:\/\/www.mysexualfantasy.eu\/?post_type=product&#038;p=72699"},"modified":"2023-12-06T16:09:22","modified_gmt":"2023-12-06T16:09:22","slug":"satisfyer-g-spot-flex-4-multi-vibrador-app-azul","status":"publish","type":"product","link":"https:\/\/www.mysexualfantasy.eu\/en\/product\/satisfyer-g-spot-flex-4-multi-vibrador-app-azul\/","title":{"rendered":"SATISFYER G-SPOT FLEX 4+ MULTI VIBRADOR APP &#8211; AZUL"},"content":{"rendered":"<p>Con el G-Spot Flex 4 Connect App disfrutar\u00e1s de un amante muy apasionado. Gracias al cable interno, el vibrador para punto G se convierte en un vibrador tipo conejito con un solo movimiento. Contr\u00f3lalo a trav\u00e9s de la app Satisfyer Connect para disfrutar como m\u00e1s te guste.<\/p>\n<p><strong>Informaci\u00f3n del producto \u00abSatisfyer G-Spot Flex 4 Connect App\u00bb<\/strong><\/p>\n<ul>\n<li>Compatible con la aplicaci\u00f3n gratuita de Satisfyer, disponible para iOS y Android<\/li>\n<li>Anat\u00f3micamente optimizado: \u00e1ngulo de estimulaci\u00f3n ajustable<\/li>\n<li>Perfectamente dise\u00f1ado para una estimulaci\u00f3n intensa del punto G<\/li>\n<li>15 a\u00f1os de garant\u00eda Flexible y maleable<\/li>\n<li>Ideal para la estimulaci\u00f3n del punto G<\/li>\n<li>Tambi\u00e9n se puede utilizar sin necesidad de la aplicaci\u00f3n<\/li>\n<li>Infinidad de programas variados gracias a la aplicaci\u00f3n<\/li>\n<li>Silicona inocua para el cuerpo<\/li>\n<li>Impermeable (IPX7)<\/li>\n<li>Modo susurro<\/li>\n<li>Bater\u00eda de iones de litio<\/li>\n<li>Cable de carga magn\u00e9tico USB incluido<\/li>\n<li>F\u00e1cil de limpiar<\/li>\n<\/ul>\n<p><strong>Aventuras vers\u00e1tiles con el G-Spot Flex 4 Connect App<\/strong><\/p>\n<p>En sus puestos, listos, a correrse: este vibrador en particular ofrece m\u00faltiples opciones de estimulaci\u00f3n y es la elecci\u00f3n perfecta para descubrir lo que m\u00e1s te gusta.. Gracias al cable interno, el vibrador para punto G tambi\u00e9n se puede utilizar como vibrador tipo conejito, as\u00ed estimula el punto G y el cl\u00edtoris. El eje aplanado con la punta redondeada recuerda a una lengua que acaricia la vagina por todas partes. La estimulaci\u00f3n precisa del punto G y del cl\u00edtoris garantizan experiencias incre\u00edblemente intensas.<\/p>\n<p><strong>Qu\u00e9 m\u00e1s puede hacer el G-Spot Flex 4 Connect App?<\/strong><\/p>\n<p>Al estirarse como un vibrador cl\u00e1sico del punto G, este er\u00f3tico todoterreno permite un agarre firme en la mano gracias a su eje inferior curvo que funciona como mango, aunque el ambiente se ponga a mil. La suave silicona te acaricia suavemente la piel y se desliza con delicadeza dentro de ti, mientras que puedes elegir tu programa de vibraci\u00f3n favorito entre 12 diferentes para ver las estrellas. Gracias a su acabado impermeable (IPX7), el G-Spot Flex 4 Connect App es el compa\u00f1ero ideal incluso en las zonas m\u00e1s h\u00famedas, como la ducha o la ba\u00f1era. Controla el vibrador para experiencias \u00fanicas con la app Satisfyer Connect: Llega al cl\u00edmax al ritmo de la m\u00fasica caliente, crea tus propios patrones de vibraci\u00f3n o cede el control a tu pareja para que termines retorci\u00e9ndote entre orgasmos sin tener que pensar en nada.<\/p>","protected":false},"excerpt":{"rendered":"<p>SATISFYER G-SPOT FLEX 4+ MULTI VIBRATOR APP &#8211; BLUE<\/p>","protected":false},"featured_media":72700,"comment_status":"open","ping_status":"closed","template":"","meta":{"_monsterinsights_skip_tracking":false,"_monsterinsights_sitenote_active":false,"_monsterinsights_sitenote_note":"","_monsterinsights_sitenote_category":0,"_joinchat":[]},"product_brand":[],"product_cat":[1156,1152,1155,1165,1309,1153,1275,1192],"product_tag":[],"class_list":{"0":"post-72699","1":"product","2":"type-product","3":"status-publish","4":"has-post-thumbnail","6":"product_cat-juguetes-bienestar-juguetes-para-mujeresestimuladores","7":"product_cat-juguetes-bienestar","8":"product_cat-juguetes-bienestar-juguetes-para-mujeres","9":"product_cat-juguetes-bienestar-juguetes-para-mujeresmasturbadores-para-ellas","10":"product_cat-juguetes-bienestar-juguetes-para-mujerespunto-g","11":"product_cat-juguetes-bienestar-vibradores","12":"product_cat-juguetes-bienestar-vibradoresvibradores-con-app","13":"product_cat-juguetes-bienestar-vibradoresvibradores-hi-tech","14":"yith_product_brand-satisfyer","15":"yith_product_brand-satisfyer-satisfyer-connect","17":"first","18":"instock","19":"taxable","20":"shipping-taxable","21":"purchasable","22":"product-type-simple"},"aioseo_notices":[],"_links":{"self":[{"href":"https:\/\/www.mysexualfantasy.eu\/en\/wp-json\/wp\/v2\/product\/72699","targetHints":{"allow":["GET"]}}],"collection":[{"href":"https:\/\/www.mysexualfantasy.eu\/en\/wp-json\/wp\/v2\/product"}],"about":[{"href":"https:\/\/www.mysexualfantasy.eu\/en\/wp-json\/wp\/v2\/types\/product"}],"replies":[{"embeddable":true,"href":"https:\/\/www.mysexualfantasy.eu\/en\/wp-json\/wp\/v2\/comments?post=72699"}],"wp:featuredmedia":[{"embeddable":true,"href":"https:\/\/www.mysexualfantasy.eu\/en\/wp-json\/wp\/v2\/media\/72700"}],"wp:attachment":[{"href":"https:\/\/www.mysexualfantasy.eu\/en\/wp-json\/wp\/v2\/media?parent=72699"}],"wp:term":[{"taxonomy":"product_brand","embeddable":true,"href":"https:\/\/www.mysexualfantasy.eu\/en\/wp-json\/wp\/v2\/product_brand?post=72699"},{"taxonomy":"product_cat","embeddable":true,"href":"https:\/\/www.mysexualfantasy.eu\/en\/wp-json\/wp\/v2\/product_cat?post=72699"},{"taxonomy":"product_tag","embeddable":true,"href":"https:\/\/www.mysexualfantasy.eu\/en\/wp-json\/wp\/v2\/product_tag?post=72699"}],"curies":[{"name":"wp","href":"https:\/\/api.w.org\/{rel}","templated":true}]}}