{"id":72709,"date":"2023-01-13T15:00:37","date_gmt":"2023-01-13T15:00:37","guid":{"rendered":"https:\/\/www.mysexualfantasy.eu\/?post_type=product&#038;p=72709"},"modified":"2023-12-06T16:09:25","modified_gmt":"2023-12-06T16:09:25","slug":"satisfyer-air-pump-booty-5-vibrador-anal-inflable-rosa","status":"publish","type":"product","link":"https:\/\/www.mysexualfantasy.eu\/en\/product\/satisfyer-air-pump-booty-5-vibrador-anal-inflable-rosa\/","title":{"rendered":"SATISFYER AIR PUMP BOOTY 5+ VIBRADOR ANAL INFLABLE &#8211; ROSA"},"content":{"rendered":"<p>\u00a1Pedimos toda su atenci\u00f3n a pesar de las fantas\u00edas calientes! El nuevo Satisfyer Air Pump Booty 5 Connect es un verdadero todoterreno anal.<\/p>\n<p><strong>Informaci\u00f3n del producto \u00abSatisfyer Air Pump Booty 5 Connect App\u00bb<\/strong><\/p>\n<ul>\n<li>Sensual estimulaci\u00f3n anal<\/li>\n<li>Vibrador inflable, aumento hasta 15 mm<\/li>\n<li>Compatible con la aplicaci\u00f3n gratuita Satisfyer: disponible en iOS y Android<\/li>\n<li>Tambi\u00e9n se puede utilizar sin la aplicaci\u00f3n<\/li>\n<li>Los programas preestablecidos se pueden editar<\/li>\n<li>La aplicaci\u00f3n ofrece una gama interminable de programas<\/li>\n<li>Super flexible<\/li>\n<li>Modo susurro<\/li>\n<li>15 a\u00f1os de garant\u00eda<\/li>\n<li>Fabricadas con silicona m\u00e9dica s\u00faper suave e inocua para la piel y con un tacto sedoso<\/li>\n<li>Bater\u00eda recargable de iones de litio<\/li>\n<li>Cable de carga USB magn\u00e9tico incluido<\/li>\n<li>F\u00e1cil de limpiar<\/li>\n<\/ul>\n<p><strong>Qu\u00e9 otras ventajas presenta el vibrador Satisfyer Air Pump Booty 5 Connect App? <\/strong><\/p>\n<p>El eje inflable aumenta el di\u00e1metro del vibrador hasta en 15 mm, lo que llena sensualmente tu puerta trasera y la estimula con m\u00e1s intensidad. Var\u00ede el di\u00e1metro seg\u00fan sus deseos con solo presionar un bot\u00f3n: as\u00ed es como el todoterreno es adecuado para su entrenamiento anal. Con 12 programas de vibraci\u00f3n preestablecidos que lo miman poderosamente, puede hacer que su experiencia de placer sea a\u00fan m\u00e1s exclusiva: se vuelve a\u00fan m\u00e1s emocionante con la aplicaci\u00f3n Satisfyer Connect. \u00a1Haz realidad tus sue\u00f1os calientes!<\/p>\n<p>La silicona suave y agradable al cuerpo del vibrador tiene delicados surcos que intensifican a\u00fan m\u00e1s la estimulaci\u00f3n. Utiliza un lubricante a base de agua para sacar el m\u00e1ximo partido a la experiencia er\u00f3tica: Satisfyer te ofrece una amplia gama de lubricantes , entre los que encontrar\u00e1s r\u00e1pidamente tu favorito. La aplicaci\u00f3n Air Pump Booty 5 Connect se puede controlar con la galardonada aplicaci\u00f3n Satisfyer Connect y, por lo tanto, se puede adaptar a\u00fan mejor a sus deseos personales. Disfruta de las vibraciones al ritmo de tu canci\u00f3n favorita en Spotify, crea tus propios patrones de vibraci\u00f3n personales o escucha historias er\u00f3ticas en audio para un disfrute exclusivo.<\/p>\n<p>El di\u00e1metro de los vibradores Satisfyer Air Pump se puede bombear hasta 15 mm adicionales con solo presionar un bot\u00f3n. Puede aumentar gradualmente el di\u00e1metro y detenerse en el medio cuando alcance el tama\u00f1o de eje \u00f3ptimo para usted. Con una presi\u00f3n continua, el vibrador alcanza su di\u00e1metro m\u00e1ximo en tan solo 12 segundos, con un doble clic en el bot\u00f3n puedes volver a liberar el aire f\u00e1cilmente. No utilice los vibradores bajo el agua, como en la ducha o el ba\u00f1o.<\/p>\n<p>Su vibrador Satisfyer Air Pump est\u00e1 hecho de silicona m\u00e9dica suave como la seda, que es extremadamente resbaladiza y absorbe el calor de su cuerpo r\u00e1pidamente. Con un pa\u00f1o h\u00famedo y un poco de limpiador desinfectante para juguetes, se asegura una higiene completa, idealmente con el spray desinfectante perfectamente coordinado de Satisfyer . Para obtener el m\u00e1ximo placer suave, use siempre su vibrador con uno de los lubricantes a base de agua Satisfyer que se adaptan idealmente al producto. Est\u00e1n disponibles en versiones cl\u00e1sica, sedosa y c\u00e1lida. La composici\u00f3n vegana a base de agua protege el material y mantiene la superficie de su Satisfyer agradable y flexible.<\/p>","protected":false},"excerpt":{"rendered":"<p>SATISFYER AIR PUMP BOOTY 5+ INFLATABLE ANAL VIBRATOR &#8211; PINK<\/p>","protected":false},"featured_media":72710,"comment_status":"open","ping_status":"closed","template":"","meta":{"_monsterinsights_skip_tracking":false,"_monsterinsights_sitenote_active":false,"_monsterinsights_sitenote_note":"","_monsterinsights_sitenote_category":0,"_joinchat":[]},"product_brand":[],"product_cat":[1162,1156,1152,1155,1165,1309,1153,1305,1275,1192],"product_tag":[],"class_list":{"0":"post-72709","1":"product","2":"type-product","3":"status-publish","4":"has-post-thumbnail","6":"product_cat-juguetes-bienestar-anal","7":"product_cat-juguetes-bienestar-juguetes-para-mujeresestimuladores","8":"product_cat-juguetes-bienestar","9":"product_cat-juguetes-bienestar-juguetes-para-mujeres","10":"product_cat-juguetes-bienestar-juguetes-para-mujeresmasturbadores-para-ellas","11":"product_cat-juguetes-bienestar-juguetes-para-mujerespunto-g","12":"product_cat-juguetes-bienestar-vibradores","13":"product_cat-juguetes-bienestar-analvibradores-anales","14":"product_cat-juguetes-bienestar-vibradoresvibradores-con-app","15":"product_cat-juguetes-bienestar-vibradoresvibradores-hi-tech","16":"yith_product_brand-satisfyer","17":"yith_product_brand-satisfyer-satisfyer-connect","19":"first","20":"instock","21":"taxable","22":"shipping-taxable","23":"purchasable","24":"product-type-simple"},"aioseo_notices":[],"_links":{"self":[{"href":"https:\/\/www.mysexualfantasy.eu\/en\/wp-json\/wp\/v2\/product\/72709","targetHints":{"allow":["GET"]}}],"collection":[{"href":"https:\/\/www.mysexualfantasy.eu\/en\/wp-json\/wp\/v2\/product"}],"about":[{"href":"https:\/\/www.mysexualfantasy.eu\/en\/wp-json\/wp\/v2\/types\/product"}],"replies":[{"embeddable":true,"href":"https:\/\/www.mysexualfantasy.eu\/en\/wp-json\/wp\/v2\/comments?post=72709"}],"wp:featuredmedia":[{"embeddable":true,"href":"https:\/\/www.mysexualfantasy.eu\/en\/wp-json\/wp\/v2\/media\/72710"}],"wp:attachment":[{"href":"https:\/\/www.mysexualfantasy.eu\/en\/wp-json\/wp\/v2\/media?parent=72709"}],"wp:term":[{"taxonomy":"product_brand","embeddable":true,"href":"https:\/\/www.mysexualfantasy.eu\/en\/wp-json\/wp\/v2\/product_brand?post=72709"},{"taxonomy":"product_cat","embeddable":true,"href":"https:\/\/www.mysexualfantasy.eu\/en\/wp-json\/wp\/v2\/product_cat?post=72709"},{"taxonomy":"product_tag","embeddable":true,"href":"https:\/\/www.mysexualfantasy.eu\/en\/wp-json\/wp\/v2\/product_tag?post=72709"}],"curies":[{"name":"wp","href":"https:\/\/api.w.org\/{rel}","templated":true}]}}