{"id":72723,"date":"2023-01-13T15:00:43","date_gmt":"2023-01-13T15:00:43","guid":{"rendered":"https:\/\/www.mysexualfantasy.eu\/?post_type=product&#038;p=72723"},"modified":"2023-12-06T16:09:27","modified_gmt":"2023-12-06T16:09:27","slug":"satisfyer-twirling-pro-estimulador-y-vibrador-app-verde","status":"publish","type":"product","link":"https:\/\/www.mysexualfantasy.eu\/en\/product\/satisfyer-twirling-pro-estimulador-y-vibrador-app-verde\/","title":{"rendered":"SATISFYER TWIRLING PRO+ ESTIMULADOR Y VIBRADOR APP &#8211; VERDE"},"content":{"rendered":"<p>Est\u00e1s buscando un verdadero todoterreno? Entonces deber\u00eda conocer la aplicaci\u00f3n Twirling Pro Connect App: \u00a1El vibrador de ondas de presi\u00f3n controlado por la aplicaci\u00f3n con punta de estimulaci\u00f3n se puede usar en ambos lados e impresiona con 2 funciones controlables por separado!<\/p>\n<p><strong>Informaci\u00f3n del producto \u00abSatisfyer\u00a0Twirling Pro+\u00bb<\/strong><\/p>\n<ul>\n<li>Estimulaci\u00f3n de cl\u00edtoris mediante\u00a0ondas de presi\u00f3n y\u00a0estimulaci\u00f3n er\u00f3gena mediante vibraciones<\/li>\n<li>Compatible con la aplicaci\u00f3n gratuita de Satisfyer, disponible en iOS y Android<\/li>\n<li>Fabricado con silicona m\u00e9dica s\u00faper suave e inocua para la piel y con un tacto sedoso y extremadamente higi\u00e9nico<\/li>\n<li>Gracias a su acabado impermeable (IPX7), este dispositivo de bienestar sexual se puede utilizar de forma segura en el agua y es f\u00e1cil de limpiar<\/li>\n<li>15 a\u00f1os de garant\u00eda<\/li>\n<li>2 motores con control independiente<\/li>\n<li>11 intensidades de onda de presi\u00f3n + 12 programas de vibraci\u00f3n<\/li>\n<li>Posibilidad de utilizar tambi\u00e9n sin aplicaci\u00f3n<\/li>\n<li>Programas predefinidos editables<\/li>\n<li>Infinita variedad de programas a trav\u00e9s de la aplicaci\u00f3n<\/li>\n<li>Silicona inocua para el cuerpo Impermeable (IPX7)<\/li>\n<li>Modo susurro<\/li>\n<li>Bater\u00eda de iones de litio<\/li>\n<li>Cable de carga magn\u00e9tico USB incluido<\/li>\n<li>F\u00e1cil de limpiar<\/li>\n<\/ul>\n<p><strong>Placer infinito con Satisfyer Twirling Pro+<\/strong><\/p>\n<p>La parte superior del juguete act\u00faa como un vibrador de ondas de presi\u00f3n y mima tu cl\u00edtoris con sensuales ondas de presi\u00f3n en 11 intensidades preestablecidas. La punta ovalada en el extremo inferior del eje estrecho es ideal para la estimulaci\u00f3n selectiva de todo el cuerpo: utilice la punta de estimulaci\u00f3n circulante para estimular todas las zonas er\u00f3genas, como las perlas de placer, los pezones o el ano. Tienes 12 programas de vibraci\u00f3n disponibles para ello, que van desde suaves hasta intensos.<\/p>\n<p>La forma recta del eje se adapta bien a la mano durante el uso. La silicona sedosa y delicada con la piel del vibrador es especialmente flexible y se desliza suavemente por el cuerpo. Gracias a su acabado resistente al agua (IPX7), la aplicaci\u00f3n Twirling Pro Connect tambi\u00e9n es un compa\u00f1ero feliz en la ducha o el ba\u00f1o. D\u00e9jate mimar por todos lados por este amante.<\/p>\n<p>A\u00fan hay m\u00e1s: el vibrador vers\u00e1til es compatible con la galardonada aplicaci\u00f3n Satisfyer Connect y, por lo tanto, est\u00e1 disponible para momentos a\u00fan m\u00e1s personales. Cree sus propios patrones de vibraci\u00f3n o d\u00e9jelo bailar sobre su cuerpo al ritmo de la m\u00fasica a trav\u00e9s de Spotify. Para momentos a\u00fan m\u00e1s emocionantes, simplemente puede dejar el control del juguete a su pareja a trav\u00e9s de la aplicaci\u00f3n. \u00a1Prep\u00e1rate para los momentos tormentosos con este todoterreno!<\/p>","protected":false},"excerpt":{"rendered":"<p>SATISFYER TWIRLING PRO+ AIR PULSE STIMULATOR  VIBRATOR APP &#8211; GREEN<\/p>","protected":false},"featured_media":72724,"comment_status":"open","ping_status":"closed","template":"","meta":{"_monsterinsights_skip_tracking":false,"_monsterinsights_sitenote_active":false,"_monsterinsights_sitenote_note":"","_monsterinsights_sitenote_category":0,"_joinchat":[]},"product_brand":[],"product_cat":[189,119,853,293,837,255],"product_tag":[],"class_list":{"0":"post-72723","1":"product","2":"type-product","3":"status-publish","4":"has-post-thumbnail","6":"product_cat-juguetes-sexuales-xxxestimuladores","7":"product_cat-juguetes-sexuales-xxx","8":"product_cat-juguetes-sexuales-xxxestimuladorespara-clitoris","9":"product_cat-juguetes-sexuales-xxxpunto-g","10":"product_cat-juguetes-sexuales-xxxvibradores-con-app","11":"product_cat-juguetes-sexuales-xxxvibradores-hi-tech","12":"yith_product_brand-satisfyer","13":"yith_product_brand-satisfyer-satisfyer-connect","15":"first","16":"instock","17":"taxable","18":"shipping-taxable","19":"purchasable","20":"product-type-simple"},"aioseo_notices":[],"_links":{"self":[{"href":"https:\/\/www.mysexualfantasy.eu\/en\/wp-json\/wp\/v2\/product\/72723","targetHints":{"allow":["GET"]}}],"collection":[{"href":"https:\/\/www.mysexualfantasy.eu\/en\/wp-json\/wp\/v2\/product"}],"about":[{"href":"https:\/\/www.mysexualfantasy.eu\/en\/wp-json\/wp\/v2\/types\/product"}],"replies":[{"embeddable":true,"href":"https:\/\/www.mysexualfantasy.eu\/en\/wp-json\/wp\/v2\/comments?post=72723"}],"wp:featuredmedia":[{"embeddable":true,"href":"https:\/\/www.mysexualfantasy.eu\/en\/wp-json\/wp\/v2\/media\/72724"}],"wp:attachment":[{"href":"https:\/\/www.mysexualfantasy.eu\/en\/wp-json\/wp\/v2\/media?parent=72723"}],"wp:term":[{"taxonomy":"product_brand","embeddable":true,"href":"https:\/\/www.mysexualfantasy.eu\/en\/wp-json\/wp\/v2\/product_brand?post=72723"},{"taxonomy":"product_cat","embeddable":true,"href":"https:\/\/www.mysexualfantasy.eu\/en\/wp-json\/wp\/v2\/product_cat?post=72723"},{"taxonomy":"product_tag","embeddable":true,"href":"https:\/\/www.mysexualfantasy.eu\/en\/wp-json\/wp\/v2\/product_tag?post=72723"}],"curies":[{"name":"wp","href":"https:\/\/api.w.org\/{rel}","templated":true}]}}