{"id":72733,"date":"2023-01-13T15:00:47","date_gmt":"2023-01-13T15:00:47","guid":{"rendered":"https:\/\/www.mysexualfantasy.eu\/?post_type=product&#038;p=72733"},"modified":"2023-12-06T16:10:12","modified_gmt":"2023-12-06T16:10:12","slug":"oninder-vibration-rotation-negro-free-app","status":"publish","type":"product","link":"https:\/\/www.mysexualfantasy.eu\/en\/product\/oninder-vibration-rotation-negro-free-app\/","title":{"rendered":"ONINDER &#8211; OSLO VIBRATION  ROTATION NEGRO &#8211; FREE APP"},"content":{"rendered":"<p>El vibrador de conejo con el dise\u00f1o mejor pensado del mundo.\u00a0 Ha sido testado en un grupo de 100 mujeres y la nota aportada es de 9.9 puntos. Una estrella vers\u00e1til. <strong>Con ONINDER RABBIT  ROTATION<\/strong> te permite no tener que elegir una sola para as\u00ed poder centrarte tanto dentro como fuera \u00a1a la vez! Pero no siempre tiene por qu\u00e9 apetecerte lo mismo, no?<\/p>\n<p>El vibrador conejo elogiado por la cr\u00edtica es \u00fanico en el mundo! \u00a0Fabricado con la silicona m\u00e1s suave y segura para el cuerpo en dos nuevos e impresionantes colores, ONINDER RABBITROTATION es el masajeador de doble acci\u00f3n perfecto que te permitir\u00e1 alcanzar un resultado satisfactorio. La opci\u00f3n de estimulaci\u00f3n simult\u00e1nea del punto G y del cl\u00edtoris te permite disfrutar de una estimulaci\u00f3n potente y liberar todas tus inhibiciones contenidas.<\/p>\n<p><strong>ONINDER RABBITROTATION<\/strong> cuenta con diez exquisitos niveles de vibraci\u00f3n que ofrecen un amplio abanico de posibilidades org\u00e1smicas a diferentes intensidades.<\/p>\n<p>Gracias a la tecnolog\u00eda \u00a0 ROTATION y a sus dos motores sincronizados, Oninder RotationVibration se mueve como el mar bravo en tu cuerpo<\/p>\n<p>Conejito vibrador; Dise\u00f1ado para mantener un contacto constante con el cl\u00edtoris incluso durante tus impulsos m\u00e1s salvajes, RABBIT  ROTATION se flexiona para proporcionar potentes vibraciones en el punto G y en el cl\u00edtoris a la vez.<\/p>\n<ul>\n<li><strong>Formas de jugar<\/strong><\/li>\n<\/ul>\n<p>Inserte el estimulador interno del punto G en la vagina y apoye el estimulador externo del cl\u00edtoris en el cl\u00edtoris. La parte curva del estimulador permanece en el cl\u00edtoris y se flexiona con cada movimiento.<\/p>\n<p align=\"center\"><strong>Qu\u00e9 caracter\u00edsticas principales tiene ONINDER RABBIT  ROTATION?<\/strong><\/p>\n<ul>\n<li><strong>Resistente al agua IPX7<\/strong><\/li>\n<\/ul>\n<p>Oninder Rabbit  Rotation es resistente al agua (IPX7), por lo que es f\u00e1cil de disfrutar en cualquier lugar y sencillo de limpiar.<\/p>\n<ul>\n<li><strong>Contacto constante con el cl\u00edtoris<\/strong><\/li>\n<\/ul>\n<p>El brazo externo flexible garantiza el contacto constante con el cl\u00edtoris.<\/p>\n<ul>\n<li><strong>Doble estimulaci\u00f3n<\/strong><\/li>\n<\/ul>\n<p>Disfruta de vibraciones por partida doble en el punto G y en el cl\u00edtoris, y experimenta el orgasmo mixto.<\/p>\n<ul>\n<li><strong>Brazo flexible<\/strong><\/li>\n<\/ul>\n<p>El estimulador del punto G interno se puede ajustar para adaptarlo a la forma \u00fanica de tu cuerpo.<\/p>\n<ul>\n<li><strong>Oninder app<\/strong><\/li>\n<\/ul>\n<p>Desbloquee nuevas funciones de control de juguetes con la aplicaci\u00f3n Oninder. Toque la pantalla de su tel\u00e9fono inteligente para cambiar la configuraci\u00f3n de vibraci\u00f3n e intensidad, incluso a distancia.<\/p>\n<p><strong>Extremadamente Silencioso<\/strong>\u00a0&#8211; El nivel de sonido m\u00e1s alto de 55dB te permite usarlo en cualquier lugar, en cualquier momento de forma totalmente discreta.<\/p>\n<p><strong>Juega con ONINDER RABBIROTATACION con la aplicaci\u00f3n ONINDER<\/strong><\/p>\n<p>Con este vibrador no solamente puedes elegir entre combinaciones de intensidad y vibraciones preestablecidas, sino que tambi\u00e9n puedes compartir a un innovador control basado en una aplicaci\u00f3n. Simplemente tienes que descargar la aplicaci\u00f3n gratuita ONINDER en tu dispositivo Android o iOS y conectar tu smartphone o Tablet.<\/p>\n<div>\n<p>Comparte tu placer con otros usuarios de todo el mundo. Experimenta la vibraci\u00f3n al ritmo de tu lista de reproducci\u00f3n favorita de Spotify directamente en tu ONINDER RABBITROTATION; tu creatividad no tiene l\u00edmites gracias a esta aplicaci\u00f3n de control remoto. Tambi\u00e9n puedes permitir a tu pareja que tome el control o controlar ONINDER de otros usuarios a trav\u00e9s de la red social.\u00a0<\/p>\n<p>Vive aventuras inesperadas y avent\u00farate en los mundos digitales completamente nuevos de la aplicaci\u00f3n Oninder. Evidentemente, la aplicaci\u00f3n cumple con el RGPD y con todas las normas de protecci\u00f3n de datos europeas. De esta manera puedes relajarte completamente y llevar tu vida sexual a un nuevo nivel. A qu\u00e9 esperas? Unas horas de placer apasionante te esperan.<\/p>\n<\/div>\n<div style=\"margin-left: 18pt;\">\n<ul>\n<li>2 motores super potentes<\/li>\n<li>Posibilidad de utilizar tambi\u00e9n sin aplicaci\u00f3n\u00a0\u00a0\u00a0\u00a0\u00a0<\/li>\n<li>Infinita variedad de programas vibraci\u00f3n a trav\u00e9s de la aplicaci\u00f3n<\/li>\n<li>Impermeable (IPX7)\u00a0\u00a0\u00a0\u00a0\u00a0<\/li>\n<li>Bater\u00eda de iones de litio (Cargador USB incluido)<\/li>\n<li>Silicona m\u00e9dica suave.<\/li>\n<li>2 A\u00f1os de Garant\u00eda<\/li>\n<\/ul>\n<p style=\"text-align: right;\"><img decoding=\"async\" alt=\"\" src=\"https:\/\/interno.dreamlove.es\/UserFiles\/images\/img_130439_657f853c9e6441b0293ab21559b0cfd0_1.png\" style=\"width: 800px; height: 753px;\" \/><\/p>\n<\/div>\n<p style=\"text-align: center;\"><strong>Por fin llega una \u2018app que va a mejorar t\u00fa 2023: ONINDER<\/strong><\/p>\n<p><strong>Porque elegir ONINDER?\u00a0<\/strong><\/p>\n<p>Encuentra el amor con la persona realmente adecuada para ti o aumenta la confianza en pareja Jugando control remoto con los Juguetes Oninder.<\/p>\n<p><strong>Oninder, que es y c\u00f3mo funciona<\/strong><\/p>\n<p>En pocas palabras, ONINDER es una APP en el que se permite al usuario, conectar con otros perfiles en l\u00ednea para hacer amigos, expandir la lista de contactos alrededor del mundo e incluso, conseguir parejas temporales o permanentes.<\/p>\n<p>Oninder es una aplicaci\u00f3n que permite jugar sexualmente con personas en diferentes partes del mundo o aumentar la confianza en pareja adem\u00e1s de un servicio de citas en l\u00ednea que inicialmente ha sido desarrollado en Europa para el mercado de Europa. Sin embargo, confiamos en su popularidad y expansi\u00f3n a otros pa\u00edses del continente europeo. Actualmente este servicio online, est\u00e1 disponible en distintas partes del mundo, incluyendo Latinoam\u00e9rica y pr\u00f3ximamente Asia.<\/p>\n<p><strong>C\u00f3mo funciona<\/strong><\/p>\n<p><strong>Creas un perfil en Oninder y entras en un club privado gratuito.<\/strong><\/p>\n<p>El registro gratuito es un procedimiento habitual en las aplicaciones de citas, porque es algo que beneficia a ambas partes, tanto a la empresa como al usuario potencial.<\/p>\n<p>Una vez creada tu cuenta gratuita, puedes acceder a la b\u00fasqueda de perfiles de otros usuarios. Perfiles que han sido seleccionados teniendo en cuenta los filtros que has activado previamente al registrarte.<\/p>\n<p>De la misma manera, cuanto m\u00e1s concretas sean tus prioridades sobre la gente que te interesa conocer, m\u00e1s oportunidades tendr\u00e1s de acertar en tu b\u00fasqueda. En cambio, si tu estrategia es m\u00e1s cuantitativa que cualitativa porque quieres disponer de un espectro m\u00e1s amplio donde elegir.<\/p>\n<p>No es obligatorio subir una foto, as\u00ed que puedes navegar con una cierta privacidad y si quieres seguir probando Oninder gratis.<\/p>\n<p align=\"center\"><strong>Conecta a un nivel m\u00e1s profundo con la nueva aplicaci\u00f3n ONINDER<\/strong><\/p>\n<p>Dise\u00f1ada para explorar y fortalecer las relaciones entre parejas, la aplicaci\u00f3n ONINDER ofrece un espacio donde jugar, est\u00e9s donde est\u00e9s.<\/p>\n<p style=\"text-align: center;\"><strong>Conoce la aplicaci\u00f3n<\/strong><\/p>\n<p><strong>Controla y juega<\/strong>.<\/p>\n<p>Oninder te permite aumentar o disminuir la intensidad de las vibraciones. Con la vibraci\u00f3n m\u00faltiple puedes hacer m\u00e1s cosas: elige entre diferentes patrones de vibraci\u00f3n o cambia de motor cuando utilices un juguete de doble motor.<\/p>\n<p><strong>Empieza la conversaci\u00f3n<\/strong><\/p>\n<p>Oninder es una plataforma que te facilita expresarte abierta y libremente sobre tus deseos.<br \/>Dile a tu pareja lo que te gusta y p\u00eddele lo que deseas, incluso en la pasi\u00f3n del momento.<\/p>\n<p><strong>Creaci\u00f3n de vibraciones<\/strong><\/p>\n<p>Utiliza los diferentes niveles y curvas de placer que aumentan o disminuyen la intensidad de la vibraci\u00f3n, deja volar tu imaginaci\u00f3n mientras la aplicaci\u00f3n te sorprende con ritmos irresistibles.\u00a0<\/p>\n<p><strong>Amor para aut\u00e9nticos LOVERS<\/strong><\/p>\n<p>Tanto si est\u00e1s al otro lado de la habitaci\u00f3n como del oc\u00e9ano, puedes compartir el placer con tu pareja. Emparejad vuestros juguetes con las aplicaciones de ambos tel\u00e9fonos para controlar los diferentes modos de vibraci\u00f3n, siente la magia de la tecnolog\u00eda sexualmente.<\/p>\n<p>Qu\u00e9 modos de jugar tiene Oninder?<\/p>\n<ul>\n<li><strong>Larga Distancia<\/strong><\/li>\n<\/ul>\n<p>Controla el placer de tu pareja a trav\u00e9s de la aplicaci\u00f3n ONINDER o haz que te controlen a ti, independientemente de la distancia f\u00edsica. Con la opci\u00f3n de sincronizar tus juguetes para sentir las mismas sensaciones, te prometemos que el sexo por video o por tel\u00e9fono nunca volver\u00e1 a ser lo mismo.<\/p>\n<ul>\n<li><strong>Juego P\u00fablico<\/strong><\/li>\n<\/ul>\n<p>Usa un juguete con un compa\u00f1ero en diferentes lugares p\u00fablicos y mira si puedes contener los gemidos.<\/p>\n<ul>\n<li><strong>Juego en Solitario<\/strong><\/li>\n<\/ul>\n<p>Los juguetes sexuales te permiten aumentar tu autoestima y felicidad personal. Con nuestra aplicaci\u00f3n un juguete ONINDER y un poco de imaginaci\u00f3n, la vida se pone a tus pies el tiempo que necesites.<\/p>\n<ul>\n<li><strong>Conoce Oninder Sexual Gamers<\/strong><\/li>\n<\/ul>\n<p>La distancia no es un problema. Env\u00eda un enlace de control a un amigo, o has que extra\u00f1os sexys controlen tu juguete, para un poco de sexo virtual picante.<\/p>\n<p>Pero puedo conocer gente nueva que utilice los juguetes ONINDER?<\/p>\n<p>ONINDER no solo es una aplicaci\u00f3n para juegos en pareja, es una \u00abred social para Sexual Gamers\u00bb que te conectar\u00e1 con gente de cualquier parte del mundo.<\/p>\n<p>En el pasado, si quer\u00edas jugar con tu pareja o alguien desconocido ten\u00edas que tener un punto de encuentro f\u00edsico. Hoy en d\u00eda hay tantas opciones que es muy f\u00e1cil perderte, y puede que los Sexual Gamers\u00a0 que tienes cerca no tengan los mismos gustos que t\u00fa.<\/p>\n<p>Es aqu\u00ed donde entra ONINDER, una plataforma que busca conectar a sexual gamers de todo el mundo, gracias a unos algoritmos que se encargan de analizar los gustos personales de cada usuario.<\/p>\n<p>Los creadores de esta \u00abred social para sexual gamers\u00bb aseguran que gracias a su servicio \u00abaumentar\u00e1 considerablemente la actividad sexual entre los usuarios de juguetes sexuales\u201d Para ello, tendremos que introducir algunos datos y as\u00ed crear nuestro \u00abPerfil de Sexual Gamer\u00bb.<\/p>\n<p>Ya sabemos que ONINDER es una aplicaci\u00f3n para jugar sexualmente con tu pareja o desconocidos y tambi\u00e9n una red social. Ahora hablemos de las caracter\u00edsticas;<\/p>\n<p align=\"center\">\u00a1Controlado remotamente por medio de tu iPhone o Android!<\/p>\n<p align=\"center\"><strong>Nuestros Juguetes Sexuales Bluetooth se conectan de forma inal\u00e1mbrica a nuestras aplicaciones.<\/strong><\/p>\n<p align=\"center\"><strong>T\u00fa tienes el control<\/strong><\/p>\n<p align=\"center\">Controla de forma remota la gama de juguetes ONINDER de cerca o de lejos, est\u00e9s donde est\u00e9s.<\/p>\n<p>Funciones Principales:<\/p>\n<ul>\n<li>Control Local<\/li>\n<li>Text\/audio\/video chat<\/li>\n<li>Control de larga distancia<\/li>\n<li>Sincroniza con tu m\u00fasica<\/li>\n<li>Sexo de Larga Distancia<\/li>\n<\/ul>\n<p align=\"center\">Compatible con:<\/p>\n<p align=\"center\">iPhone\/iPad Air\/iPad Mini\/iPod Touch iOS 11.0 y superior<\/p>\n<p align=\"center\">Android 4.3 y superior con Bluetooth 4.0 activado<\/p>\n<p align=\"center\">Hablemos sobre algunas preguntas frecuentes de la aplicaci\u00f3n.<\/p>\n<p><strong>C\u00f3mo puedo cambiar mis preferencias de idioma en Oninder?<\/strong><\/p>\n<ul>\n<li>Desde el men\u00fa, apartado \u201cAjustes\u201d podr\u00e1s cambiar el idioma de la App. Disponible en Espa\u00f1ol, Ingl\u00e9s, italiano, alem\u00e1n, Frances y portugu\u00e9s.<\/li>\n<\/ul>\n<p><strong>Qu\u00e9 pasa si se me ha restringido en Oninder por la edad?<\/strong><\/p>\n<ul>\n<li>Para acceder a Oninder es obligatorio tener m\u00e1s de 18 a\u00f1os, la App restringe su uso a menores de edad.<\/li>\n<li>En caso de que se trate de un error ponte en contacto con alguno de los moderadores de Oninder y ellos te solicitaran la documentaci\u00f3n necesaria para certificar que eres mayor de edad.<\/li>\n<\/ul>\n<p><strong>Puedo borrar un mensaje del chat?<\/strong><\/p>\n<ul>\n<li>S\u00ed, podr\u00e1s borrar mensajes desde el chat para que la otra persona no lo vea.<\/li>\n<\/ul>\n<p><strong>C\u00f3mo puedo bloquear a un usuario?<\/strong><\/p>\n<ul>\n<li>Para bloquear a un usuario, necesitas meterte en el perfil que quieres bloquear y desde ah\u00ed bloquearlo. Te saldr\u00e1 una ventana en la que tendr\u00e1s que especificar cu\u00e1l ha sido el motivo, para que los moderadores Oninder puedan tomar las medidas oportunas.<\/li>\n<\/ul>\n<p><strong>Puedo enviar mensajes a cualquier usuario que forme parte de Oninder?<\/strong><\/p>\n<p>Efectivamente la respuesta es SI, podr\u00e1s enviar mensajes a cualquier usuario que forme parte de la comunidad de Oninder.<\/p>\n<p><strong>C\u00f3mo puedo eliminar mi cuenta?<\/strong><\/p>\n<p>Puedes eliminar tu cuenta de Oninder desde el men\u00fa, apartado \u201cAjustes\u201d.<\/p>\n<p><strong>Oninder es gratuito?<\/strong><\/p>\n<p>Oninder es totalmente gratuito, solo tienes que descargarte la App disponible para ANDROID E IOS.<\/p>\n<p><strong>Qui\u00e9n puede usar Oninder?<\/strong><\/p>\n<p>Oninder es una app para todo tipo de p\u00fablico mayor de 18 a\u00f1os.<\/p>\n<p><strong>Puedo utilizar Oninder sin registrarme?<\/strong><\/p>\n<p>S\u00ed, podr\u00e1s utilizar Oninder de manera local, pero no podr\u00e1s acceder a la b\u00fasqueda de personas, al chat, videollamadas o al manejo del juguete de otra persona.<\/p>\n<p style=\"text-align: center;\"><strong>Descubre m\u00e1s informaci\u00f3n de ONINDER y todos los productos en\u00a0<a href=\"https:\/\/www.oninder.com\/\" target=\"_blank\" rel=\"noopener\">www.oninder.com<\/a><\/strong><\/p>\n<p style=\"text-align: center;\"><img decoding=\"async\" alt=\"\" src=\"https:\/\/interno.dreamlove.es\/UserFiles\/images\/img_133161_7abff1faf5d5ff5df8a813ab78c64c95_2.png\" style=\"width: 850px; height: 301px;\" \/><\/p>","protected":false},"excerpt":{"rendered":"<p>ONINDER &#8211; OSLO VIBRATION  ROTATION BLACK &#8211; FREE APP<\/p>","protected":false},"featured_media":72734,"comment_status":"open","ping_status":"closed","template":"","meta":{"_monsterinsights_skip_tracking":false,"_monsterinsights_sitenote_active":false,"_monsterinsights_sitenote_note":"","_monsterinsights_sitenote_category":0,"_joinchat":[]},"product_brand":[],"product_cat":[1070,1069,119,1082,1089,1083,258,1004,998],"product_tag":[],"class_list":{"0":"post-72733","1":"product","2":"type-product","3":"status-publish","4":"has-post-thumbnail","6":"product_cat-juguetes-sexuales-xxxjuguetes-para-mujeresestimuladores","7":"product_cat-juguetes-sexuales-xxxjuguetes-para-mujeres","8":"product_cat-juguetes-sexuales-xxx","9":"product_cat-juguetes-sexuales-xxxjuguetes-para-mujeresmasturbadores-para-ellas","10":"product_cat-juguetes-sexuales-xxxjuguetes-para-mujeresestimuladorespara-clitoris","11":"product_cat-juguetes-sexuales-xxxjuguetes-para-mujerespunto-g","12":"product_cat-juguetes-sexuales-xxxvibradores","13":"product_cat-juguetes-sexuales-xxxvibradoresvibradores-con-app","14":"product_cat-juguetes-sexuales-xxxvibradoresvibradores-hi-tech","15":"yith_product_brand-oninder","17":"first","18":"instock","19":"taxable","20":"shipping-taxable","21":"purchasable","22":"product-type-simple"},"aioseo_notices":[],"_links":{"self":[{"href":"https:\/\/www.mysexualfantasy.eu\/en\/wp-json\/wp\/v2\/product\/72733","targetHints":{"allow":["GET"]}}],"collection":[{"href":"https:\/\/www.mysexualfantasy.eu\/en\/wp-json\/wp\/v2\/product"}],"about":[{"href":"https:\/\/www.mysexualfantasy.eu\/en\/wp-json\/wp\/v2\/types\/product"}],"replies":[{"embeddable":true,"href":"https:\/\/www.mysexualfantasy.eu\/en\/wp-json\/wp\/v2\/comments?post=72733"}],"wp:featuredmedia":[{"embeddable":true,"href":"https:\/\/www.mysexualfantasy.eu\/en\/wp-json\/wp\/v2\/media\/72734"}],"wp:attachment":[{"href":"https:\/\/www.mysexualfantasy.eu\/en\/wp-json\/wp\/v2\/media?parent=72733"}],"wp:term":[{"taxonomy":"product_brand","embeddable":true,"href":"https:\/\/www.mysexualfantasy.eu\/en\/wp-json\/wp\/v2\/product_brand?post=72733"},{"taxonomy":"product_cat","embeddable":true,"href":"https:\/\/www.mysexualfantasy.eu\/en\/wp-json\/wp\/v2\/product_cat?post=72733"},{"taxonomy":"product_tag","embeddable":true,"href":"https:\/\/www.mysexualfantasy.eu\/en\/wp-json\/wp\/v2\/product_tag?post=72733"}],"curies":[{"name":"wp","href":"https:\/\/api.w.org\/{rel}","templated":true}]}}