{"id":72790,"date":"2023-01-13T15:01:06","date_gmt":"2023-01-13T15:01:06","guid":{"rendered":"https:\/\/www.mysexualfantasy.eu\/?post_type=product&#038;p=72790"},"modified":"2023-12-06T16:10:25","modified_gmt":"2023-12-06T16:10:25","slug":"satisfyer-g-spot-flex-5-multi-vibrador-lila","status":"publish","type":"product","link":"https:\/\/www.mysexualfantasy.eu\/en\/product\/satisfyer-g-spot-flex-5-multi-vibrador-lila\/","title":{"rendered":"SATISFYER G-SPOT FLEX 5 MULTI VIBRADOR &#8211; LILA"},"content":{"rendered":"<p>\u00a1El ajuste perfecto! Un multivibrador que puede hacerlo todo&#8230; G-Spot Flex 5 Connect App tiene un eje totalmente flexible, dise\u00f1ado para doblarse de la forma m\u00e1s creativa que desees.<\/p>\n<p><strong>Informaci\u00f3n del producto \u00abSatisfyer G-Spot Flex 5\u00bb<\/strong><\/p>\n<ul>\n<li>Compatible con la aplicaci\u00f3n gratuita de Satisfyer, disponible para iOS y Android<\/li>\n<li>Anat\u00f3micamente optimizado: \u00e1ngulo de estimulaci\u00f3n ajustable<\/li>\n<li>Perfectamente dise\u00f1ado para una estimulaci\u00f3n intensa del punto G<\/li>\n<li>15 a\u00f1os de garant\u00eda Flexible y maleable<\/li>\n<li>Ideal para la estimulaci\u00f3n del punto G<\/li>\n<li>Tambi\u00e9n se puede utilizar sin necesidad de la aplicaci\u00f3n<\/li>\n<li>Infinidad de programas variados gracias a la aplicaci\u00f3n<\/li>\n<li>Silicona inocua para el cuerpo<\/li>\n<li>Impermeable (IPX7)<\/li>\n<li>Modo susurro<\/li>\n<li>Bater\u00eda de iones de litio<\/li>\n<li>Cable de carga magn\u00e9tico USB incluido<\/li>\n<li>F\u00e1cil de limpiar<\/li>\n<\/ul>\n<p><strong>Estimulaci\u00f3n vers\u00e1til con el G-Spot Flex 5<\/strong><\/p>\n<p>Buscas algo para alcanzar tu punto G o que sirva como un vibrador tipo conejito? \u00a1No busques m\u00e1s! Con este vers\u00e1til Satisfyer podr\u00e1s descubrir y alcanzar todos tus lugares de placer favoritos. G-Spot Flex 5 Connect App presenta un mango fino y redondo con elegantes detalles en ABS. G-Spot Flex 5 Connect, con tecnolog\u00eda Bluetooth, se puede conectar a la galardonada aplicaci\u00f3n gratuita Satisfyer Connect, ofreci\u00e9ndote la opci\u00f3n de tener un control completo sobre los potentes motores y un placer realmente personalizable. G-Spot Flex 5 Connect App est\u00e1 fabricado con silicona inocua para el cuerpo, es recargable e impermeable (IPX7). Descubre tu flexibilidad.<\/p>","protected":false},"excerpt":{"rendered":"<p>SATISFYER G-SPOT FLEX 5 MULTI VIBRATOR &#8211; LILAC<\/p>","protected":false},"featured_media":72791,"comment_status":"open","ping_status":"closed","template":"","meta":{"_monsterinsights_skip_tracking":false,"_monsterinsights_sitenote_active":false,"_monsterinsights_sitenote_note":"","_monsterinsights_sitenote_category":0,"_joinchat":[]},"product_brand":[],"product_cat":[121,189,119,245,293,258,837,255],"product_tag":[],"class_list":{"0":"post-72790","1":"product","2":"type-product","3":"status-publish","4":"has-post-thumbnail","6":"product_cat-juguetes-sexuales-xxxacuaticos","7":"product_cat-juguetes-sexuales-xxxestimuladores","8":"product_cat-juguetes-sexuales-xxx","9":"product_cat-juguetes-sexuales-xxxmasturbadores-para-ellas","10":"product_cat-juguetes-sexuales-xxxpunto-g","11":"product_cat-juguetes-sexuales-xxxvibradores","12":"product_cat-juguetes-sexuales-xxxvibradores-con-app","13":"product_cat-juguetes-sexuales-xxxvibradores-hi-tech","14":"yith_product_brand-satisfyer","15":"yith_product_brand-satisfyer-satisfyer-vibrator","17":"first","18":"instock","19":"taxable","20":"shipping-taxable","21":"purchasable","22":"product-type-simple"},"aioseo_notices":[],"_links":{"self":[{"href":"https:\/\/www.mysexualfantasy.eu\/en\/wp-json\/wp\/v2\/product\/72790","targetHints":{"allow":["GET"]}}],"collection":[{"href":"https:\/\/www.mysexualfantasy.eu\/en\/wp-json\/wp\/v2\/product"}],"about":[{"href":"https:\/\/www.mysexualfantasy.eu\/en\/wp-json\/wp\/v2\/types\/product"}],"replies":[{"embeddable":true,"href":"https:\/\/www.mysexualfantasy.eu\/en\/wp-json\/wp\/v2\/comments?post=72790"}],"wp:featuredmedia":[{"embeddable":true,"href":"https:\/\/www.mysexualfantasy.eu\/en\/wp-json\/wp\/v2\/media\/72791"}],"wp:attachment":[{"href":"https:\/\/www.mysexualfantasy.eu\/en\/wp-json\/wp\/v2\/media?parent=72790"}],"wp:term":[{"taxonomy":"product_brand","embeddable":true,"href":"https:\/\/www.mysexualfantasy.eu\/en\/wp-json\/wp\/v2\/product_brand?post=72790"},{"taxonomy":"product_cat","embeddable":true,"href":"https:\/\/www.mysexualfantasy.eu\/en\/wp-json\/wp\/v2\/product_cat?post=72790"},{"taxonomy":"product_tag","embeddable":true,"href":"https:\/\/www.mysexualfantasy.eu\/en\/wp-json\/wp\/v2\/product_tag?post=72790"}],"curies":[{"name":"wp","href":"https:\/\/api.w.org\/{rel}","templated":true}]}}