{"id":72796,"date":"2023-01-13T18:08:48","date_gmt":"2023-01-13T18:08:48","guid":{"rendered":"https:\/\/www.mysexualfantasy.eu\/?post_type=product&#038;p=72796"},"modified":"2023-12-06T17:24:24","modified_gmt":"2023-12-06T17:24:24","slug":"uniq-classic-preservativos-sin-latex-3-unidades","status":"publish","type":"product","link":"https:\/\/www.mysexualfantasy.eu\/en\/product\/uniq-classic-preservativos-sin-latex-3-unidades\/","title":{"rendered":"UNIQ &#8211; CLASSIC PRESERVATIVOS SIN LATEX 3 UNIDADES"},"content":{"rendered":"<p>Los preservativos Uniq Classic son transparentes y extrafinos, hechos para el m\u00e1ximo placer y una experiencia sensual. Debido a su grosor de 0,008 mm, estos preservativos te hacen sentir como si no llevaras nada. Los preservativos extrasuaves sin l\u00e1tex, fabricados en resina sint\u00e9tica, son una opci\u00f3n perfecta para aquellas personas al\u00e9rgicas al l\u00e1tex.<\/p>\n<p>Si est\u00e1s buscando condones, cuando puedes sentirlo todo, estas gomas ultrafinas son definitivamente para ti. M\u00e1s delgados que nunca, los condones inodoros aumentan la sensibilidad y la resistencia a la rotura. Los preservativos Uniq Classic son compatibles con cualquier tipo de lubricante.<\/p>\n<p>Con un empaque de tarjeta de cr\u00e9dito \u00fanico y moderno,no da\u00f1ar\u00e1 los condones en su billetera o bolsillo. Sea valiente y ll\u00e9velo consigo, porque se ven muy diferentes al empaque de condones normal.<\/p>\n<ul>\n<li>Caracter\u00edsticas especiales: Preservativos m\u00e1s finos de 0,008 mm<\/li>\n<li>Tama\u00f1o: Tama\u00f1o regular<\/li>\n<li>Forma: Directo<\/li>\n<li>Textura: Suave<\/li>\n<li>Color: Transparente<\/li>\n<li>Sabor: Sin sabor<\/li>\n<li>Material: Sin l\u00e1tex AT-10<\/li>\n<li>Ancho en la base: 60\u00b12 \/ 2.36&#8243; pulgadas<\/li>\n<li>Longitud: 170-180 mm \/ 6,69-7,08&#8243; pulgadas<\/li>\n<li>Espesor: 8mm<\/li>\n<\/ul>\n<p>Uniq Condoms es una empresa con sede en Columbia que fabrica los condones sin l\u00e1tex m\u00e1s innovadores para hombres y mujeres. En 2015, los condones Uniq fueron premiados por Bill  Melinda Gates por ser los condones m\u00e1s ingeniosos del mundo.<\/p>","protected":false},"excerpt":{"rendered":"<p>UNIQ &#8211; CLASSIC LATEX FREE CONDOMS 3 UNITS<\/p>","protected":false},"featured_media":72797,"comment_status":"open","ping_status":"closed","template":"","meta":{"_monsterinsights_skip_tracking":false,"_monsterinsights_sitenote_active":false,"_monsterinsights_sitenote_note":"","_monsterinsights_sitenote_category":0,"_joinchat":[]},"product_brand":[],"product_cat":[1463,600,1228,1459],"product_tag":[],"class_list":{"0":"post-72796","1":"product","2":"type-product","3":"status-publish","4":"has-post-thumbnail","6":"product_cat-preservativos-todos-los-tamanos-de-cajascajas-de-3","7":"product_cat-preservativos","8":"product_cat-preservativos-sin-latex","9":"product_cat-preservativos-todos-los-tamanos-de-cajas","10":"yith_product_brand-uniq","12":"first","13":"instock","14":"taxable","15":"shipping-taxable","16":"purchasable","17":"product-type-simple"},"aioseo_notices":[],"_links":{"self":[{"href":"https:\/\/www.mysexualfantasy.eu\/en\/wp-json\/wp\/v2\/product\/72796","targetHints":{"allow":["GET"]}}],"collection":[{"href":"https:\/\/www.mysexualfantasy.eu\/en\/wp-json\/wp\/v2\/product"}],"about":[{"href":"https:\/\/www.mysexualfantasy.eu\/en\/wp-json\/wp\/v2\/types\/product"}],"replies":[{"embeddable":true,"href":"https:\/\/www.mysexualfantasy.eu\/en\/wp-json\/wp\/v2\/comments?post=72796"}],"wp:featuredmedia":[{"embeddable":true,"href":"https:\/\/www.mysexualfantasy.eu\/en\/wp-json\/wp\/v2\/media\/72797"}],"wp:attachment":[{"href":"https:\/\/www.mysexualfantasy.eu\/en\/wp-json\/wp\/v2\/media?parent=72796"}],"wp:term":[{"taxonomy":"product_brand","embeddable":true,"href":"https:\/\/www.mysexualfantasy.eu\/en\/wp-json\/wp\/v2\/product_brand?post=72796"},{"taxonomy":"product_cat","embeddable":true,"href":"https:\/\/www.mysexualfantasy.eu\/en\/wp-json\/wp\/v2\/product_cat?post=72796"},{"taxonomy":"product_tag","embeddable":true,"href":"https:\/\/www.mysexualfantasy.eu\/en\/wp-json\/wp\/v2\/product_tag?post=72796"}],"curies":[{"name":"wp","href":"https:\/\/api.w.org\/{rel}","templated":true}]}}