{"id":72981,"date":"2023-01-16T19:50:41","date_gmt":"2023-01-16T19:50:41","guid":{"rendered":"https:\/\/www.mysexualfantasy.eu\/?post_type=product&#038;p=72981"},"modified":"2023-12-06T16:10:37","modified_gmt":"2023-12-06T16:10:37","slug":"satisfyer-mini-wond-er-azul","status":"publish","type":"product","link":"https:\/\/www.mysexualfantasy.eu\/en\/product\/satisfyer-mini-wond-er-azul\/","title":{"rendered":"SATISFYER MINI WOND-ER &#8211; AZUL"},"content":{"rendered":"<p>Descubre la magia&#8230; \u00a1el Mini Wand-er, la nueva incorporaci\u00f3n a la popular categor\u00eda de vibradores de varita, est\u00e1 aqu\u00ed para hacer que pierdas la cabeza!<\/p>\n<p>Con un tama\u00f1o compacto de 6,3 pulgadas, el Mini Wand-er es ideal para viajes, as\u00ed como para principiantes que buscan ampliar su colecci\u00f3n con un nuevo giro a un dise\u00f1o cl\u00e1sico.<\/p>\n<p>Cuenta con una punta redondeada, una forma recta y un aspecto elegante, tambi\u00e9n tiene un resorte en la mitad superior y el cabezal m\u00e1s flexible para estimular el cl\u00edtoris.<\/p>\n<p>Cuenta con una potencia incre\u00edble para tener un rutar de un masaje de tejido profundo en todo el cuerpo!<\/p>\n<p>El potente motor del Mini Wand-er dispone de 12 maravillosos programas de vibraci\u00f3n. Pasa f\u00e1cilmente de una configuraci\u00f3n a otra usando los botones intuitivos +\/-.<\/p>\n<p>El Mini Wand-er est\u00e1 fabricado con silicona inocua para el cuerpo, es recargable e impermeable (IPX7).<\/p>\n<p>Mueve tu varita a tu manera.<\/p>","protected":false},"excerpt":{"rendered":"<p>SATISFYER MINI WOND-ER &#8211; BLUE<\/p>","protected":false},"featured_media":72982,"comment_status":"open","ping_status":"closed","template":"","meta":{"_monsterinsights_skip_tracking":false,"_monsterinsights_sitenote_active":false,"_monsterinsights_sitenote_note":"","_monsterinsights_sitenote_category":0,"_joinchat":[]},"product_brand":[],"product_cat":[121,189,119,245,165,853,258],"product_tag":[],"class_list":{"0":"post-72981","1":"product","2":"type-product","3":"status-publish","4":"has-post-thumbnail","6":"product_cat-juguetes-sexuales-xxxacuaticos","7":"product_cat-juguetes-sexuales-xxxestimuladores","8":"product_cat-juguetes-sexuales-xxx","9":"product_cat-juguetes-sexuales-xxxmasturbadores-para-ellas","10":"product_cat-novedades","11":"product_cat-juguetes-sexuales-xxxestimuladorespara-clitoris","12":"product_cat-juguetes-sexuales-xxxvibradores","13":"yith_product_brand-satisfyer","14":"yith_product_brand-satisfyer-satisfyer-wand","16":"first","17":"instock","18":"taxable","19":"shipping-taxable","20":"purchasable","21":"product-type-simple"},"aioseo_notices":[],"_links":{"self":[{"href":"https:\/\/www.mysexualfantasy.eu\/en\/wp-json\/wp\/v2\/product\/72981","targetHints":{"allow":["GET"]}}],"collection":[{"href":"https:\/\/www.mysexualfantasy.eu\/en\/wp-json\/wp\/v2\/product"}],"about":[{"href":"https:\/\/www.mysexualfantasy.eu\/en\/wp-json\/wp\/v2\/types\/product"}],"replies":[{"embeddable":true,"href":"https:\/\/www.mysexualfantasy.eu\/en\/wp-json\/wp\/v2\/comments?post=72981"}],"wp:featuredmedia":[{"embeddable":true,"href":"https:\/\/www.mysexualfantasy.eu\/en\/wp-json\/wp\/v2\/media\/72982"}],"wp:attachment":[{"href":"https:\/\/www.mysexualfantasy.eu\/en\/wp-json\/wp\/v2\/media?parent=72981"}],"wp:term":[{"taxonomy":"product_brand","embeddable":true,"href":"https:\/\/www.mysexualfantasy.eu\/en\/wp-json\/wp\/v2\/product_brand?post=72981"},{"taxonomy":"product_cat","embeddable":true,"href":"https:\/\/www.mysexualfantasy.eu\/en\/wp-json\/wp\/v2\/product_cat?post=72981"},{"taxonomy":"product_tag","embeddable":true,"href":"https:\/\/www.mysexualfantasy.eu\/en\/wp-json\/wp\/v2\/product_tag?post=72981"}],"curies":[{"name":"wp","href":"https:\/\/api.w.org\/{rel}","templated":true}]}}