{"id":73191,"date":"2023-01-19T19:31:55","date_gmt":"2023-01-19T19:31:55","guid":{"rendered":"https:\/\/www.mysexualfantasy.eu\/?post_type=product&#038;p=73191"},"modified":"2023-12-06T15:23:43","modified_gmt":"2023-12-06T15:23:43","slug":"baile-ultra-passionate-harness-19-4-cm-natural","status":"publish","type":"product","link":"https:\/\/www.mysexualfantasy.eu\/en\/product\/baile-ultra-passionate-harness-19-4-cm-natural\/","title":{"rendered":"BAILE ULTRA PASSIONATE HARNESS 19.4 CM &#8211; NATURAL"},"content":{"rendered":"<p style=\"line-height: 20.8px;\">Es un arn\u00e9s ajustable para mujeres con un fenomenal pene real\u00edstico fabricado de vinilo de gran calidad.<\/p>\n<p>Tiene la forma de un vigoroso pene con todo lujo de detalles, incluyendo test\u00edculos, que bien lubricado, se abrir\u00e1 paso sin problemas, gracias a su deslizante material, ayud\u00e1ndote a alcanzar ese punto que siempre has buscado.<\/p>\n<p><strong>Caracter\u00edsticas:<\/strong><\/p>\n<ul style=\"line-height: 20.8px;\">\n<li>Dise\u00f1ado espec\u00edficamente para mujeres que desean realizar penetraciones, sobre hombres o mujeres indistintamente.<\/li>\n<li>Incluye braguita triangular con correaje ajustable a todas las tallas, incluso las m\u00e1s grandes, ya que dispone de correaje extra.<\/li>\n<li>Ideal para penetraciones l\u00e9sbicas y bisexuales.<\/li>\n<li>Medidas dildo: 19.4\u00a0cm x 42 cm.<\/li>\n<\/ul>\n<p style=\"line-height: 20.8px;\">Color Natural<\/p>\n<p style=\"line-height: 20.8px;\">\u00a1\u00a1\u00a1Vive nuevas experiencias!!!<\/p>","protected":false},"excerpt":{"rendered":"<p>BAILE ULTRA PASSIONATE HARNESS 19.4 CM &#8211; FLESH<\/p>","protected":false},"featured_media":73192,"comment_status":"open","ping_status":"closed","template":"","meta":{"_monsterinsights_skip_tracking":false,"_monsterinsights_sitenote_active":false,"_monsterinsights_sitenote_note":"","_monsterinsights_sitenote_category":0,"_joinchat":[]},"product_brand":[],"product_cat":[1173,1279,1152],"product_tag":[],"class_list":{"0":"post-73191","1":"product","2":"type-product","3":"status-publish","4":"has-post-thumbnail","6":"product_cat-juguetes-bienestar-arneses","7":"product_cat-juguetes-bienestar-arnesesarneses-con-vibracion","8":"product_cat-juguetes-bienestar","9":"yith_product_brand-baile","10":"yith_product_brand-bailebaile-harness-collection","12":"first","13":"instock","14":"taxable","15":"shipping-taxable","16":"purchasable","17":"product-type-simple"},"aioseo_notices":[],"_links":{"self":[{"href":"https:\/\/www.mysexualfantasy.eu\/en\/wp-json\/wp\/v2\/product\/73191","targetHints":{"allow":["GET"]}}],"collection":[{"href":"https:\/\/www.mysexualfantasy.eu\/en\/wp-json\/wp\/v2\/product"}],"about":[{"href":"https:\/\/www.mysexualfantasy.eu\/en\/wp-json\/wp\/v2\/types\/product"}],"replies":[{"embeddable":true,"href":"https:\/\/www.mysexualfantasy.eu\/en\/wp-json\/wp\/v2\/comments?post=73191"}],"wp:featuredmedia":[{"embeddable":true,"href":"https:\/\/www.mysexualfantasy.eu\/en\/wp-json\/wp\/v2\/media\/73192"}],"wp:attachment":[{"href":"https:\/\/www.mysexualfantasy.eu\/en\/wp-json\/wp\/v2\/media?parent=73191"}],"wp:term":[{"taxonomy":"product_brand","embeddable":true,"href":"https:\/\/www.mysexualfantasy.eu\/en\/wp-json\/wp\/v2\/product_brand?post=73191"},{"taxonomy":"product_cat","embeddable":true,"href":"https:\/\/www.mysexualfantasy.eu\/en\/wp-json\/wp\/v2\/product_cat?post=73191"},{"taxonomy":"product_tag","embeddable":true,"href":"https:\/\/www.mysexualfantasy.eu\/en\/wp-json\/wp\/v2\/product_tag?post=73191"}],"curies":[{"name":"wp","href":"https:\/\/api.w.org\/{rel}","templated":true}]}}