{"id":73238,"date":"2023-01-25T15:22:20","date_gmt":"2023-01-25T15:22:20","guid":{"rendered":"https:\/\/www.mysexualfantasy.eu\/?post_type=product&#038;p=73238"},"modified":"2023-12-06T15:23:20","modified_gmt":"2023-12-06T15:23:20","slug":"baile-ultra-passionate-harness-26-cm-natural","status":"publish","type":"product","link":"https:\/\/www.mysexualfantasy.eu\/en\/product\/baile-ultra-passionate-harness-26-cm-natural\/","title":{"rendered":"BAILE ULTRA PASSIONATE HARNESS 26 CM &#8211; NATURAL"},"content":{"rendered":"<p style=\"line-height: 20.8px;\">Arn\u00e9s con dildo con materiales suaves y realistas, perfectos para una penetraci\u00f3n suave y satisfactoria. El arn\u00e9s es ajustable y el\u00e1stico, el dildo es flexible y suave, perfecto para la penetraci\u00f3n anal o vaginal. Cuenta con funci\u00f3n vibraci\u00f3n y un control remoto con cable que podr\u00e1s anclar al arn\u00e9s para que puedas tener las manos en otras cosas.<\/p>\n<p><strong>Caracter\u00edsticas:<\/strong><\/p>\n<ul style=\"line-height: 20.8px;\">\n<li style=\"box-sizing: border-box;\">Arn\u00e9s ajustable y el\u00e1stico<\/li>\n<li style=\"box-sizing: border-box;\">Dildo con vibraci\u00f3n incluido<\/li>\n<li style=\"box-sizing: border-box;\">Dildo flexible retr\u00e1ctil<\/li>\n<li style=\"box-sizing: border-box;\">Flexible<\/li>\n<li style=\"box-sizing: border-box;\">Impermeable<\/li>\n<li style=\"box-sizing: border-box;\">Silicona suave<\/li>\n<li style=\"box-sizing: border-box;\">2 pilas AA<\/li>\n<li style=\"box-sizing: border-box; transition: all 300ms ease 0s; position: relative; line-height: 20px;\">Medidas: 26 cm x 19 cm x 5.5 cm<\/li>\n<\/ul>\n<p style=\"line-height: 20.8px;\">Color Natural<\/p>\n<p style=\"line-height: 20.8px;\">\u00a1\u00a1\u00a1Vive nuevas experiencias!!!<\/p>","protected":false},"excerpt":{"rendered":"<p>BAILE ULTRA PASSIONATE HARNESS 26 CM &#8211; FLESH<\/p>","protected":false},"featured_media":73239,"comment_status":"open","ping_status":"closed","template":"","meta":{"_monsterinsights_skip_tracking":false,"_monsterinsights_sitenote_active":false,"_monsterinsights_sitenote_note":"","_monsterinsights_sitenote_category":0,"_joinchat":[]},"product_brand":[],"product_cat":[1173,1174,1152],"product_tag":[],"class_list":{"0":"post-73238","1":"product","2":"type-product","3":"status-publish","4":"has-post-thumbnail","6":"product_cat-juguetes-bienestar-arneses","7":"product_cat-juguetes-bienestar-arnesesarneses-sin-vibracion","8":"product_cat-juguetes-bienestar","9":"yith_product_brand-baile","10":"yith_product_brand-bailebaile-harness-collection","12":"first","13":"instock","14":"taxable","15":"shipping-taxable","16":"purchasable","17":"product-type-simple"},"aioseo_notices":[],"_links":{"self":[{"href":"https:\/\/www.mysexualfantasy.eu\/en\/wp-json\/wp\/v2\/product\/73238","targetHints":{"allow":["GET"]}}],"collection":[{"href":"https:\/\/www.mysexualfantasy.eu\/en\/wp-json\/wp\/v2\/product"}],"about":[{"href":"https:\/\/www.mysexualfantasy.eu\/en\/wp-json\/wp\/v2\/types\/product"}],"replies":[{"embeddable":true,"href":"https:\/\/www.mysexualfantasy.eu\/en\/wp-json\/wp\/v2\/comments?post=73238"}],"wp:featuredmedia":[{"embeddable":true,"href":"https:\/\/www.mysexualfantasy.eu\/en\/wp-json\/wp\/v2\/media\/73239"}],"wp:attachment":[{"href":"https:\/\/www.mysexualfantasy.eu\/en\/wp-json\/wp\/v2\/media?parent=73238"}],"wp:term":[{"taxonomy":"product_brand","embeddable":true,"href":"https:\/\/www.mysexualfantasy.eu\/en\/wp-json\/wp\/v2\/product_brand?post=73238"},{"taxonomy":"product_cat","embeddable":true,"href":"https:\/\/www.mysexualfantasy.eu\/en\/wp-json\/wp\/v2\/product_cat?post=73238"},{"taxonomy":"product_tag","embeddable":true,"href":"https:\/\/www.mysexualfantasy.eu\/en\/wp-json\/wp\/v2\/product_tag?post=73238"}],"curies":[{"name":"wp","href":"https:\/\/api.w.org\/{rel}","templated":true}]}}