{"id":73244,"date":"2023-01-25T15:36:27","date_gmt":"2023-01-25T15:36:27","guid":{"rendered":"https:\/\/www.mysexualfantasy.eu\/?post_type=product&#038;p=73244"},"modified":"2023-12-06T16:10:42","modified_gmt":"2023-12-06T16:10:42","slug":"pretty-love-dancing-butterfly-estimulador-para-braguita-con-control-remoto-lila","status":"publish","type":"product","link":"https:\/\/www.mysexualfantasy.eu\/en\/product\/pretty-love-dancing-butterfly-estimulador-para-braguita-con-control-remoto-lila\/","title":{"rendered":"PRETTY LOVE DANCING BUTTERFLY ESTIMULADOR PARA BRAGUITA CON CONTROL REMOTO &#8211; LILA"},"content":{"rendered":"<p>Este estimulador de cl\u00edtoris es extremadamente suave y agradable al tacto gracias a sus materiales de Elite Silicone.<\/p>\n<p>Su dise\u00f1o delgado, ideal para poder usar discretamente en tu ropa interior. Cuenta con un control remoto muy f\u00e1cil de usar, es perfecto para divertirse en pareja.<\/p>\n<p><strong>Caracter\u00edsticas:<\/strong><\/p>\n<ul>\n<li>12 funciones de vibraci\u00f3n<\/li>\n<li>Control remoto<\/li>\n<li>Estimulador recargable por USB<\/li>\n<li>Mando 1 pila AAA<\/li>\n<li>Silicona + ABS<\/li>\n<li>Discreto<\/li>\n<li>Medidas: 10.8 cm x 4 cm<\/li>\n<\/ul>\n<p>Pretty Love fabrica productos de alta calidad. Tienen 1 a\u00f1o de garant\u00eda en defectos t\u00e9cnicos.<\/p>","protected":false},"excerpt":{"rendered":"<p>PRETTY LOVE DANCING BUTTERFLY REMOTE CONTROL &#8211; PURPLE<\/p>","protected":false},"featured_media":73245,"comment_status":"open","ping_status":"closed","template":"","meta":{"_monsterinsights_skip_tracking":false,"_monsterinsights_sitenote_active":false,"_monsterinsights_sitenote_note":"","_monsterinsights_sitenote_category":0,"_joinchat":[]},"product_brand":[],"product_cat":[1156,1157,1152,1155,1153,1154],"product_tag":[],"class_list":{"0":"post-73244","1":"product","2":"type-product","3":"status-publish","4":"has-post-thumbnail","6":"product_cat-juguetes-bienestar-juguetes-para-mujeresestimuladores","7":"product_cat-juguetes-bienestar-juguetes-para-mujeresestimuladoreshuevos-vibradores","8":"product_cat-juguetes-bienestar","9":"product_cat-juguetes-bienestar-juguetes-para-mujeres","10":"product_cat-juguetes-bienestar-vibradores","11":"product_cat-juguetes-bienestar-vibradoresvibradores-control-remoto","12":"yith_product_brand-pretty-love","13":"yith_product_brand-pretty-lovepretty-love-smart","15":"first","16":"instock","17":"taxable","18":"shipping-taxable","19":"purchasable","20":"product-type-simple"},"aioseo_notices":[],"_links":{"self":[{"href":"https:\/\/www.mysexualfantasy.eu\/en\/wp-json\/wp\/v2\/product\/73244","targetHints":{"allow":["GET"]}}],"collection":[{"href":"https:\/\/www.mysexualfantasy.eu\/en\/wp-json\/wp\/v2\/product"}],"about":[{"href":"https:\/\/www.mysexualfantasy.eu\/en\/wp-json\/wp\/v2\/types\/product"}],"replies":[{"embeddable":true,"href":"https:\/\/www.mysexualfantasy.eu\/en\/wp-json\/wp\/v2\/comments?post=73244"}],"wp:featuredmedia":[{"embeddable":true,"href":"https:\/\/www.mysexualfantasy.eu\/en\/wp-json\/wp\/v2\/media\/73245"}],"wp:attachment":[{"href":"https:\/\/www.mysexualfantasy.eu\/en\/wp-json\/wp\/v2\/media?parent=73244"}],"wp:term":[{"taxonomy":"product_brand","embeddable":true,"href":"https:\/\/www.mysexualfantasy.eu\/en\/wp-json\/wp\/v2\/product_brand?post=73244"},{"taxonomy":"product_cat","embeddable":true,"href":"https:\/\/www.mysexualfantasy.eu\/en\/wp-json\/wp\/v2\/product_cat?post=73244"},{"taxonomy":"product_tag","embeddable":true,"href":"https:\/\/www.mysexualfantasy.eu\/en\/wp-json\/wp\/v2\/product_tag?post=73244"}],"curies":[{"name":"wp","href":"https:\/\/api.w.org\/{rel}","templated":true}]}}