{"id":73249,"date":"2023-01-25T15:36:29","date_gmt":"2023-01-25T15:36:29","guid":{"rendered":"https:\/\/www.mysexualfantasy.eu\/?post_type=product&#038;p=73249"},"modified":"2023-12-06T16:10:42","modified_gmt":"2023-12-06T16:10:42","slug":"pretty-love-alex-vibrador-y-succionador-de-clitoris-lila","status":"publish","type":"product","link":"https:\/\/www.mysexualfantasy.eu\/en\/product\/pretty-love-alex-vibrador-y-succionador-de-clitoris-lila\/","title":{"rendered":"PRETTY LOVE ALEX VIBRADOR Y SUCCIONADOR DE CL\u00cdTORIS &#8211; LILA"},"content":{"rendered":"<p>Si buscas una estimulaci\u00f3n completa que te lleve a un orgasmo intenso y explosivo, entonces tienes que dominar este nuevo juguete. El vibrador de succi\u00f3n del cl\u00edtoris tiene dos funciones, lo que te brinda una experiencia de orgasmo dos en uno. El vibrador es flexible y golpea el punto G con 12 frecuencias de vibraci\u00f3n diferentes. El estimulador de cl\u00edtoris tambi\u00e9n tiene 4 configuraciones de succi\u00f3n diferentes para acercarte cada vez m\u00e1s al orgasmo.<\/p>\n<p><strong>Caracter\u00edsticas:<\/strong><\/p>\n<ul>\n<li style=\"box-sizing: border-box; transition: all 300ms ease 0s; position: relative; line-height: 20px;\">12 funciones de vibraci\u00f3n<\/li>\n<li style=\"box-sizing: border-box; transition: all 300ms ease 0s; position: relative; line-height: 20px;\">4 funciones de succi\u00f3n<\/li>\n<li style=\"box-sizing: border-box; transition: all 300ms ease 0s; position: relative; line-height: 20px;\">Recargable por USB<\/li>\n<li style=\"box-sizing: border-box; transition: all 300ms ease 0s; position: relative; line-height: 20px;\">Silicona + ABS<\/li>\n<li style=\"box-sizing: border-box; transition: all 300ms ease 0s; position: relative; line-height: 20px;\">Medidas: 24.7 cm x 4 cm<\/li>\n<\/ul>\n<p>Pretty Love fabrica productos de alta calidad. Tienen 1 a\u00f1o de garant\u00eda en defectos t\u00e9cnicos.<\/p>","protected":false},"excerpt":{"rendered":"<p>PRETTY LOVE ALEX VIBRATOR AND STIMULATOR &#8211; PURPLE<\/p>","protected":false},"featured_media":73250,"comment_status":"open","ping_status":"closed","template":"","meta":{"_monsterinsights_skip_tracking":false,"_monsterinsights_sitenote_active":false,"_monsterinsights_sitenote_note":"","_monsterinsights_sitenote_category":0,"_joinchat":[]},"product_brand":[],"product_cat":[1156,1152,1155,1309,1153],"product_tag":[],"class_list":{"0":"post-73249","1":"product","2":"type-product","3":"status-publish","4":"has-post-thumbnail","6":"product_cat-juguetes-bienestar-juguetes-para-mujeresestimuladores","7":"product_cat-juguetes-bienestar","8":"product_cat-juguetes-bienestar-juguetes-para-mujeres","9":"product_cat-juguetes-bienestar-juguetes-para-mujerespunto-g","10":"product_cat-juguetes-bienestar-vibradores","11":"yith_product_brand-pretty-love","12":"yith_product_brand-pretty-lovepretty-love-c-type","14":"first","15":"instock","16":"taxable","17":"shipping-taxable","18":"purchasable","19":"product-type-simple"},"aioseo_notices":[],"_links":{"self":[{"href":"https:\/\/www.mysexualfantasy.eu\/en\/wp-json\/wp\/v2\/product\/73249","targetHints":{"allow":["GET"]}}],"collection":[{"href":"https:\/\/www.mysexualfantasy.eu\/en\/wp-json\/wp\/v2\/product"}],"about":[{"href":"https:\/\/www.mysexualfantasy.eu\/en\/wp-json\/wp\/v2\/types\/product"}],"replies":[{"embeddable":true,"href":"https:\/\/www.mysexualfantasy.eu\/en\/wp-json\/wp\/v2\/comments?post=73249"}],"wp:featuredmedia":[{"embeddable":true,"href":"https:\/\/www.mysexualfantasy.eu\/en\/wp-json\/wp\/v2\/media\/73250"}],"wp:attachment":[{"href":"https:\/\/www.mysexualfantasy.eu\/en\/wp-json\/wp\/v2\/media?parent=73249"}],"wp:term":[{"taxonomy":"product_brand","embeddable":true,"href":"https:\/\/www.mysexualfantasy.eu\/en\/wp-json\/wp\/v2\/product_brand?post=73249"},{"taxonomy":"product_cat","embeddable":true,"href":"https:\/\/www.mysexualfantasy.eu\/en\/wp-json\/wp\/v2\/product_cat?post=73249"},{"taxonomy":"product_tag","embeddable":true,"href":"https:\/\/www.mysexualfantasy.eu\/en\/wp-json\/wp\/v2\/product_tag?post=73249"}],"curies":[{"name":"wp","href":"https:\/\/api.w.org\/{rel}","templated":true}]}}