{"id":73307,"date":"2023-01-25T16:22:17","date_gmt":"2023-01-25T16:22:17","guid":{"rendered":"https:\/\/www.mysexualfantasy.eu\/?post_type=product&#038;p=73307"},"modified":"2023-12-06T14:52:25","modified_gmt":"2023-12-06T14:52:25","slug":"pretty-love-marissa-masturbador-masculino-vibracion-calor-voz-y-succion","status":"publish","type":"product","link":"https:\/\/www.mysexualfantasy.eu\/en\/product\/pretty-love-marissa-masturbador-masculino-vibracion-calor-voz-y-succion\/","title":{"rendered":"PRETTY LOVE MARISSA MASTURBADOR MASCULINO VIBRACI\u00d3N, CALOR, VOZ Y SUCCI\u00d3N"},"content":{"rendered":"<p>Experimenta el cl\u00edmax absoluto con este masturbador con vibraci\u00f3n, funci\u00f3n de calor, sex talk y funci\u00f3n Licking. Su interior es sedoso y se calienta hasta llegar a una temperatura natural, mientras que el poderoso motor cuenta con 7 patrones de licking y 12 niveles de intensidad de vibraci\u00f3n. El exterior es de f\u00e1cil agarre para poder encontrar la posici\u00f3n perfecta para un cl\u00edmax inolvidable.<\/p>\n<p><strong>Caracter\u00edsticas:<\/strong><\/p>\n<ul>\n<li style=\"box-sizing: border-box; transition: all 300ms ease 0s; position: relative; line-height: 20px;\">12 funciones de vibraci\u00f3n<\/li>\n<li style=\"box-sizing: border-box; transition: all 300ms ease 0s; position: relative; line-height: 20px;\">Efecto calor  hasta 48C<\/li>\n<li style=\"box-sizing: border-box; transition: all 300ms ease 0s; position: relative; line-height: 20px;\">Funci\u00f3n sex talk<\/li>\n<li style=\"box-sizing: border-box; transition: all 300ms ease 0s; position: relative; line-height: 20px;\">7 funciones de Licking<\/li>\n<li style=\"box-sizing: border-box; transition: all 300ms ease 0s; position: relative; line-height: 20px;\">Funci\u00f3n de memoria<\/li>\n<li style=\"box-sizing: border-box; transition: all 300ms ease 0s; position: relative; line-height: 20px;\">Recargable por USB<\/li>\n<li style=\"box-sizing: border-box; transition: all 300ms ease 0s; position: relative; line-height: 20px;\">TPE + ABS<\/li>\n<li style=\"box-sizing: border-box; transition: all 300ms ease 0s; position: relative; line-height: 20px;\">Auriculares incluidos<\/li>\n<\/ul>\n<p>Pretty Love fabrica productos de alta calidad. Tienen 1 a\u00f1o de garant\u00eda en defectos t\u00e9cnicos.<\/p>","protected":false},"excerpt":{"rendered":"<p>PRETTY LOVE MARISSA MALE MASTURBATOR VIBRATION, HEATING, SEX TALK AND LICKING<\/p>","protected":false},"featured_media":73308,"comment_status":"open","ping_status":"closed","template":"","meta":{"_monsterinsights_skip_tracking":false,"_monsterinsights_sitenote_active":false,"_monsterinsights_sitenote_note":"","_monsterinsights_sitenote_category":0,"_joinchat":[]},"product_brand":[],"product_cat":[1152,1160,1167],"product_tag":[],"class_list":{"0":"post-73307","1":"product","2":"type-product","3":"status-publish","4":"has-post-thumbnail","6":"product_cat-juguetes-bienestar","7":"product_cat-juguetes-bienestar-juguetes-para-hombres","8":"product_cat-juguetes-bienestar-juguetes-para-hombresmasturbadores-para-ellos","9":"yith_product_brand-pretty-love","10":"yith_product_brand-pretty-lovepretty-love-male","12":"first","13":"instock","14":"taxable","15":"shipping-taxable","16":"purchasable","17":"product-type-simple"},"aioseo_notices":[],"_links":{"self":[{"href":"https:\/\/www.mysexualfantasy.eu\/en\/wp-json\/wp\/v2\/product\/73307","targetHints":{"allow":["GET"]}}],"collection":[{"href":"https:\/\/www.mysexualfantasy.eu\/en\/wp-json\/wp\/v2\/product"}],"about":[{"href":"https:\/\/www.mysexualfantasy.eu\/en\/wp-json\/wp\/v2\/types\/product"}],"replies":[{"embeddable":true,"href":"https:\/\/www.mysexualfantasy.eu\/en\/wp-json\/wp\/v2\/comments?post=73307"}],"wp:featuredmedia":[{"embeddable":true,"href":"https:\/\/www.mysexualfantasy.eu\/en\/wp-json\/wp\/v2\/media\/73308"}],"wp:attachment":[{"href":"https:\/\/www.mysexualfantasy.eu\/en\/wp-json\/wp\/v2\/media?parent=73307"}],"wp:term":[{"taxonomy":"product_brand","embeddable":true,"href":"https:\/\/www.mysexualfantasy.eu\/en\/wp-json\/wp\/v2\/product_brand?post=73307"},{"taxonomy":"product_cat","embeddable":true,"href":"https:\/\/www.mysexualfantasy.eu\/en\/wp-json\/wp\/v2\/product_cat?post=73307"},{"taxonomy":"product_tag","embeddable":true,"href":"https:\/\/www.mysexualfantasy.eu\/en\/wp-json\/wp\/v2\/product_tag?post=73307"}],"curies":[{"name":"wp","href":"https:\/\/api.w.org\/{rel}","templated":true}]}}