{"id":73331,"date":"2023-01-25T16:26:30","date_gmt":"2023-01-25T16:26:30","guid":{"rendered":"https:\/\/www.mysexualfantasy.eu\/?post_type=product&#038;p=73331"},"modified":"2023-12-06T16:10:44","modified_gmt":"2023-12-06T16:10:44","slug":"beautiful-encounter-buraq-dildo-realistico-flexible-24-cm-natural","status":"publish","type":"product","link":"https:\/\/www.mysexualfantasy.eu\/en\/product\/beautiful-encounter-buraq-dildo-realistico-flexible-24-cm-natural\/","title":{"rendered":"BEAUTIFUL ENCOUNTER BURAQ DILDO REALISTICO FLEXIBLE 24 CM &#8211; NATURAL"},"content":{"rendered":"<p style=\"line-height: 20.8px;\">Nuestra gama de consoladores realistas ha sido dise\u00f1ada para brindarte una experiencia realista inolvidable que es casi tan buena como la real. Este dildo es de gran tama\u00f1o y carnoso y cuenta con 15.5 cm de profundidad insertable. Cuenta con una ventosa en la base dise\u00f1ada para brindarte toda la estabilidad y penetraci\u00f3n que deseas.<\/p>\n<p><strong>Caracter\u00edsticas:<\/strong><\/p>\n<ul style=\"line-height: 20.8px;\">\n<li style=\"box-sizing: border-box; transition: all 300ms ease 0s; position: relative; line-height: 20px;\">Dise\u00f1o realista<\/li>\n<li style=\"box-sizing: border-box; transition: all 300ms ease 0s; position: relative; line-height: 20px;\">Con test\u00edculos<\/li>\n<li style=\"box-sizing: border-box; transition: all 300ms ease 0s; position: relative; line-height: 20px;\">Texturizado<\/li>\n<li style=\"box-sizing: border-box; transition: all 300ms ease 0s; position: relative; line-height: 20px;\">Con ventosa en la base<\/li>\n<li style=\"box-sizing: border-box; transition: all 300ms ease 0s; position: relative; line-height: 20px;\">Medidas totales: 24 cm x 4.6 cm<\/li>\n<li style=\"box-sizing: border-box; transition: all 300ms ease 0s; position: relative; line-height: 20px;\">Longitud insertable: 18 cm<\/li>\n<\/ul>\n<p style=\"line-height: 20.8px;\">\u00a0<\/p>\n<p style=\"line-height: 20.8px;\">Color Natural<\/p>\n<p style=\"line-height: 20.8px;\">\u00a1\u00a1\u00a1Vive nuevas experiencias!!!<\/p>","protected":false},"excerpt":{"rendered":"<p>BEAUTIFUL ENCOUNTER BURAQ REALISTIC AND FLEXIBLE DILDO 24 CM &#8211; FLESH<\/p>","protected":false},"featured_media":73332,"comment_status":"open","ping_status":"closed","template":"","meta":{"_monsterinsights_skip_tracking":false,"_monsterinsights_sitenote_active":false,"_monsterinsights_sitenote_note":"","_monsterinsights_sitenote_category":0,"_joinchat":[]},"product_brand":[],"product_cat":[1182,1304,1152,1155,1165,1188],"product_tag":[],"class_list":{"0":"post-73331","1":"product","2":"type-product","3":"status-publish","4":"has-post-thumbnail","6":"product_cat-juguetes-bienestar-dildos","7":"product_cat-juguetes-bienestar-dildosdildos-para-arneses","8":"product_cat-juguetes-bienestar","9":"product_cat-juguetes-bienestar-juguetes-para-mujeres","10":"product_cat-juguetes-bienestar-juguetes-para-mujeresmasturbadores-para-ellas","11":"product_cat-juguetes-bienestar-dildospenes-realisticos","12":"yith_product_brand-baile","13":"yith_product_brand-bailebaile-dildos","15":"first","16":"instock","17":"taxable","18":"shipping-taxable","19":"purchasable","20":"product-type-simple"},"aioseo_notices":[],"_links":{"self":[{"href":"https:\/\/www.mysexualfantasy.eu\/en\/wp-json\/wp\/v2\/product\/73331","targetHints":{"allow":["GET"]}}],"collection":[{"href":"https:\/\/www.mysexualfantasy.eu\/en\/wp-json\/wp\/v2\/product"}],"about":[{"href":"https:\/\/www.mysexualfantasy.eu\/en\/wp-json\/wp\/v2\/types\/product"}],"replies":[{"embeddable":true,"href":"https:\/\/www.mysexualfantasy.eu\/en\/wp-json\/wp\/v2\/comments?post=73331"}],"wp:featuredmedia":[{"embeddable":true,"href":"https:\/\/www.mysexualfantasy.eu\/en\/wp-json\/wp\/v2\/media\/73332"}],"wp:attachment":[{"href":"https:\/\/www.mysexualfantasy.eu\/en\/wp-json\/wp\/v2\/media?parent=73331"}],"wp:term":[{"taxonomy":"product_brand","embeddable":true,"href":"https:\/\/www.mysexualfantasy.eu\/en\/wp-json\/wp\/v2\/product_brand?post=73331"},{"taxonomy":"product_cat","embeddable":true,"href":"https:\/\/www.mysexualfantasy.eu\/en\/wp-json\/wp\/v2\/product_cat?post=73331"},{"taxonomy":"product_tag","embeddable":true,"href":"https:\/\/www.mysexualfantasy.eu\/en\/wp-json\/wp\/v2\/product_tag?post=73331"}],"curies":[{"name":"wp","href":"https:\/\/api.w.org\/{rel}","templated":true}]}}