{"id":73343,"date":"2023-01-25T16:26:34","date_gmt":"2023-01-25T16:26:34","guid":{"rendered":"https:\/\/www.mysexualfantasy.eu\/?post_type=product&#038;p=73343"},"modified":"2023-12-06T15:51:59","modified_gmt":"2023-12-06T15:51:59","slug":"beautiful-encounter-bahamut-vibracion-y-rotacion-21-8-cm-natural","status":"publish","type":"product","link":"https:\/\/www.mysexualfantasy.eu\/en\/product\/beautiful-encounter-bahamut-vibracion-y-rotacion-21-8-cm-natural\/","title":{"rendered":"BEAUTIFUL ENCOUNTER BAHAMUT VIBRACION 21.8 CM &#8211; NATURAL"},"content":{"rendered":"<p>Disfruta con un consolador realista cuando quieras.<\/p>\n<p>Est\u00e1 hecho de material TPR de alta calidad que imita a la perfecci\u00f3n la piel humana.<\/p>\n<p>Su exterior es suave y delicado, se adaptar\u00e1 perfectamente al interior de tu vagina.<\/p>\n<p>Tiene una fuerte base de vac\u00edo, puedes pegarlo en cualquier superficie lisa y disfrutarlo sin usar las manos.<\/p>\n<p>La longitud total del dildo es de 21,8 cm, la parte que se penetra tiene 14 cm de largo, mientras que el di\u00e1metro del dildo es de 4,6 cm.<\/p>\n<p>Tambi\u00e9n tiene vibraci\u00f3n, puedes controlar la fuerza de la vibraci\u00f3n usando el potenci\u00f3metro conectado al dildo por un cable.<\/p>\n<p>Funciona con 2 pilas AA.<\/p>\n<p>Para facilitar la penetraci\u00f3n y hacer a\u00fan m\u00e1s placentera la estimulaci\u00f3n, utilice uno de los lubricantes a base de agua.<\/p>","protected":false},"excerpt":{"rendered":"<p>BEAUTIFUL ENCOUNTER BAHAMUT THRUSTING  21.8 CM &#8211; FLESH<\/p>","protected":false},"featured_media":73344,"comment_status":"open","ping_status":"closed","template":"","meta":{"_monsterinsights_skip_tracking":false,"_monsterinsights_sitenote_active":false,"_monsterinsights_sitenote_note":"","_monsterinsights_sitenote_category":0,"_joinchat":[]},"product_brand":[],"product_cat":[1182,1304,1152,1188],"product_tag":[],"class_list":{"0":"post-73343","1":"product","2":"type-product","3":"status-publish","4":"has-post-thumbnail","6":"product_cat-juguetes-bienestar-dildos","7":"product_cat-juguetes-bienestar-dildosdildos-para-arneses","8":"product_cat-juguetes-bienestar","9":"product_cat-juguetes-bienestar-dildospenes-realisticos","10":"yith_product_brand-baile","11":"yith_product_brand-bailebaile-dildos","13":"first","14":"instock","15":"taxable","16":"shipping-taxable","17":"purchasable","18":"product-type-simple"},"aioseo_notices":[],"_links":{"self":[{"href":"https:\/\/www.mysexualfantasy.eu\/en\/wp-json\/wp\/v2\/product\/73343","targetHints":{"allow":["GET"]}}],"collection":[{"href":"https:\/\/www.mysexualfantasy.eu\/en\/wp-json\/wp\/v2\/product"}],"about":[{"href":"https:\/\/www.mysexualfantasy.eu\/en\/wp-json\/wp\/v2\/types\/product"}],"replies":[{"embeddable":true,"href":"https:\/\/www.mysexualfantasy.eu\/en\/wp-json\/wp\/v2\/comments?post=73343"}],"wp:featuredmedia":[{"embeddable":true,"href":"https:\/\/www.mysexualfantasy.eu\/en\/wp-json\/wp\/v2\/media\/73344"}],"wp:attachment":[{"href":"https:\/\/www.mysexualfantasy.eu\/en\/wp-json\/wp\/v2\/media?parent=73343"}],"wp:term":[{"taxonomy":"product_brand","embeddable":true,"href":"https:\/\/www.mysexualfantasy.eu\/en\/wp-json\/wp\/v2\/product_brand?post=73343"},{"taxonomy":"product_cat","embeddable":true,"href":"https:\/\/www.mysexualfantasy.eu\/en\/wp-json\/wp\/v2\/product_cat?post=73343"},{"taxonomy":"product_tag","embeddable":true,"href":"https:\/\/www.mysexualfantasy.eu\/en\/wp-json\/wp\/v2\/product_tag?post=73343"}],"curies":[{"name":"wp","href":"https:\/\/api.w.org\/{rel}","templated":true}]}}