{"id":73355,"date":"2023-01-25T16:26:38","date_gmt":"2023-01-25T16:26:38","guid":{"rendered":"https:\/\/www.mysexualfantasy.eu\/?post_type=product&#038;p=73355"},"modified":"2023-12-06T16:10:45","modified_gmt":"2023-12-06T16:10:45","slug":"beautiful-encounter-berqrisi-vibracion-y-rotacion-26-cm-natural","status":"publish","type":"product","link":"https:\/\/www.mysexualfantasy.eu\/en\/product\/beautiful-encounter-berqrisi-vibracion-y-rotacion-26-cm-natural\/","title":{"rendered":"BEAUTIFUL ENCOUNTER BERQRISI VIBRACION 26 CM &#8211; NATURAL"},"content":{"rendered":"<p>Disfruta con un consolador realista cuando quieras.<\/p>\n<p>Est\u00e1 hecho de material TPR de alta calidad que imita a la perfecci\u00f3n la piel humana.<\/p>\n<p>Su exterior es suave y delicado, se adaptar\u00e1 perfectamente al interior de tu vagina.<\/p>\n<p>Tiene una fuerte base de vac\u00edo, puedes pegarlo en cualquier superficie lisa y disfrutarlo sin usar las manos.<\/p>\n<p>La longitud total del dildo es de 26 cm, la parte que se penetra tiene 19 cm de largo, mientras que el di\u00e1metro del dildo es de 5.5 cm.<\/p>\n<p>Tambi\u00e9n tiene vibraci\u00f3n, puedes controlar la fuerza de la vibraci\u00f3n usando el potenci\u00f3metro conectado al dildo por un cable.<\/p>\n<p>Funciona con 2 pilas AA.<\/p>\n<p>Para facilitar la penetraci\u00f3n y hacer a\u00fan m\u00e1s placentera la estimulaci\u00f3n, utilice uno de los lubricantes a base de agua.<\/p>","protected":false},"excerpt":{"rendered":"<p>BEAUTIFUL ENCOUNTER BERQRISI THRUSTING 26 CM &#8211; FLESH<\/p>","protected":false},"featured_media":73356,"comment_status":"open","ping_status":"closed","template":"","meta":{"_monsterinsights_skip_tracking":false,"_monsterinsights_sitenote_active":false,"_monsterinsights_sitenote_note":"","_monsterinsights_sitenote_category":0,"_joinchat":[]},"product_brand":[],"product_cat":[1152,1155,1165,1153,1292,1295],"product_tag":[],"class_list":{"0":"post-73355","1":"product","2":"type-product","3":"status-publish","4":"has-post-thumbnail","6":"product_cat-juguetes-bienestar","7":"product_cat-juguetes-bienestar-juguetes-para-mujeres","8":"product_cat-juguetes-bienestar-juguetes-para-mujeresmasturbadores-para-ellas","9":"product_cat-juguetes-bienestar-vibradores","10":"product_cat-juguetes-bienestar-vibradoresvibradores-clasicos-anales-o-vaginales","11":"product_cat-juguetes-bienestar-vibradoresvibradores-realisticos","12":"yith_product_brand-baile","13":"yith_product_brand-bailebaile-dildos","15":"first","16":"instock","17":"taxable","18":"shipping-taxable","19":"purchasable","20":"product-type-simple"},"aioseo_notices":[],"_links":{"self":[{"href":"https:\/\/www.mysexualfantasy.eu\/en\/wp-json\/wp\/v2\/product\/73355","targetHints":{"allow":["GET"]}}],"collection":[{"href":"https:\/\/www.mysexualfantasy.eu\/en\/wp-json\/wp\/v2\/product"}],"about":[{"href":"https:\/\/www.mysexualfantasy.eu\/en\/wp-json\/wp\/v2\/types\/product"}],"replies":[{"embeddable":true,"href":"https:\/\/www.mysexualfantasy.eu\/en\/wp-json\/wp\/v2\/comments?post=73355"}],"wp:featuredmedia":[{"embeddable":true,"href":"https:\/\/www.mysexualfantasy.eu\/en\/wp-json\/wp\/v2\/media\/73356"}],"wp:attachment":[{"href":"https:\/\/www.mysexualfantasy.eu\/en\/wp-json\/wp\/v2\/media?parent=73355"}],"wp:term":[{"taxonomy":"product_brand","embeddable":true,"href":"https:\/\/www.mysexualfantasy.eu\/en\/wp-json\/wp\/v2\/product_brand?post=73355"},{"taxonomy":"product_cat","embeddable":true,"href":"https:\/\/www.mysexualfantasy.eu\/en\/wp-json\/wp\/v2\/product_cat?post=73355"},{"taxonomy":"product_tag","embeddable":true,"href":"https:\/\/www.mysexualfantasy.eu\/en\/wp-json\/wp\/v2\/product_tag?post=73355"}],"curies":[{"name":"wp","href":"https:\/\/api.w.org\/{rel}","templated":true}]}}