{"id":73384,"date":"2023-01-25T16:52:38","date_gmt":"2023-01-25T16:52:38","guid":{"rendered":"https:\/\/www.mysexualfantasy.eu\/?post_type=product&#038;p=73384"},"modified":"2023-12-06T16:10:41","modified_gmt":"2023-12-06T16:10:41","slug":"pretty-love-catalina-masajeador-free-app-lila","status":"publish","type":"product","link":"https:\/\/www.mysexualfantasy.eu\/en\/product\/pretty-love-catalina-masajeador-free-app-lila\/","title":{"rendered":"PRETTY LOVE CATALINA MASAJEADOR FREE APP &#8211; LILA"},"content":{"rendered":"<p>Disfruta de la plataforma de larga distancia con la serie Pretty Love App-Controlled. Lleve a su amante a su viaje de placer a trav\u00e9s del control de la aplicaci\u00f3n para que puedan jugar juntos, \u00a1desde la distancia! Alternativamente, entregue los controles a su amante de largo alcance para una intimidad sostenida de todo el mundo. Comparta su placer a trav\u00e9s de la funci\u00f3n de c\u00e1mara web interactiva. Deja que este producto sex-appeal acompa\u00f1e tus momentos de felicidad sexual. Juega con quien sea, est\u00e9s donde est\u00e9s, con el dise\u00f1o Controlado por App.<\/p>\n<p>Caracter\u00edsticas:<\/p>\n<ul>\n<li>Resistente al agua para divertirse dentro o fuera de la ducha<\/li>\n<li>Material: silicona<\/li>\n<li>Recargable por USB (cable incluido)<\/li>\n<li>4 funciones<\/li>\n<li>App-Controlled<\/li>\n<li>Modo autom\u00e1tico<\/li>\n<li>Modo de inmersi\u00f3n<\/li>\n<li>Modo de m\u00fasica<\/li>\n<li>Modo de control de larga distancia<\/li>\n<li>Haga clic e ingrese a la interfaz del modo deseado<\/li>\n<li>Funci\u00f3n de memoria<\/li>\n<li>Multijugador<\/li>\n<\/ul>\n<p>Pretty Love fabrica productos de alta calidad. Tienen 1 a\u00f1o de garant\u00eda en defectos t\u00e9cnicos.<\/p>","protected":false},"excerpt":{"rendered":"<p>PRETTY LOVE CATALINA MASSAGER FREE APP &#8211; PURPLE<\/p>","protected":false},"featured_media":73385,"comment_status":"open","ping_status":"closed","template":"","meta":{"_monsterinsights_skip_tracking":false,"_monsterinsights_sitenote_active":false,"_monsterinsights_sitenote_note":"","_monsterinsights_sitenote_category":0,"_joinchat":[]},"product_brand":[],"product_cat":[1156,1152,1155,1309,1153,1275],"product_tag":[],"class_list":{"0":"post-73384","1":"product","2":"type-product","3":"status-publish","4":"has-post-thumbnail","6":"product_cat-juguetes-bienestar-juguetes-para-mujeresestimuladores","7":"product_cat-juguetes-bienestar","8":"product_cat-juguetes-bienestar-juguetes-para-mujeres","9":"product_cat-juguetes-bienestar-juguetes-para-mujerespunto-g","10":"product_cat-juguetes-bienestar-vibradores","11":"product_cat-juguetes-bienestar-vibradoresvibradores-con-app","12":"yith_product_brand-pretty-love","13":"yith_product_brand-pretty-lovepretty-love-c-type","15":"first","16":"instock","17":"taxable","18":"shipping-taxable","19":"purchasable","20":"product-type-simple"},"aioseo_notices":[],"_links":{"self":[{"href":"https:\/\/www.mysexualfantasy.eu\/en\/wp-json\/wp\/v2\/product\/73384","targetHints":{"allow":["GET"]}}],"collection":[{"href":"https:\/\/www.mysexualfantasy.eu\/en\/wp-json\/wp\/v2\/product"}],"about":[{"href":"https:\/\/www.mysexualfantasy.eu\/en\/wp-json\/wp\/v2\/types\/product"}],"replies":[{"embeddable":true,"href":"https:\/\/www.mysexualfantasy.eu\/en\/wp-json\/wp\/v2\/comments?post=73384"}],"wp:featuredmedia":[{"embeddable":true,"href":"https:\/\/www.mysexualfantasy.eu\/en\/wp-json\/wp\/v2\/media\/73385"}],"wp:attachment":[{"href":"https:\/\/www.mysexualfantasy.eu\/en\/wp-json\/wp\/v2\/media?parent=73384"}],"wp:term":[{"taxonomy":"product_brand","embeddable":true,"href":"https:\/\/www.mysexualfantasy.eu\/en\/wp-json\/wp\/v2\/product_brand?post=73384"},{"taxonomy":"product_cat","embeddable":true,"href":"https:\/\/www.mysexualfantasy.eu\/en\/wp-json\/wp\/v2\/product_cat?post=73384"},{"taxonomy":"product_tag","embeddable":true,"href":"https:\/\/www.mysexualfantasy.eu\/en\/wp-json\/wp\/v2\/product_tag?post=73384"}],"curies":[{"name":"wp","href":"https:\/\/api.w.org\/{rel}","templated":true}]}}