{"id":73668,"date":"2023-01-31T18:48:30","date_gmt":"2023-01-31T18:48:30","guid":{"rendered":"https:\/\/www.mysexualfantasy.eu\/?post_type=product&#038;p=73668"},"modified":"2023-12-06T15:45:01","modified_gmt":"2023-12-06T15:45:01","slug":"pipedreams-extension-w-strap-1524-cm-skin","status":"publish","type":"product","link":"https:\/\/www.mysexualfantasy.eu\/en\/product\/pipedreams-extension-w-strap-1524-cm-skin\/","title":{"rendered":"FANTASY X- TENSIONS &#8211; PIPEDREAMS EXTENSION W STRAP 15,24 CM SKIN"},"content":{"rendered":"<p>Transforme instant\u00e1neamente su pene en una m\u00e1quina de placer con Fantasy X-Tensions Elite! Hecho de silicona de \u00e9lite ultra-higi\u00e9nica, esta manga de mejora de rendimiento se adapta a un guante y se siente como una segunda piel, dando a los usuarios una longitud adicional, una mayor circunferencia y la m\u00e1xima confianza. Satisface a su pareja y evite las decepciones vergonzosas de Midway con su nuevo arma secreta! Perfecto para personas con ED y Ansiedad de rendimiento, los potenciadores de \u00e9lite de Fantasy X-Tensions ofrecer\u00e1n resultados que ambos socios apreciar\u00e1n.<\/p>\n<p>Tu fantas\u00eda X-Tension Elite es s\u00faper elegante para acomodar la mayor\u00eda de los tama\u00f1os y lo suficientemente ajustado como para ayudarte a durar m\u00e1s. Su pareja disfrutar\u00e1 de una penetraci\u00f3n m\u00e1s profunda con el extensor extra\u00edble en la punta, mientras que la manga ultracrealista lo hace un 66% m\u00e1s grueso. La correa de bola flexible se envuelve firmemente alrededor de su saco para un ajuste c\u00f3modo y seguro que conduce a un acabado m\u00e1s largo y m\u00e1s satisfactorio. Este podr\u00eda ser t\u00fa!<\/p>\n<ul>\n<li>2 pulgadas 5.1 cm Extensor extra\u00edble<\/li>\n<li>suma hasta 66% de circunferencia<\/li>\n<li>Correa de bola flexible<\/li>\n<li>Silicona de \u00e9lite de alta calidad<\/li>\n<li>Texturas y detalles realistas<\/li>\n<li>estiras para adaptarse a la mayor\u00eda de los tama\u00f1os<\/li>\n<li>Perfecto para personas con ed<\/li>\n<\/ul>\n<p>ver en los \u00faltimos 20 a\u00f1os, Pipedream Products ha creado y desarrollado algunos de los productos novedosos m\u00e1s vendidos del mundo. Entre estos productos se encuentran juguetes y vibraciones realistas, pero tambi\u00e9n una amplia gama de gags, lociones, equipo fetiche y regalos.<\/p>","protected":false},"excerpt":{"rendered":"<p>FANTASY X- TENSIONS &#8211; PIPEDREAMS EXTENSION W STRAP 6 INCH SKIN<\/p>","protected":false},"featured_media":73669,"comment_status":"open","ping_status":"closed","template":"","meta":{"_monsterinsights_skip_tracking":false,"_monsterinsights_sitenote_active":false,"_monsterinsights_sitenote_note":"","_monsterinsights_sitenote_category":0,"_joinchat":[]},"product_brand":[],"product_cat":[1276,1170,1184,1277,1298,1152,1160],"product_tag":[],"class_list":{"0":"post-73668","1":"product","2":"type-product","3":"status-publish","4":"has-post-thumbnail","6":"product_cat-juguetes-bienestar-juguetes-para-hombresaccesorios-para-el-peneaccesorios-alargamiento-pene","7":"product_cat-juguetes-bienestar-juguetes-para-hombresaccesorios-para-el-pene","8":"product_cat-juguetes-bienestar-juguetes-para-hombresaccesorios-para-el-peneextensiones-para-el-pene","9":"product_cat-juguetes-bienestar-juguetes-para-hombresaccesorios-para-el-peneextensores-penes","10":"product_cat-juguetes-bienestar-juguetes-para-hombresaccesorios-para-el-penefundas","11":"product_cat-juguetes-bienestar","12":"product_cat-juguetes-bienestar-juguetes-para-hombres","13":"yith_product_brand-pipedreamsfantasy-x-tensions","14":"yith_product_brand-pipedreams","16":"first","17":"instock","18":"taxable","19":"shipping-taxable","20":"purchasable","21":"product-type-simple"},"aioseo_notices":[],"_links":{"self":[{"href":"https:\/\/www.mysexualfantasy.eu\/en\/wp-json\/wp\/v2\/product\/73668","targetHints":{"allow":["GET"]}}],"collection":[{"href":"https:\/\/www.mysexualfantasy.eu\/en\/wp-json\/wp\/v2\/product"}],"about":[{"href":"https:\/\/www.mysexualfantasy.eu\/en\/wp-json\/wp\/v2\/types\/product"}],"replies":[{"embeddable":true,"href":"https:\/\/www.mysexualfantasy.eu\/en\/wp-json\/wp\/v2\/comments?post=73668"}],"wp:featuredmedia":[{"embeddable":true,"href":"https:\/\/www.mysexualfantasy.eu\/en\/wp-json\/wp\/v2\/media\/73669"}],"wp:attachment":[{"href":"https:\/\/www.mysexualfantasy.eu\/en\/wp-json\/wp\/v2\/media?parent=73668"}],"wp:term":[{"taxonomy":"product_brand","embeddable":true,"href":"https:\/\/www.mysexualfantasy.eu\/en\/wp-json\/wp\/v2\/product_brand?post=73668"},{"taxonomy":"product_cat","embeddable":true,"href":"https:\/\/www.mysexualfantasy.eu\/en\/wp-json\/wp\/v2\/product_cat?post=73668"},{"taxonomy":"product_tag","embeddable":true,"href":"https:\/\/www.mysexualfantasy.eu\/en\/wp-json\/wp\/v2\/product_tag?post=73668"}],"curies":[{"name":"wp","href":"https:\/\/api.w.org\/{rel}","templated":true}]}}