{"id":73729,"date":"2023-02-01T18:39:02","date_gmt":"2023-02-01T18:39:02","guid":{"rendered":"https:\/\/www.mysexualfantasy.eu\/?post_type=product&#038;p=73729"},"modified":"2023-12-06T16:10:59","modified_gmt":"2023-12-06T16:10:59","slug":"pipedreams-curious-five-127-cm-verde","status":"publish","type":"product","link":"https:\/\/www.mysexualfantasy.eu\/en\/product\/pipedreams-curious-five-127-cm-verde\/","title":{"rendered":"DILLIO &#8211; CURIOUS FIVE 12,7 CM VERDE"},"content":{"rendered":"<p>La colecci\u00f3n Dillio Platinum est\u00e1 hecha con silicona curada por platino para el m\u00e1s alto grado de pureza. Esta silicona ultra limpia exhibe resistencia, durabilidad, flexibilidad y no reactividad con fluidos corporales y piel. A menudo es el material de elecci\u00f3n para dispositivos m\u00e9dicos debido a sus muchas caracter\u00edsticas sobresalientes. La s\u00f3lida taza de succi\u00f3n ofrece un rendimiento superior y le brinda m\u00e1s versatilidad y conveniencia durante el uso. Fue dise\u00f1ado espec\u00edficamente para ser utilizado con el muelle del cuerpo y otros arneses universales con tirantes. Cada Dillio Platinum est\u00e1 elaborado de manera responsable con materiales compatibles y se verifica cuidadosamente para que coincida con nuestras pautas de alta calidad. Puede disfrutar de cada obra maestra de Dillio Platinum con plena confianza!<\/p>\n<ul>\n<li>Hecho con la silicona curada con platino de la m\u00e1s alta calidad<\/li>\n<li>superficie lisa no pegajosa<\/li>\n<li>Base de taza de succi\u00f3n s\u00faper fuerte<\/li>\n<li>Ideal para todos los niveles de usuario!<\/li>\n<li>Compatible con el muelle del cuerpo y otros arneses de correa<\/li>\n<\/ul>\n<p>ver en los \u00faltimos 20 a\u00f1os, PipeDream Products ha creado y desarrollado algunos de los productos novedosos m\u00e1s vendidos del mundo. Entre estos productos se encuentran juguetes y vibraciones realistas, pero tambi\u00e9n una amplia gama de gags, lociones, equipo fetiche y regalos.<\/p>","protected":false},"excerpt":{"rendered":"<p>DILLIO &#8211; CURIOUS FIVE 5 INCH GREEN<\/p>","protected":false},"featured_media":73730,"comment_status":"open","ping_status":"closed","template":"","meta":{"_monsterinsights_skip_tracking":false,"_monsterinsights_sitenote_active":false,"_monsterinsights_sitenote_note":"","_monsterinsights_sitenote_category":0,"_joinchat":[]},"product_brand":[],"product_cat":[1182,1304,1303,1152,1155,1165,1260,1309],"product_tag":[],"class_list":{"0":"post-73729","1":"product","2":"type-product","3":"status-publish","4":"has-post-thumbnail","6":"product_cat-juguetes-bienestar-dildos","7":"product_cat-juguetes-bienestar-dildosdildos-para-arneses","8":"product_cat-juguetes-bienestar-dildosdildos-punto-g","9":"product_cat-juguetes-bienestar","10":"product_cat-juguetes-bienestar-juguetes-para-mujeres","11":"product_cat-juguetes-bienestar-juguetes-para-mujeresmasturbadores-para-ellas","12":"product_cat-juguetes-bienestar-dildospenes","13":"product_cat-juguetes-bienestar-juguetes-para-mujerespunto-g","14":"yith_product_brand-pipedreamsdillio","15":"yith_product_brand-pipedreams","17":"first","18":"instock","19":"taxable","20":"shipping-taxable","21":"purchasable","22":"product-type-simple"},"aioseo_notices":[],"_links":{"self":[{"href":"https:\/\/www.mysexualfantasy.eu\/en\/wp-json\/wp\/v2\/product\/73729","targetHints":{"allow":["GET"]}}],"collection":[{"href":"https:\/\/www.mysexualfantasy.eu\/en\/wp-json\/wp\/v2\/product"}],"about":[{"href":"https:\/\/www.mysexualfantasy.eu\/en\/wp-json\/wp\/v2\/types\/product"}],"replies":[{"embeddable":true,"href":"https:\/\/www.mysexualfantasy.eu\/en\/wp-json\/wp\/v2\/comments?post=73729"}],"wp:featuredmedia":[{"embeddable":true,"href":"https:\/\/www.mysexualfantasy.eu\/en\/wp-json\/wp\/v2\/media\/73730"}],"wp:attachment":[{"href":"https:\/\/www.mysexualfantasy.eu\/en\/wp-json\/wp\/v2\/media?parent=73729"}],"wp:term":[{"taxonomy":"product_brand","embeddable":true,"href":"https:\/\/www.mysexualfantasy.eu\/en\/wp-json\/wp\/v2\/product_brand?post=73729"},{"taxonomy":"product_cat","embeddable":true,"href":"https:\/\/www.mysexualfantasy.eu\/en\/wp-json\/wp\/v2\/product_cat?post=73729"},{"taxonomy":"product_tag","embeddable":true,"href":"https:\/\/www.mysexualfantasy.eu\/en\/wp-json\/wp\/v2\/product_tag?post=73729"}],"curies":[{"name":"wp","href":"https:\/\/api.w.org\/{rel}","templated":true}]}}