{"id":73909,"date":"2023-02-07T01:44:50","date_gmt":"2023-02-07T01:44:50","guid":{"rendered":"https:\/\/www.mysexualfantasy.eu\/?post_type=product&#038;p=73909"},"modified":"2023-12-06T15:44:42","modified_gmt":"2023-12-06T15:44:42","slug":"tenga-bobble-magic-marbles-masturbador","status":"publish","type":"product","link":"https:\/\/www.mysexualfantasy.eu\/en\/product\/tenga-bobble-magic-marbles-masturbador\/","title":{"rendered":"TENGA BOBBLE MAGIC MARBLES MASTURBADOR"},"content":{"rendered":"<p>\u00a1Emprende un viaje lleno de emociones!<\/p>\n<p>\u00a1Presentamos el nuevo y din\u00e1mico TENGA Bobble!<\/p>\n<p>El TENGA Bobble ofrece un contraste de sensaciones suaves y din\u00e1micas gracias al elast\u00f3mero blando en forma de cubos y canicas m\u00e1s r\u00edgidos incrustados en su interior.<\/p>\n<p>\u00a1D\u00e9jate llevar con las sensaciones de rebote, choque y salto!<\/p>\n<p>La nueva tecnolog\u00eda de moldeo permite fijar piezas de elast\u00f3mero m\u00e1s firmes en el interior del material blando para lograr un tipo de estimulaci\u00f3n totalmente nuevo.<\/p>\n<p>El material ultrablando y altamente el\u00e1stico del TENGA Bobble se combina logrando sensaciones contrastadas.<\/p>\n<p>\u00a1El dise\u00f1o preciso y las avanzadas t\u00e9cnicas de moldeado han creado sensaciones nunca vistas!<\/p>\n<p>\u00a1Sienta los movimientos din\u00e1micos de 2 materiales en contraste!<\/p>\n<p>Ajustando la firmeza del agarre durante los movimientos, puedes experimentar plenamente el contraste de la estimulaci\u00f3n que ofrece la combinaci\u00f3n del material blando y de los componentes el\u00e1sticos en un mismo producto.<\/p>\n<p><strong>Magic Marbles<\/strong><\/p>\n<p>\u00a1Las canicas onduladas fluyendo y rodando en una avalancha de diversi\u00f3n!<\/p>\n<p>El cuerpo flexible, sumado con las Magic Marbles que rebotan, proporciona unas sensaciones divertidas y palpitantes.<\/p>\n<ul>\n<li>Tama\u00f1o (An \u00d7 L \u00d7 Al mm): 140 \u00d7 55 \u00d7 55<\/li>\n<li>Profundidad de inserci\u00f3n (mm): Aprox. 165<\/li>\n<li>Anchura de inserci\u00f3n (mm): Aprox. 45<\/li>\n<li>Peso (g): 245<\/li>\n<li>Otros datos: Reutilizable, Muestras de lubricante incluidas<\/li>\n<li>Materiales: Elast\u00f3mero, PP<\/li>\n<li>Lubricante: HOLE LOTION [REAL] (Rojo) Ingredientes: Agua, glicerina, poliacrilato de sodio, etanol, hidroxietilcelulosa, fenoxietanol, metilparabeno, EDTA-2Na, polisorbato 80, cocoato de sorbit\u00e1n, fragancia<\/li>\n<\/ul>","protected":false},"excerpt":{"rendered":"<p>TENGA BOBBLE MAGIC MARBLES MASTURBATOR<\/p>","protected":false},"featured_media":73910,"comment_status":"open","ping_status":"closed","template":"","meta":{"_monsterinsights_skip_tracking":false,"_monsterinsights_sitenote_active":false,"_monsterinsights_sitenote_note":"","_monsterinsights_sitenote_category":0,"_joinchat":[]},"product_brand":[],"product_cat":[1152,1160,1167],"product_tag":[],"class_list":{"0":"post-73909","1":"product","2":"type-product","3":"status-publish","4":"has-post-thumbnail","6":"product_cat-juguetes-bienestar","7":"product_cat-juguetes-bienestar-juguetes-para-hombres","8":"product_cat-juguetes-bienestar-juguetes-para-hombresmasturbadores-para-ellos","9":"yith_product_brand-tenga","11":"first","12":"instock","13":"taxable","14":"shipping-taxable","15":"purchasable","16":"product-type-simple"},"aioseo_notices":[],"_links":{"self":[{"href":"https:\/\/www.mysexualfantasy.eu\/en\/wp-json\/wp\/v2\/product\/73909","targetHints":{"allow":["GET"]}}],"collection":[{"href":"https:\/\/www.mysexualfantasy.eu\/en\/wp-json\/wp\/v2\/product"}],"about":[{"href":"https:\/\/www.mysexualfantasy.eu\/en\/wp-json\/wp\/v2\/types\/product"}],"replies":[{"embeddable":true,"href":"https:\/\/www.mysexualfantasy.eu\/en\/wp-json\/wp\/v2\/comments?post=73909"}],"wp:featuredmedia":[{"embeddable":true,"href":"https:\/\/www.mysexualfantasy.eu\/en\/wp-json\/wp\/v2\/media\/73910"}],"wp:attachment":[{"href":"https:\/\/www.mysexualfantasy.eu\/en\/wp-json\/wp\/v2\/media?parent=73909"}],"wp:term":[{"taxonomy":"product_brand","embeddable":true,"href":"https:\/\/www.mysexualfantasy.eu\/en\/wp-json\/wp\/v2\/product_brand?post=73909"},{"taxonomy":"product_cat","embeddable":true,"href":"https:\/\/www.mysexualfantasy.eu\/en\/wp-json\/wp\/v2\/product_cat?post=73909"},{"taxonomy":"product_tag","embeddable":true,"href":"https:\/\/www.mysexualfantasy.eu\/en\/wp-json\/wp\/v2\/product_tag?post=73909"}],"curies":[{"name":"wp","href":"https:\/\/api.w.org\/{rel}","templated":true}]}}