{"id":74013,"date":"2023-02-10T02:06:21","date_gmt":"2023-02-10T02:06:21","guid":{"rendered":"https:\/\/www.mysexualfantasy.eu\/?post_type=product&#038;p=74013"},"modified":"2023-12-06T16:10:51","modified_gmt":"2023-12-06T16:10:51","slug":"california-exotics-pixies-teaser-rosa","status":"publish","type":"product","link":"https:\/\/www.mysexualfantasy.eu\/en\/product\/california-exotics-pixies-teaser-rosa\/","title":{"rendered":"CALIFORNIA EXOTICS PIXIES TEASER ROSA"},"content":{"rendered":"<p>El teaser de Pixies de silicona l\u00edquida est\u00e1 dise\u00f1ado para ofrecer una sensaci\u00f3n de sacudida de rodilla a sus puntos de placer favoritos. La punta de placer sensualmente curvada, el dise\u00f1o de doble cara y las 10 velocidades emocionantes de vibraciones hacen que este sea el compa\u00f1ero de viaje perfecto. El masajeador curvo se ajusta en su mano para permitirle entregar tentalizaci\u00f3n precisa y emocionar con vibraciones contorneadas. Obtenga juguet\u00f3n con cada aumento de las 10 velocidades incrementales de vibraci\u00f3n con el bot\u00f3n de control de f\u00e1cil toque. Control sin esfuerzo El placer puro con un bot\u00f3n de silicona de f\u00e1cil toque y mantenga presionada durante 3 segundos para encenderse o desactivarse. La silicona l\u00edquida ultra-plush y la punta \u00fanica flexible son excelentes para explorar puntos dulces sensuales y puntos de placer \u00edntimos con facilidad. Con una forma suave y una superficie flexible, podr\u00e1 disfrutar de vibraciones emocionantes desde cualquier \u00e1ngulo que desee. Use el control suave de un solo bot\u00f3n para disfrutar de hasta 110 minutos de placer vibrante. Cargue su pasi\u00f3n en solo 1,5 horas conectando el cable USB proporcionado al puerto de carga de auto-selecci\u00f3n en la base del masajeador. El tama\u00f1o discreto del masajeador delgado lo convierte en el compa\u00f1ero de viaje perfecto, lo que le permite adoptar el placer radiante donde sea que te lleven tus fantas\u00edas. Velocidades de vibraci\u00f3n<\/p>\n<ul>\n<li>Silicona l\u00edquida: m\u00e1s suave, m\u00e1s suave, duradera e impermeable<\/li>\n<li>Se reanuda el chip de memoria de \u00faltima generaci\u00f3n en la \u00faltima funci\u00f3n utilizada<\/li>\n<li>Viajes de seguridad Funci\u00f3n de bloqueo: mantenga mantenga los 3 segundos para encender o apagar<\/li>\n<li>USB recargable &#8211; Cable de carga incluido<\/li>\n<li>Carga completa en 1.5 horas<\/li>\n<li>Funciona durante 55 minutos en lo alto Velocidad y 110 minutos a baja velocidad<\/li>\n<li>calexotics ha estado convirtiendo constantemente fantas\u00eda en realidad durante m\u00e1s de una d\u00e9cada. Con una atenci\u00f3n incomparable al detalle, la fundadora y propietaria de Calexotics, Susan Colvin, ha hecho que la marca de novedad ex\u00f3tica de California sea sin\u00f3nimo de juguetes para adultos de calidad. El hecho de que Calexotics es una empresa de propiedad y operaci\u00f3n femenina, no juega un papel peque\u00f1o en su ascenso mete\u00f3rico hasta la cima de la industria de juguetes para adultos y novedades.<\/li>\n<\/ul>","protected":false},"excerpt":{"rendered":"<p>CALIFORNIA EXOTICS PIXIES TEASER PINK<\/p>","protected":false},"featured_media":74014,"comment_status":"open","ping_status":"closed","template":"","meta":{"_monsterinsights_skip_tracking":false,"_monsterinsights_sitenote_active":false,"_monsterinsights_sitenote_note":"","_monsterinsights_sitenote_category":0,"_joinchat":[]},"product_brand":[],"product_cat":[1193,1156,1152,1155,1165,1153],"product_tag":[],"class_list":{"0":"post-74013","1":"product","2":"type-product","3":"status-publish","4":"has-post-thumbnail","6":"product_cat-juguetes-bienestar-vibradores100-sumergible","7":"product_cat-juguetes-bienestar-juguetes-para-mujeresestimuladores","8":"product_cat-juguetes-bienestar","9":"product_cat-juguetes-bienestar-juguetes-para-mujeres","10":"product_cat-juguetes-bienestar-juguetes-para-mujeresmasturbadores-para-ellas","11":"product_cat-juguetes-bienestar-vibradores","12":"yith_product_brand-california-exotics","14":"first","15":"instock","16":"taxable","17":"shipping-taxable","18":"purchasable","19":"product-type-simple"},"aioseo_notices":[],"_links":{"self":[{"href":"https:\/\/www.mysexualfantasy.eu\/en\/wp-json\/wp\/v2\/product\/74013","targetHints":{"allow":["GET"]}}],"collection":[{"href":"https:\/\/www.mysexualfantasy.eu\/en\/wp-json\/wp\/v2\/product"}],"about":[{"href":"https:\/\/www.mysexualfantasy.eu\/en\/wp-json\/wp\/v2\/types\/product"}],"replies":[{"embeddable":true,"href":"https:\/\/www.mysexualfantasy.eu\/en\/wp-json\/wp\/v2\/comments?post=74013"}],"wp:featuredmedia":[{"embeddable":true,"href":"https:\/\/www.mysexualfantasy.eu\/en\/wp-json\/wp\/v2\/media\/74014"}],"wp:attachment":[{"href":"https:\/\/www.mysexualfantasy.eu\/en\/wp-json\/wp\/v2\/media?parent=74013"}],"wp:term":[{"taxonomy":"product_brand","embeddable":true,"href":"https:\/\/www.mysexualfantasy.eu\/en\/wp-json\/wp\/v2\/product_brand?post=74013"},{"taxonomy":"product_cat","embeddable":true,"href":"https:\/\/www.mysexualfantasy.eu\/en\/wp-json\/wp\/v2\/product_cat?post=74013"},{"taxonomy":"product_tag","embeddable":true,"href":"https:\/\/www.mysexualfantasy.eu\/en\/wp-json\/wp\/v2\/product_tag?post=74013"}],"curies":[{"name":"wp","href":"https:\/\/api.w.org\/{rel}","templated":true}]}}